{"id":6993,"date":"2024-01-01T13:43:14","date_gmt":"2024-01-01T18:43:14","guid":{"rendered":"https:\/\/publissoft.dev\/spasante\/?post_type=product&#038;p=6993"},"modified":"2024-02-01T09:13:14","modified_gmt":"2024-02-01T14:13:14","slug":"bela-md-peeling-vivier-peel","status":"publish","type":"product","link":"https:\/\/publissoft.dev\/spasante\/produit\/bela-md-peeling-vivier-peel\/","title":{"rendered":"Bela MD + Peeling Vivier Peel"},"content":{"rendered":"<p>Le traitement BELA MD+ est un appareil con\u00e7u pour tous les types de peau et permet de traiter plusieurs probl\u00e9matiques.\u00a0 Gr\u00e2ce \u00e0 la microdermabrasion au diamant, il permet d\u2019exfolier en profondeur donnant un teint plus lisse et \u00e9clatant. De plus, il permet une meilleure absorption des produits qui suivront.<\/p>\n<p>L\u2019hydrog\u00e9noth\u00e9rapie incluse, permet d\u2019infuser des s\u00e9rums actifs puissants dans la peau, ce qui a pour effet de r\u00e9duire le stress oxydatif et l\u2019inflammation, tout en hydratant et ravivant l\u2019\u00e9clat de la peau.<\/p>\n<p>Autre avantage de cet appareil, est qu\u2019il permet de stimuler et raffermir les muscles du visage et du cou, pour cr\u00e9er un effet tonifiant et liftant.<\/p>\n<p>+ Un traitement Vivier Peel permet une exfoliation contr\u00f4l\u00e9e de la peau endommag\u00e9e pour une meilleure p\u00e9n\u00e9tration des produits, une augmentation du taux de renouvellement cellulaire, une luminosit\u00e9 accrue et une peau plus lisse.<\/p>\n","protected":false},"excerpt":{"rendered":"<p>Le traitement BELA MD+ est un appareil con\u00e7u pour tous les types de peau et permet de traiter plusieurs probl\u00e9matiques.\u00a0 Gr\u00e2ce \u00e0 la microdermabrasion au diamant, il permet d\u2019exfolier en profondeur donnant un teint plus lisse et \u00e9clatant. De plus, il permet une meilleure absorption des produits qui suivront. L\u2019hydrog\u00e9noth\u00e9rapie incluse, permet d\u2019infuser des s\u00e9rums &hellip;<\/p>\n","protected":false},"featured_media":6890,"template":"","meta":{"_acf_changed":false,"_genesis_hide_title":false,"_genesis_hide_breadcrumbs":false,"_genesis_hide_singular_image":false,"_genesis_hide_footer_widgets":false,"_genesis_custom_body_class":"","_genesis_custom_post_class":"","_genesis_layout":""},"product_cat":[67],"product_tag":[],"giftcard-category":[],"class_list":{"0":"post-6993","1":"product","2":"type-product","3":"status-publish","4":"has-post-thumbnail","6":"product_cat-soin-du-visage","7":"entry","9":"first","10":"instock","11":"taxable","12":"shipping-taxable","13":"purchasable","14":"product-type-simple"},"acf":[],"yoast_head":"<!-- This site is optimized with the Yoast SEO plugin v22.5 - https:\/\/yoast.com\/wordpress\/plugins\/seo\/ -->\n<title>Bela MD + Peeling Vivier Peel - Spa Sant\u00e9 Le N\u00e9nuphar<\/title>\n<meta name=\"robots\" content=\"noindex, follow, max-snippet:-1, max-image-preview:large, max-video-preview:-1\" \/>\n<meta property=\"og:locale\" content=\"fr_CA\" \/>\n<meta property=\"og:type\" content=\"article\" \/>\n<meta property=\"og:title\" content=\"Bela MD + Peeling Vivier Peel - Spa Sant\u00e9 Le N\u00e9nuphar\" \/>\n<meta property=\"og:description\" content=\"Le traitement BELA MD+ est un appareil con\u00e7u pour tous les types de peau et permet de traiter plusieurs probl\u00e9matiques.\u00a0 Gr\u00e2ce \u00e0 la microdermabrasion au diamant, il permet d\u2019exfolier en profondeur donnant un teint plus lisse et \u00e9clatant. De plus, il permet une meilleure absorption des produits qui suivront. L\u2019hydrog\u00e9noth\u00e9rapie incluse, permet d\u2019infuser des s\u00e9rums &hellip;\" \/>\n<meta property=\"og:url\" content=\"https:\/\/publissoft.dev\/spasante\/produit\/bela-md-peeling-vivier-peel\/\" \/>\n<meta property=\"og:site_name\" content=\"Spa Sant\u00e9 Le N\u00e9nuphar\" \/>\n<meta property=\"article:publisher\" content=\"https:\/\/www.facebook.com\/SpaSanteLeNenuphar\" \/>\n<meta property=\"article:modified_time\" content=\"2024-02-01T14:13:14+00:00\" \/>\n<meta property=\"og:image\" content=\"https:\/\/publissoft.dev\/spasante\/wp-content\/uploads\/2023\/12\/Capture-decran-le-2023-12-20-a-13.10.05.png\" \/>\n\t<meta property=\"og:image:width\" content=\"968\" \/>\n\t<meta property=\"og:image:height\" content=\"620\" \/>\n\t<meta property=\"og:image:type\" content=\"image\/png\" \/>\n<meta name=\"twitter:card\" content=\"summary_large_image\" \/>\n<meta name=\"twitter:label1\" content=\"Estimation du temps de lecture\" \/>\n\t<meta name=\"twitter:data1\" content=\"1 minute\" \/>\n<script type=\"application\/ld+json\" class=\"yoast-schema-graph\">{\"@context\":\"https:\/\/schema.org\",\"@graph\":[{\"@type\":\"WebPage\",\"@id\":\"https:\/\/publissoft.dev\/spasante\/produit\/bela-md-peeling-vivier-peel\/\",\"url\":\"https:\/\/publissoft.dev\/spasante\/produit\/bela-md-peeling-vivier-peel\/\",\"name\":\"Bela MD + Peeling Vivier Peel - Spa Sant\u00e9 Le N\u00e9nuphar\",\"isPartOf\":{\"@id\":\"https:\/\/publissoft.dev\/spasante\/#website\"},\"primaryImageOfPage\":{\"@id\":\"https:\/\/publissoft.dev\/spasante\/produit\/bela-md-peeling-vivier-peel\/#primaryimage\"},\"image\":{\"@id\":\"https:\/\/publissoft.dev\/spasante\/produit\/bela-md-peeling-vivier-peel\/#primaryimage\"},\"thumbnailUrl\":\"https:\/\/publissoft.dev\/spasante\/wp-content\/uploads\/2023\/12\/Capture-decran-le-2023-12-20-a-13.10.05.png\",\"datePublished\":\"2024-01-01T18:43:14+00:00\",\"dateModified\":\"2024-02-01T14:13:14+00:00\",\"breadcrumb\":{\"@id\":\"https:\/\/publissoft.dev\/spasante\/produit\/bela-md-peeling-vivier-peel\/#breadcrumb\"},\"inLanguage\":\"fr-CA\",\"potentialAction\":[{\"@type\":\"ReadAction\",\"target\":[\"https:\/\/publissoft.dev\/spasante\/produit\/bela-md-peeling-vivier-peel\/\"]}]},{\"@type\":\"ImageObject\",\"inLanguage\":\"fr-CA\",\"@id\":\"https:\/\/publissoft.dev\/spasante\/produit\/bela-md-peeling-vivier-peel\/#primaryimage\",\"url\":\"https:\/\/publissoft.dev\/spasante\/wp-content\/uploads\/2023\/12\/Capture-decran-le-2023-12-20-a-13.10.05.png\",\"contentUrl\":\"https:\/\/publissoft.dev\/spasante\/wp-content\/uploads\/2023\/12\/Capture-decran-le-2023-12-20-a-13.10.05.png\",\"width\":968,\"height\":620},{\"@type\":\"BreadcrumbList\",\"@id\":\"https:\/\/publissoft.dev\/spasante\/produit\/bela-md-peeling-vivier-peel\/#breadcrumb\",\"itemListElement\":[{\"@type\":\"ListItem\",\"position\":1,\"name\":\"Accueil\",\"item\":\"https:\/\/publissoft.dev\/spasante\/\"},{\"@type\":\"ListItem\",\"position\":2,\"name\":\"Boutique\",\"item\":\"https:\/\/publissoft.dev\/spasante\/boutique\/\"},{\"@type\":\"ListItem\",\"position\":3,\"name\":\"Bela MD + Peeling Vivier Peel\"}]},{\"@type\":\"WebSite\",\"@id\":\"https:\/\/publissoft.dev\/spasante\/#website\",\"url\":\"https:\/\/publissoft.dev\/spasante\/\",\"name\":\"Spa Sant\u00e9 Le N\u00e9nuphar\",\"description\":\"\",\"publisher\":{\"@id\":\"https:\/\/publissoft.dev\/spasante\/#organization\"},\"potentialAction\":[{\"@type\":\"SearchAction\",\"target\":{\"@type\":\"EntryPoint\",\"urlTemplate\":\"https:\/\/publissoft.dev\/spasante\/?s={search_term_string}\"},\"query-input\":\"required name=search_term_string\"}],\"inLanguage\":\"fr-CA\"},{\"@type\":\"Organization\",\"@id\":\"https:\/\/publissoft.dev\/spasante\/#organization\",\"name\":\"Spa Sant\u00e9 Le N\u00e9nuphar\",\"url\":\"https:\/\/publissoft.dev\/spasante\/\",\"logo\":{\"@type\":\"ImageObject\",\"inLanguage\":\"fr-CA\",\"@id\":\"https:\/\/publissoft.dev\/spasante\/#\/schema\/logo\/image\/\",\"url\":\"https:\/\/publissoft.dev\/spasante\/wp-content\/uploads\/2022\/11\/logo-jpg.jpeg\",\"contentUrl\":\"https:\/\/publissoft.dev\/spasante\/wp-content\/uploads\/2022\/11\/logo-jpg.jpeg\",\"width\":900,\"height\":900,\"caption\":\"Spa Sant\u00e9 Le N\u00e9nuphar\"},\"image\":{\"@id\":\"https:\/\/publissoft.dev\/spasante\/#\/schema\/logo\/image\/\"},\"sameAs\":[\"https:\/\/www.facebook.com\/SpaSanteLeNenuphar\",\"https:\/\/www.instagram.com\/spasantelenenuphar\/?hl=fr\"]}]}<\/script>\n<!-- \/ Yoast SEO plugin. -->","yoast_head_json":{"title":"Bela MD + Peeling Vivier Peel - Spa Sant\u00e9 Le N\u00e9nuphar","robots":{"index":"noindex","follow":"follow","max-snippet":"max-snippet:-1","max-image-preview":"max-image-preview:large","max-video-preview":"max-video-preview:-1"},"og_locale":"fr_CA","og_type":"article","og_title":"Bela MD + Peeling Vivier Peel - Spa Sant\u00e9 Le N\u00e9nuphar","og_description":"Le traitement BELA MD+ est un appareil con\u00e7u pour tous les types de peau et permet de traiter plusieurs probl\u00e9matiques.\u00a0 Gr\u00e2ce \u00e0 la microdermabrasion au diamant, il permet d\u2019exfolier en profondeur donnant un teint plus lisse et \u00e9clatant. De plus, il permet une meilleure absorption des produits qui suivront. L\u2019hydrog\u00e9noth\u00e9rapie incluse, permet d\u2019infuser des s\u00e9rums &hellip;","og_url":"https:\/\/publissoft.dev\/spasante\/produit\/bela-md-peeling-vivier-peel\/","og_site_name":"Spa Sant\u00e9 Le N\u00e9nuphar","article_publisher":"https:\/\/www.facebook.com\/SpaSanteLeNenuphar","article_modified_time":"2024-02-01T14:13:14+00:00","og_image":[{"width":968,"height":620,"url":"https:\/\/publissoft.dev\/spasante\/wp-content\/uploads\/2023\/12\/Capture-decran-le-2023-12-20-a-13.10.05.png","type":"image\/png"}],"twitter_card":"summary_large_image","twitter_misc":{"Estimation du temps de lecture":"1 minute"},"schema":{"@context":"https:\/\/schema.org","@graph":[{"@type":"WebPage","@id":"https:\/\/publissoft.dev\/spasante\/produit\/bela-md-peeling-vivier-peel\/","url":"https:\/\/publissoft.dev\/spasante\/produit\/bela-md-peeling-vivier-peel\/","name":"Bela MD + Peeling Vivier Peel - Spa Sant\u00e9 Le N\u00e9nuphar","isPartOf":{"@id":"https:\/\/publissoft.dev\/spasante\/#website"},"primaryImageOfPage":{"@id":"https:\/\/publissoft.dev\/spasante\/produit\/bela-md-peeling-vivier-peel\/#primaryimage"},"image":{"@id":"https:\/\/publissoft.dev\/spasante\/produit\/bela-md-peeling-vivier-peel\/#primaryimage"},"thumbnailUrl":"https:\/\/publissoft.dev\/spasante\/wp-content\/uploads\/2023\/12\/Capture-decran-le-2023-12-20-a-13.10.05.png","datePublished":"2024-01-01T18:43:14+00:00","dateModified":"2024-02-01T14:13:14+00:00","breadcrumb":{"@id":"https:\/\/publissoft.dev\/spasante\/produit\/bela-md-peeling-vivier-peel\/#breadcrumb"},"inLanguage":"fr-CA","potentialAction":[{"@type":"ReadAction","target":["https:\/\/publissoft.dev\/spasante\/produit\/bela-md-peeling-vivier-peel\/"]}]},{"@type":"ImageObject","inLanguage":"fr-CA","@id":"https:\/\/publissoft.dev\/spasante\/produit\/bela-md-peeling-vivier-peel\/#primaryimage","url":"https:\/\/publissoft.dev\/spasante\/wp-content\/uploads\/2023\/12\/Capture-decran-le-2023-12-20-a-13.10.05.png","contentUrl":"https:\/\/publissoft.dev\/spasante\/wp-content\/uploads\/2023\/12\/Capture-decran-le-2023-12-20-a-13.10.05.png","width":968,"height":620},{"@type":"BreadcrumbList","@id":"https:\/\/publissoft.dev\/spasante\/produit\/bela-md-peeling-vivier-peel\/#breadcrumb","itemListElement":[{"@type":"ListItem","position":1,"name":"Accueil","item":"https:\/\/publissoft.dev\/spasante\/"},{"@type":"ListItem","position":2,"name":"Boutique","item":"https:\/\/publissoft.dev\/spasante\/boutique\/"},{"@type":"ListItem","position":3,"name":"Bela MD + Peeling Vivier Peel"}]},{"@type":"WebSite","@id":"https:\/\/publissoft.dev\/spasante\/#website","url":"https:\/\/publissoft.dev\/spasante\/","name":"Spa Sant\u00e9 Le N\u00e9nuphar","description":"","publisher":{"@id":"https:\/\/publissoft.dev\/spasante\/#organization"},"potentialAction":[{"@type":"SearchAction","target":{"@type":"EntryPoint","urlTemplate":"https:\/\/publissoft.dev\/spasante\/?s={search_term_string}"},"query-input":"required name=search_term_string"}],"inLanguage":"fr-CA"},{"@type":"Organization","@id":"https:\/\/publissoft.dev\/spasante\/#organization","name":"Spa Sant\u00e9 Le N\u00e9nuphar","url":"https:\/\/publissoft.dev\/spasante\/","logo":{"@type":"ImageObject","inLanguage":"fr-CA","@id":"https:\/\/publissoft.dev\/spasante\/#\/schema\/logo\/image\/","url":"https:\/\/publissoft.dev\/spasante\/wp-content\/uploads\/2022\/11\/logo-jpg.jpeg","contentUrl":"https:\/\/publissoft.dev\/spasante\/wp-content\/uploads\/2022\/11\/logo-jpg.jpeg","width":900,"height":900,"caption":"Spa Sant\u00e9 Le N\u00e9nuphar"},"image":{"@id":"https:\/\/publissoft.dev\/spasante\/#\/schema\/logo\/image\/"},"sameAs":["https:\/\/www.facebook.com\/SpaSanteLeNenuphar","https:\/\/www.instagram.com\/spasantelenenuphar\/?hl=fr"]}]}},"_links":{"self":[{"href":"https:\/\/publissoft.dev\/spasante\/wp-json\/wp\/v2\/product\/6993","targetHints":{"allow":["GET"]}}],"collection":[{"href":"https:\/\/publissoft.dev\/spasante\/wp-json\/wp\/v2\/product"}],"about":[{"href":"https:\/\/publissoft.dev\/spasante\/wp-json\/wp\/v2\/types\/product"}],"wp:featuredmedia":[{"embeddable":true,"href":"https:\/\/publissoft.dev\/spasante\/wp-json\/wp\/v2\/media\/6890"}],"wp:attachment":[{"href":"https:\/\/publissoft.dev\/spasante\/wp-json\/wp\/v2\/media?parent=6993"}],"wp:term":[{"taxonomy":"product_cat","embeddable":true,"href":"https:\/\/publissoft.dev\/spasante\/wp-json\/wp\/v2\/product_cat?post=6993"},{"taxonomy":"product_tag","embeddable":true,"href":"https:\/\/publissoft.dev\/spasante\/wp-json\/wp\/v2\/product_tag?post=6993"},{"taxonomy":"giftcard-category","embeddable":true,"href":"https:\/\/publissoft.dev\/spasante\/wp-json\/wp\/v2\/giftcard-category?post=6993"}],"curies":[{"name":"wp","href":"https:\/\/api.w.org\/{rel}","templated":true}]}}