{"id":7026,"date":"2024-01-10T14:03:18","date_gmt":"2024-01-10T19:03:18","guid":{"rendered":"https:\/\/publissoft.dev\/spasante\/?post_type=product&#038;p=7026"},"modified":"2024-02-26T11:34:59","modified_gmt":"2024-02-26T16:34:59","slug":"dot-lil-brume-dambiance-et-literie-eucalyptus-et-lime","status":"publish","type":"product","link":"https:\/\/publissoft.dev\/spasante\/produit\/dot-lil-brume-dambiance-et-literie-eucalyptus-et-lime\/","title":{"rendered":"Dot &#038; lil &#8211; Brume d&#8217;ambiance et literie &#8211; Eucalyptus et lime"},"content":{"rendered":"<p>Vaporisez dans votre pi\u00e8ce pr\u00e9f\u00e9r\u00e9e ou sur vos draps pr\u00e9f\u00e9r\u00e9s pour une brise fra\u00eeche et fleurie.<\/p>\n<p>Notre parfum Eucalyptus &amp; Lime est frais et propre avec des notes d\u2019agrumes, et le fond camphr\u00e9 et menthol\u00e9 de l\u2019eucalyptus pour \u00e9quilibrer la l\u00e9g\u00e8ret\u00e9 de la lime verte. Notre fragrance Eucalyptus &amp; Lime respire le frais. La fragrance spa parfaite! Compos\u00e9 d&#8217;alcool, d&#8217;eau distill\u00e9e et d&#8217;un m\u00e9lange d&#8217;huiles essentielles.<\/p>\n<p>237 ml\/8 fl oz<\/p>\n","protected":false},"excerpt":{"rendered":"<p>Vaporisez dans votre pi\u00e8ce pr\u00e9f\u00e9r\u00e9e ou sur vos draps pr\u00e9f\u00e9r\u00e9s pour une brise fra\u00eeche et fleurie. Notre parfum Eucalyptus &amp; Lime est frais et propre avec des notes d\u2019agrumes, et le fond camphr\u00e9 et menthol\u00e9 de l\u2019eucalyptus pour \u00e9quilibrer la l\u00e9g\u00e8ret\u00e9 de la lime verte. Notre fragrance Eucalyptus &amp; Lime respire le frais. La fragrance &hellip;<\/p>\n","protected":false},"featured_media":7027,"template":"","meta":{"_acf_changed":false,"_genesis_hide_title":false,"_genesis_hide_breadcrumbs":false,"_genesis_hide_singular_image":false,"_genesis_hide_footer_widgets":false,"_genesis_custom_body_class":"","_genesis_custom_post_class":"","_genesis_layout":""},"product_cat":[23],"product_tag":[],"giftcard-category":[],"class_list":{"0":"post-7026","1":"product","2":"type-product","3":"status-publish","4":"has-post-thumbnail","6":"product_cat-dot-lil","7":"entry","9":"first","10":"outofstock","11":"taxable","12":"shipping-taxable","13":"purchasable","14":"product-type-simple"},"acf":[],"yoast_head":"<!-- This site is optimized with the Yoast SEO plugin v22.5 - https:\/\/yoast.com\/wordpress\/plugins\/seo\/ -->\n<title>Dot &amp; lil - Brume d&#039;ambiance et literie - Eucalyptus et lime - Spa Sant\u00e9 Le N\u00e9nuphar<\/title>\n<meta name=\"robots\" content=\"noindex, follow, max-snippet:-1, max-image-preview:large, max-video-preview:-1\" \/>\n<meta property=\"og:locale\" content=\"fr_CA\" \/>\n<meta property=\"og:type\" content=\"article\" \/>\n<meta property=\"og:title\" content=\"Dot &amp; lil - Brume d&#039;ambiance et literie - Eucalyptus et lime - Spa Sant\u00e9 Le N\u00e9nuphar\" \/>\n<meta property=\"og:description\" content=\"Vaporisez dans votre pi\u00e8ce pr\u00e9f\u00e9r\u00e9e ou sur vos draps pr\u00e9f\u00e9r\u00e9s pour une brise fra\u00eeche et fleurie. Notre parfum Eucalyptus &amp; Lime est frais et propre avec des notes d\u2019agrumes, et le fond camphr\u00e9 et menthol\u00e9 de l\u2019eucalyptus pour \u00e9quilibrer la l\u00e9g\u00e8ret\u00e9 de la lime verte. Notre fragrance Eucalyptus &amp; Lime respire le frais. La fragrance &hellip;\" \/>\n<meta property=\"og:url\" content=\"https:\/\/publissoft.dev\/spasante\/produit\/dot-lil-brume-dambiance-et-literie-eucalyptus-et-lime\/\" \/>\n<meta property=\"og:site_name\" content=\"Spa Sant\u00e9 Le N\u00e9nuphar\" \/>\n<meta property=\"article:publisher\" content=\"https:\/\/www.facebook.com\/SpaSanteLeNenuphar\" \/>\n<meta property=\"article:modified_time\" content=\"2024-02-26T16:34:59+00:00\" \/>\n<meta property=\"og:image\" content=\"https:\/\/publissoft.dev\/spasante\/wp-content\/uploads\/2024\/01\/Capture-decran-le-2024-01-10-a-14.02.12.png\" \/>\n\t<meta property=\"og:image:width\" content=\"1084\" \/>\n\t<meta property=\"og:image:height\" content=\"1186\" \/>\n\t<meta property=\"og:image:type\" content=\"image\/png\" \/>\n<meta name=\"twitter:card\" content=\"summary_large_image\" \/>\n<meta name=\"twitter:label1\" content=\"Estimation du temps de lecture\" \/>\n\t<meta name=\"twitter:data1\" content=\"1 minute\" \/>\n<script type=\"application\/ld+json\" class=\"yoast-schema-graph\">{\"@context\":\"https:\/\/schema.org\",\"@graph\":[{\"@type\":\"WebPage\",\"@id\":\"https:\/\/publissoft.dev\/spasante\/produit\/dot-lil-brume-dambiance-et-literie-eucalyptus-et-lime\/\",\"url\":\"https:\/\/publissoft.dev\/spasante\/produit\/dot-lil-brume-dambiance-et-literie-eucalyptus-et-lime\/\",\"name\":\"Dot & lil - Brume d'ambiance et literie - Eucalyptus et lime - Spa Sant\u00e9 Le N\u00e9nuphar\",\"isPartOf\":{\"@id\":\"https:\/\/publissoft.dev\/spasante\/#website\"},\"primaryImageOfPage\":{\"@id\":\"https:\/\/publissoft.dev\/spasante\/produit\/dot-lil-brume-dambiance-et-literie-eucalyptus-et-lime\/#primaryimage\"},\"image\":{\"@id\":\"https:\/\/publissoft.dev\/spasante\/produit\/dot-lil-brume-dambiance-et-literie-eucalyptus-et-lime\/#primaryimage\"},\"thumbnailUrl\":\"https:\/\/publissoft.dev\/spasante\/wp-content\/uploads\/2024\/01\/Capture-decran-le-2024-01-10-a-14.02.12.png\",\"datePublished\":\"2024-01-10T19:03:18+00:00\",\"dateModified\":\"2024-02-26T16:34:59+00:00\",\"breadcrumb\":{\"@id\":\"https:\/\/publissoft.dev\/spasante\/produit\/dot-lil-brume-dambiance-et-literie-eucalyptus-et-lime\/#breadcrumb\"},\"inLanguage\":\"fr-CA\",\"potentialAction\":[{\"@type\":\"ReadAction\",\"target\":[\"https:\/\/publissoft.dev\/spasante\/produit\/dot-lil-brume-dambiance-et-literie-eucalyptus-et-lime\/\"]}]},{\"@type\":\"ImageObject\",\"inLanguage\":\"fr-CA\",\"@id\":\"https:\/\/publissoft.dev\/spasante\/produit\/dot-lil-brume-dambiance-et-literie-eucalyptus-et-lime\/#primaryimage\",\"url\":\"https:\/\/publissoft.dev\/spasante\/wp-content\/uploads\/2024\/01\/Capture-decran-le-2024-01-10-a-14.02.12.png\",\"contentUrl\":\"https:\/\/publissoft.dev\/spasante\/wp-content\/uploads\/2024\/01\/Capture-decran-le-2024-01-10-a-14.02.12.png\",\"width\":1084,\"height\":1186},{\"@type\":\"BreadcrumbList\",\"@id\":\"https:\/\/publissoft.dev\/spasante\/produit\/dot-lil-brume-dambiance-et-literie-eucalyptus-et-lime\/#breadcrumb\",\"itemListElement\":[{\"@type\":\"ListItem\",\"position\":1,\"name\":\"Accueil\",\"item\":\"https:\/\/publissoft.dev\/spasante\/\"},{\"@type\":\"ListItem\",\"position\":2,\"name\":\"Boutique\",\"item\":\"https:\/\/publissoft.dev\/spasante\/boutique\/\"},{\"@type\":\"ListItem\",\"position\":3,\"name\":\"Dot &#038; lil &#8211; Brume d&#8217;ambiance et literie &#8211; Eucalyptus et lime\"}]},{\"@type\":\"WebSite\",\"@id\":\"https:\/\/publissoft.dev\/spasante\/#website\",\"url\":\"https:\/\/publissoft.dev\/spasante\/\",\"name\":\"Spa Sant\u00e9 Le N\u00e9nuphar\",\"description\":\"\",\"publisher\":{\"@id\":\"https:\/\/publissoft.dev\/spasante\/#organization\"},\"potentialAction\":[{\"@type\":\"SearchAction\",\"target\":{\"@type\":\"EntryPoint\",\"urlTemplate\":\"https:\/\/publissoft.dev\/spasante\/?s={search_term_string}\"},\"query-input\":\"required name=search_term_string\"}],\"inLanguage\":\"fr-CA\"},{\"@type\":\"Organization\",\"@id\":\"https:\/\/publissoft.dev\/spasante\/#organization\",\"name\":\"Spa Sant\u00e9 Le N\u00e9nuphar\",\"url\":\"https:\/\/publissoft.dev\/spasante\/\",\"logo\":{\"@type\":\"ImageObject\",\"inLanguage\":\"fr-CA\",\"@id\":\"https:\/\/publissoft.dev\/spasante\/#\/schema\/logo\/image\/\",\"url\":\"https:\/\/publissoft.dev\/spasante\/wp-content\/uploads\/2022\/11\/logo-jpg.jpeg\",\"contentUrl\":\"https:\/\/publissoft.dev\/spasante\/wp-content\/uploads\/2022\/11\/logo-jpg.jpeg\",\"width\":900,\"height\":900,\"caption\":\"Spa Sant\u00e9 Le N\u00e9nuphar\"},\"image\":{\"@id\":\"https:\/\/publissoft.dev\/spasante\/#\/schema\/logo\/image\/\"},\"sameAs\":[\"https:\/\/www.facebook.com\/SpaSanteLeNenuphar\",\"https:\/\/www.instagram.com\/spasantelenenuphar\/?hl=fr\"]}]}<\/script>\n<!-- \/ Yoast SEO plugin. -->","yoast_head_json":{"title":"Dot & lil - Brume d'ambiance et literie - Eucalyptus et lime - Spa Sant\u00e9 Le N\u00e9nuphar","robots":{"index":"noindex","follow":"follow","max-snippet":"max-snippet:-1","max-image-preview":"max-image-preview:large","max-video-preview":"max-video-preview:-1"},"og_locale":"fr_CA","og_type":"article","og_title":"Dot & lil - Brume d'ambiance et literie - Eucalyptus et lime - Spa Sant\u00e9 Le N\u00e9nuphar","og_description":"Vaporisez dans votre pi\u00e8ce pr\u00e9f\u00e9r\u00e9e ou sur vos draps pr\u00e9f\u00e9r\u00e9s pour une brise fra\u00eeche et fleurie. Notre parfum Eucalyptus &amp; Lime est frais et propre avec des notes d\u2019agrumes, et le fond camphr\u00e9 et menthol\u00e9 de l\u2019eucalyptus pour \u00e9quilibrer la l\u00e9g\u00e8ret\u00e9 de la lime verte. Notre fragrance Eucalyptus &amp; Lime respire le frais. La fragrance &hellip;","og_url":"https:\/\/publissoft.dev\/spasante\/produit\/dot-lil-brume-dambiance-et-literie-eucalyptus-et-lime\/","og_site_name":"Spa Sant\u00e9 Le N\u00e9nuphar","article_publisher":"https:\/\/www.facebook.com\/SpaSanteLeNenuphar","article_modified_time":"2024-02-26T16:34:59+00:00","og_image":[{"width":1084,"height":1186,"url":"https:\/\/publissoft.dev\/spasante\/wp-content\/uploads\/2024\/01\/Capture-decran-le-2024-01-10-a-14.02.12.png","type":"image\/png"}],"twitter_card":"summary_large_image","twitter_misc":{"Estimation du temps de lecture":"1 minute"},"schema":{"@context":"https:\/\/schema.org","@graph":[{"@type":"WebPage","@id":"https:\/\/publissoft.dev\/spasante\/produit\/dot-lil-brume-dambiance-et-literie-eucalyptus-et-lime\/","url":"https:\/\/publissoft.dev\/spasante\/produit\/dot-lil-brume-dambiance-et-literie-eucalyptus-et-lime\/","name":"Dot & lil - Brume d'ambiance et literie - Eucalyptus et lime - Spa Sant\u00e9 Le N\u00e9nuphar","isPartOf":{"@id":"https:\/\/publissoft.dev\/spasante\/#website"},"primaryImageOfPage":{"@id":"https:\/\/publissoft.dev\/spasante\/produit\/dot-lil-brume-dambiance-et-literie-eucalyptus-et-lime\/#primaryimage"},"image":{"@id":"https:\/\/publissoft.dev\/spasante\/produit\/dot-lil-brume-dambiance-et-literie-eucalyptus-et-lime\/#primaryimage"},"thumbnailUrl":"https:\/\/publissoft.dev\/spasante\/wp-content\/uploads\/2024\/01\/Capture-decran-le-2024-01-10-a-14.02.12.png","datePublished":"2024-01-10T19:03:18+00:00","dateModified":"2024-02-26T16:34:59+00:00","breadcrumb":{"@id":"https:\/\/publissoft.dev\/spasante\/produit\/dot-lil-brume-dambiance-et-literie-eucalyptus-et-lime\/#breadcrumb"},"inLanguage":"fr-CA","potentialAction":[{"@type":"ReadAction","target":["https:\/\/publissoft.dev\/spasante\/produit\/dot-lil-brume-dambiance-et-literie-eucalyptus-et-lime\/"]}]},{"@type":"ImageObject","inLanguage":"fr-CA","@id":"https:\/\/publissoft.dev\/spasante\/produit\/dot-lil-brume-dambiance-et-literie-eucalyptus-et-lime\/#primaryimage","url":"https:\/\/publissoft.dev\/spasante\/wp-content\/uploads\/2024\/01\/Capture-decran-le-2024-01-10-a-14.02.12.png","contentUrl":"https:\/\/publissoft.dev\/spasante\/wp-content\/uploads\/2024\/01\/Capture-decran-le-2024-01-10-a-14.02.12.png","width":1084,"height":1186},{"@type":"BreadcrumbList","@id":"https:\/\/publissoft.dev\/spasante\/produit\/dot-lil-brume-dambiance-et-literie-eucalyptus-et-lime\/#breadcrumb","itemListElement":[{"@type":"ListItem","position":1,"name":"Accueil","item":"https:\/\/publissoft.dev\/spasante\/"},{"@type":"ListItem","position":2,"name":"Boutique","item":"https:\/\/publissoft.dev\/spasante\/boutique\/"},{"@type":"ListItem","position":3,"name":"Dot &#038; lil &#8211; Brume d&#8217;ambiance et literie &#8211; Eucalyptus et lime"}]},{"@type":"WebSite","@id":"https:\/\/publissoft.dev\/spasante\/#website","url":"https:\/\/publissoft.dev\/spasante\/","name":"Spa Sant\u00e9 Le N\u00e9nuphar","description":"","publisher":{"@id":"https:\/\/publissoft.dev\/spasante\/#organization"},"potentialAction":[{"@type":"SearchAction","target":{"@type":"EntryPoint","urlTemplate":"https:\/\/publissoft.dev\/spasante\/?s={search_term_string}"},"query-input":"required name=search_term_string"}],"inLanguage":"fr-CA"},{"@type":"Organization","@id":"https:\/\/publissoft.dev\/spasante\/#organization","name":"Spa Sant\u00e9 Le N\u00e9nuphar","url":"https:\/\/publissoft.dev\/spasante\/","logo":{"@type":"ImageObject","inLanguage":"fr-CA","@id":"https:\/\/publissoft.dev\/spasante\/#\/schema\/logo\/image\/","url":"https:\/\/publissoft.dev\/spasante\/wp-content\/uploads\/2022\/11\/logo-jpg.jpeg","contentUrl":"https:\/\/publissoft.dev\/spasante\/wp-content\/uploads\/2022\/11\/logo-jpg.jpeg","width":900,"height":900,"caption":"Spa Sant\u00e9 Le N\u00e9nuphar"},"image":{"@id":"https:\/\/publissoft.dev\/spasante\/#\/schema\/logo\/image\/"},"sameAs":["https:\/\/www.facebook.com\/SpaSanteLeNenuphar","https:\/\/www.instagram.com\/spasantelenenuphar\/?hl=fr"]}]}},"_links":{"self":[{"href":"https:\/\/publissoft.dev\/spasante\/wp-json\/wp\/v2\/product\/7026","targetHints":{"allow":["GET"]}}],"collection":[{"href":"https:\/\/publissoft.dev\/spasante\/wp-json\/wp\/v2\/product"}],"about":[{"href":"https:\/\/publissoft.dev\/spasante\/wp-json\/wp\/v2\/types\/product"}],"wp:featuredmedia":[{"embeddable":true,"href":"https:\/\/publissoft.dev\/spasante\/wp-json\/wp\/v2\/media\/7027"}],"wp:attachment":[{"href":"https:\/\/publissoft.dev\/spasante\/wp-json\/wp\/v2\/media?parent=7026"}],"wp:term":[{"taxonomy":"product_cat","embeddable":true,"href":"https:\/\/publissoft.dev\/spasante\/wp-json\/wp\/v2\/product_cat?post=7026"},{"taxonomy":"product_tag","embeddable":true,"href":"https:\/\/publissoft.dev\/spasante\/wp-json\/wp\/v2\/product_tag?post=7026"},{"taxonomy":"giftcard-category","embeddable":true,"href":"https:\/\/publissoft.dev\/spasante\/wp-json\/wp\/v2\/giftcard-category?post=7026"}],"curies":[{"name":"wp","href":"https:\/\/api.w.org\/{rel}","templated":true}]}}