{"id":7033,"date":"2024-01-10T14:15:52","date_gmt":"2024-01-10T19:15:52","guid":{"rendered":"https:\/\/publissoft.dev\/spasante\/?post_type=product&#038;p=7033"},"modified":"2024-01-10T14:16:53","modified_gmt":"2024-01-10T19:16:53","slug":"dot-lil-sel-de-bain-bergamote-et-petales-de-rose","status":"publish","type":"product","link":"https:\/\/publissoft.dev\/spasante\/produit\/dot-lil-sel-de-bain-bergamote-et-petales-de-rose\/","title":{"rendered":"Dot &#038; lil &#8211; Sels de bain &#8211; Bergamote et p\u00e9tales de rose"},"content":{"rendered":"<p>Nos sels de bain sont un m\u00e9lange de sel d&#8217;epsom, de v\u00e9ritables plantes et p\u00e9tales de fleurs, et d&#8217;huiles essentielles. Tr\u00e8s bon pour les douleurs musculaires et la relaxation. Pr\u00e9sent\u00e9s dans une grande bouteille en verre de style vintage.<\/p>\n<p>La bergamote est un parfum tr\u00e8s particulier qui associe des notes de base \u00e0 base de plantes \u00e0 des notes de t\u00eate \u00e9pic\u00e9es \u00e0 base d&#8217;agrumes. La bergamote est surtout connue comme l&#8217;ar\u00f4me principal du th\u00e9 Earl Grey. Il sent comme une tasse de th\u00e9 chaude par un jour de pluie.<\/p>\n<p>470 g\/16,6 oz<\/p>\n","protected":false},"excerpt":{"rendered":"<p>Nos sels de bain sont un m\u00e9lange de sel d&#8217;epsom, de v\u00e9ritables plantes et p\u00e9tales de fleurs, et d&#8217;huiles essentielles. Tr\u00e8s bon pour les douleurs musculaires et la relaxation. Pr\u00e9sent\u00e9s dans une grande bouteille en verre de style vintage. La bergamote est un parfum tr\u00e8s particulier qui associe des notes de base \u00e0 base de &hellip;<\/p>\n","protected":false},"featured_media":7034,"template":"","meta":{"_acf_changed":false,"_genesis_hide_title":false,"_genesis_hide_breadcrumbs":false,"_genesis_hide_singular_image":false,"_genesis_hide_footer_widgets":false,"_genesis_custom_body_class":"","_genesis_custom_post_class":"","_genesis_layout":""},"product_cat":[23],"product_tag":[],"giftcard-category":[],"class_list":{"0":"post-7033","1":"product","2":"type-product","3":"status-publish","4":"has-post-thumbnail","6":"product_cat-dot-lil","7":"entry","9":"first","10":"instock","11":"taxable","12":"shipping-taxable","13":"purchasable","14":"product-type-simple"},"acf":[],"yoast_head":"<!-- This site is optimized with the Yoast SEO plugin v22.5 - https:\/\/yoast.com\/wordpress\/plugins\/seo\/ -->\n<title>Dot &amp; lil - Sels de bain - Bergamote et p\u00e9tales de rose - Spa Sant\u00e9 Le N\u00e9nuphar<\/title>\n<meta name=\"robots\" content=\"noindex, follow, max-snippet:-1, max-image-preview:large, max-video-preview:-1\" \/>\n<meta property=\"og:locale\" content=\"fr_CA\" \/>\n<meta property=\"og:type\" content=\"article\" \/>\n<meta property=\"og:title\" content=\"Dot &amp; lil - Sels de bain - Bergamote et p\u00e9tales de rose - Spa Sant\u00e9 Le N\u00e9nuphar\" \/>\n<meta property=\"og:description\" content=\"Nos sels de bain sont un m\u00e9lange de sel d&#8217;epsom, de v\u00e9ritables plantes et p\u00e9tales de fleurs, et d&#8217;huiles essentielles. Tr\u00e8s bon pour les douleurs musculaires et la relaxation. Pr\u00e9sent\u00e9s dans une grande bouteille en verre de style vintage. La bergamote est un parfum tr\u00e8s particulier qui associe des notes de base \u00e0 base de &hellip;\" \/>\n<meta property=\"og:url\" content=\"https:\/\/publissoft.dev\/spasante\/produit\/dot-lil-sel-de-bain-bergamote-et-petales-de-rose\/\" \/>\n<meta property=\"og:site_name\" content=\"Spa Sant\u00e9 Le N\u00e9nuphar\" \/>\n<meta property=\"article:publisher\" content=\"https:\/\/www.facebook.com\/SpaSanteLeNenuphar\" \/>\n<meta property=\"article:modified_time\" content=\"2024-01-10T19:16:53+00:00\" \/>\n<meta property=\"og:image\" content=\"https:\/\/publissoft.dev\/spasante\/wp-content\/uploads\/2024\/01\/Capture-decran-le-2024-01-10-a-14.10.55.png\" \/>\n\t<meta property=\"og:image:width\" content=\"904\" \/>\n\t<meta property=\"og:image:height\" content=\"1252\" \/>\n\t<meta property=\"og:image:type\" content=\"image\/png\" \/>\n<meta name=\"twitter:card\" content=\"summary_large_image\" \/>\n<meta name=\"twitter:label1\" content=\"Estimation du temps de lecture\" \/>\n\t<meta name=\"twitter:data1\" content=\"1 minute\" \/>\n<script type=\"application\/ld+json\" class=\"yoast-schema-graph\">{\"@context\":\"https:\/\/schema.org\",\"@graph\":[{\"@type\":\"WebPage\",\"@id\":\"https:\/\/publissoft.dev\/spasante\/produit\/dot-lil-sel-de-bain-bergamote-et-petales-de-rose\/\",\"url\":\"https:\/\/publissoft.dev\/spasante\/produit\/dot-lil-sel-de-bain-bergamote-et-petales-de-rose\/\",\"name\":\"Dot & lil - Sels de bain - Bergamote et p\u00e9tales de rose - Spa Sant\u00e9 Le N\u00e9nuphar\",\"isPartOf\":{\"@id\":\"https:\/\/publissoft.dev\/spasante\/#website\"},\"primaryImageOfPage\":{\"@id\":\"https:\/\/publissoft.dev\/spasante\/produit\/dot-lil-sel-de-bain-bergamote-et-petales-de-rose\/#primaryimage\"},\"image\":{\"@id\":\"https:\/\/publissoft.dev\/spasante\/produit\/dot-lil-sel-de-bain-bergamote-et-petales-de-rose\/#primaryimage\"},\"thumbnailUrl\":\"https:\/\/publissoft.dev\/spasante\/wp-content\/uploads\/2024\/01\/Capture-decran-le-2024-01-10-a-14.10.55.png\",\"datePublished\":\"2024-01-10T19:15:52+00:00\",\"dateModified\":\"2024-01-10T19:16:53+00:00\",\"breadcrumb\":{\"@id\":\"https:\/\/publissoft.dev\/spasante\/produit\/dot-lil-sel-de-bain-bergamote-et-petales-de-rose\/#breadcrumb\"},\"inLanguage\":\"fr-CA\",\"potentialAction\":[{\"@type\":\"ReadAction\",\"target\":[\"https:\/\/publissoft.dev\/spasante\/produit\/dot-lil-sel-de-bain-bergamote-et-petales-de-rose\/\"]}]},{\"@type\":\"ImageObject\",\"inLanguage\":\"fr-CA\",\"@id\":\"https:\/\/publissoft.dev\/spasante\/produit\/dot-lil-sel-de-bain-bergamote-et-petales-de-rose\/#primaryimage\",\"url\":\"https:\/\/publissoft.dev\/spasante\/wp-content\/uploads\/2024\/01\/Capture-decran-le-2024-01-10-a-14.10.55.png\",\"contentUrl\":\"https:\/\/publissoft.dev\/spasante\/wp-content\/uploads\/2024\/01\/Capture-decran-le-2024-01-10-a-14.10.55.png\",\"width\":904,\"height\":1252},{\"@type\":\"BreadcrumbList\",\"@id\":\"https:\/\/publissoft.dev\/spasante\/produit\/dot-lil-sel-de-bain-bergamote-et-petales-de-rose\/#breadcrumb\",\"itemListElement\":[{\"@type\":\"ListItem\",\"position\":1,\"name\":\"Accueil\",\"item\":\"https:\/\/publissoft.dev\/spasante\/\"},{\"@type\":\"ListItem\",\"position\":2,\"name\":\"Boutique\",\"item\":\"https:\/\/publissoft.dev\/spasante\/boutique\/\"},{\"@type\":\"ListItem\",\"position\":3,\"name\":\"Dot &#038; lil &#8211; Sels de bain &#8211; Bergamote et p\u00e9tales de rose\"}]},{\"@type\":\"WebSite\",\"@id\":\"https:\/\/publissoft.dev\/spasante\/#website\",\"url\":\"https:\/\/publissoft.dev\/spasante\/\",\"name\":\"Spa Sant\u00e9 Le N\u00e9nuphar\",\"description\":\"\",\"publisher\":{\"@id\":\"https:\/\/publissoft.dev\/spasante\/#organization\"},\"potentialAction\":[{\"@type\":\"SearchAction\",\"target\":{\"@type\":\"EntryPoint\",\"urlTemplate\":\"https:\/\/publissoft.dev\/spasante\/?s={search_term_string}\"},\"query-input\":\"required name=search_term_string\"}],\"inLanguage\":\"fr-CA\"},{\"@type\":\"Organization\",\"@id\":\"https:\/\/publissoft.dev\/spasante\/#organization\",\"name\":\"Spa Sant\u00e9 Le N\u00e9nuphar\",\"url\":\"https:\/\/publissoft.dev\/spasante\/\",\"logo\":{\"@type\":\"ImageObject\",\"inLanguage\":\"fr-CA\",\"@id\":\"https:\/\/publissoft.dev\/spasante\/#\/schema\/logo\/image\/\",\"url\":\"https:\/\/publissoft.dev\/spasante\/wp-content\/uploads\/2022\/11\/logo-jpg.jpeg\",\"contentUrl\":\"https:\/\/publissoft.dev\/spasante\/wp-content\/uploads\/2022\/11\/logo-jpg.jpeg\",\"width\":900,\"height\":900,\"caption\":\"Spa Sant\u00e9 Le N\u00e9nuphar\"},\"image\":{\"@id\":\"https:\/\/publissoft.dev\/spasante\/#\/schema\/logo\/image\/\"},\"sameAs\":[\"https:\/\/www.facebook.com\/SpaSanteLeNenuphar\",\"https:\/\/www.instagram.com\/spasantelenenuphar\/?hl=fr\"]}]}<\/script>\n<!-- \/ Yoast SEO plugin. -->","yoast_head_json":{"title":"Dot & lil - Sels de bain - Bergamote et p\u00e9tales de rose - Spa Sant\u00e9 Le N\u00e9nuphar","robots":{"index":"noindex","follow":"follow","max-snippet":"max-snippet:-1","max-image-preview":"max-image-preview:large","max-video-preview":"max-video-preview:-1"},"og_locale":"fr_CA","og_type":"article","og_title":"Dot & lil - Sels de bain - Bergamote et p\u00e9tales de rose - Spa Sant\u00e9 Le N\u00e9nuphar","og_description":"Nos sels de bain sont un m\u00e9lange de sel d&#8217;epsom, de v\u00e9ritables plantes et p\u00e9tales de fleurs, et d&#8217;huiles essentielles. Tr\u00e8s bon pour les douleurs musculaires et la relaxation. Pr\u00e9sent\u00e9s dans une grande bouteille en verre de style vintage. La bergamote est un parfum tr\u00e8s particulier qui associe des notes de base \u00e0 base de &hellip;","og_url":"https:\/\/publissoft.dev\/spasante\/produit\/dot-lil-sel-de-bain-bergamote-et-petales-de-rose\/","og_site_name":"Spa Sant\u00e9 Le N\u00e9nuphar","article_publisher":"https:\/\/www.facebook.com\/SpaSanteLeNenuphar","article_modified_time":"2024-01-10T19:16:53+00:00","og_image":[{"width":904,"height":1252,"url":"https:\/\/publissoft.dev\/spasante\/wp-content\/uploads\/2024\/01\/Capture-decran-le-2024-01-10-a-14.10.55.png","type":"image\/png"}],"twitter_card":"summary_large_image","twitter_misc":{"Estimation du temps de lecture":"1 minute"},"schema":{"@context":"https:\/\/schema.org","@graph":[{"@type":"WebPage","@id":"https:\/\/publissoft.dev\/spasante\/produit\/dot-lil-sel-de-bain-bergamote-et-petales-de-rose\/","url":"https:\/\/publissoft.dev\/spasante\/produit\/dot-lil-sel-de-bain-bergamote-et-petales-de-rose\/","name":"Dot & lil - Sels de bain - Bergamote et p\u00e9tales de rose - Spa Sant\u00e9 Le N\u00e9nuphar","isPartOf":{"@id":"https:\/\/publissoft.dev\/spasante\/#website"},"primaryImageOfPage":{"@id":"https:\/\/publissoft.dev\/spasante\/produit\/dot-lil-sel-de-bain-bergamote-et-petales-de-rose\/#primaryimage"},"image":{"@id":"https:\/\/publissoft.dev\/spasante\/produit\/dot-lil-sel-de-bain-bergamote-et-petales-de-rose\/#primaryimage"},"thumbnailUrl":"https:\/\/publissoft.dev\/spasante\/wp-content\/uploads\/2024\/01\/Capture-decran-le-2024-01-10-a-14.10.55.png","datePublished":"2024-01-10T19:15:52+00:00","dateModified":"2024-01-10T19:16:53+00:00","breadcrumb":{"@id":"https:\/\/publissoft.dev\/spasante\/produit\/dot-lil-sel-de-bain-bergamote-et-petales-de-rose\/#breadcrumb"},"inLanguage":"fr-CA","potentialAction":[{"@type":"ReadAction","target":["https:\/\/publissoft.dev\/spasante\/produit\/dot-lil-sel-de-bain-bergamote-et-petales-de-rose\/"]}]},{"@type":"ImageObject","inLanguage":"fr-CA","@id":"https:\/\/publissoft.dev\/spasante\/produit\/dot-lil-sel-de-bain-bergamote-et-petales-de-rose\/#primaryimage","url":"https:\/\/publissoft.dev\/spasante\/wp-content\/uploads\/2024\/01\/Capture-decran-le-2024-01-10-a-14.10.55.png","contentUrl":"https:\/\/publissoft.dev\/spasante\/wp-content\/uploads\/2024\/01\/Capture-decran-le-2024-01-10-a-14.10.55.png","width":904,"height":1252},{"@type":"BreadcrumbList","@id":"https:\/\/publissoft.dev\/spasante\/produit\/dot-lil-sel-de-bain-bergamote-et-petales-de-rose\/#breadcrumb","itemListElement":[{"@type":"ListItem","position":1,"name":"Accueil","item":"https:\/\/publissoft.dev\/spasante\/"},{"@type":"ListItem","position":2,"name":"Boutique","item":"https:\/\/publissoft.dev\/spasante\/boutique\/"},{"@type":"ListItem","position":3,"name":"Dot &#038; lil &#8211; Sels de bain &#8211; Bergamote et p\u00e9tales de rose"}]},{"@type":"WebSite","@id":"https:\/\/publissoft.dev\/spasante\/#website","url":"https:\/\/publissoft.dev\/spasante\/","name":"Spa Sant\u00e9 Le N\u00e9nuphar","description":"","publisher":{"@id":"https:\/\/publissoft.dev\/spasante\/#organization"},"potentialAction":[{"@type":"SearchAction","target":{"@type":"EntryPoint","urlTemplate":"https:\/\/publissoft.dev\/spasante\/?s={search_term_string}"},"query-input":"required name=search_term_string"}],"inLanguage":"fr-CA"},{"@type":"Organization","@id":"https:\/\/publissoft.dev\/spasante\/#organization","name":"Spa Sant\u00e9 Le N\u00e9nuphar","url":"https:\/\/publissoft.dev\/spasante\/","logo":{"@type":"ImageObject","inLanguage":"fr-CA","@id":"https:\/\/publissoft.dev\/spasante\/#\/schema\/logo\/image\/","url":"https:\/\/publissoft.dev\/spasante\/wp-content\/uploads\/2022\/11\/logo-jpg.jpeg","contentUrl":"https:\/\/publissoft.dev\/spasante\/wp-content\/uploads\/2022\/11\/logo-jpg.jpeg","width":900,"height":900,"caption":"Spa Sant\u00e9 Le N\u00e9nuphar"},"image":{"@id":"https:\/\/publissoft.dev\/spasante\/#\/schema\/logo\/image\/"},"sameAs":["https:\/\/www.facebook.com\/SpaSanteLeNenuphar","https:\/\/www.instagram.com\/spasantelenenuphar\/?hl=fr"]}]}},"_links":{"self":[{"href":"https:\/\/publissoft.dev\/spasante\/wp-json\/wp\/v2\/product\/7033","targetHints":{"allow":["GET"]}}],"collection":[{"href":"https:\/\/publissoft.dev\/spasante\/wp-json\/wp\/v2\/product"}],"about":[{"href":"https:\/\/publissoft.dev\/spasante\/wp-json\/wp\/v2\/types\/product"}],"wp:featuredmedia":[{"embeddable":true,"href":"https:\/\/publissoft.dev\/spasante\/wp-json\/wp\/v2\/media\/7034"}],"wp:attachment":[{"href":"https:\/\/publissoft.dev\/spasante\/wp-json\/wp\/v2\/media?parent=7033"}],"wp:term":[{"taxonomy":"product_cat","embeddable":true,"href":"https:\/\/publissoft.dev\/spasante\/wp-json\/wp\/v2\/product_cat?post=7033"},{"taxonomy":"product_tag","embeddable":true,"href":"https:\/\/publissoft.dev\/spasante\/wp-json\/wp\/v2\/product_tag?post=7033"},{"taxonomy":"giftcard-category","embeddable":true,"href":"https:\/\/publissoft.dev\/spasante\/wp-json\/wp\/v2\/giftcard-category?post=7033"}],"curies":[{"name":"wp","href":"https:\/\/api.w.org\/{rel}","templated":true}]}}