{"id":7041,"date":"2024-01-10T14:32:56","date_gmt":"2024-01-10T19:32:56","guid":{"rendered":"https:\/\/publissoft.dev\/spasante\/?post_type=product&#038;p=7041"},"modified":"2024-01-10T14:34:05","modified_gmt":"2024-01-10T19:34:05","slug":"dot-lil-huile-parfumee-the-blanc-et-gingembre-2","status":"publish","type":"product","link":"https:\/\/publissoft.dev\/spasante\/produit\/dot-lil-huile-parfumee-the-blanc-et-gingembre-2\/","title":{"rendered":"Dot &#038; lil &#8211; Huile parfum\u00e9e &#8211; Th\u00e9 blanc et gingembre"},"content":{"rendered":"<p>Ce parfum Th\u00e9 Blanc &amp; Gingembre est un m\u00e9lange apaisant et r\u00e9confortant de notes de c\u0153ur de gingembre frais avec une base de th\u00e9 chaud. Un parfum doux, presque bois\u00e9, avec une touche de gingembre frais et p\u00e9tillant.<\/p>\n<p>Les parfums Dot &amp; Lil sont des huiles l\u00e9g\u00e8res qu\u2019on vaporise sur les points de pulsation. Ils sont absorb\u00e9es tr\u00e8s vite et laissent la peau soyeuse. Principalement des parfums pour le corps, ils peuvent \u00e9galement \u00eatre utilis\u00e9s dans un diffuseur d\u2019huile comme parfum d\u2019ambiance<\/p>\n","protected":false},"excerpt":{"rendered":"<p>Ce parfum Th\u00e9 Blanc &amp; Gingembre est un m\u00e9lange apaisant et r\u00e9confortant de notes de c\u0153ur de gingembre frais avec une base de th\u00e9 chaud. Un parfum doux, presque bois\u00e9, avec une touche de gingembre frais et p\u00e9tillant. Les parfums Dot &amp; Lil sont des huiles l\u00e9g\u00e8res qu\u2019on vaporise sur les points de pulsation. Ils &hellip;<\/p>\n","protected":false},"featured_media":7042,"template":"","meta":{"_acf_changed":false,"_genesis_hide_title":false,"_genesis_hide_breadcrumbs":false,"_genesis_hide_singular_image":false,"_genesis_hide_footer_widgets":false,"_genesis_custom_body_class":"","_genesis_custom_post_class":"","_genesis_layout":""},"product_cat":[23,46],"product_tag":[],"giftcard-category":[],"class_list":{"0":"post-7041","1":"product","2":"type-product","3":"status-publish","4":"has-post-thumbnail","6":"product_cat-dot-lil","7":"product_cat-tous","8":"entry","10":"first","11":"instock","12":"taxable","13":"shipping-taxable","14":"purchasable","15":"product-type-simple"},"acf":[],"yoast_head":"<!-- This site is optimized with the Yoast SEO plugin v22.5 - https:\/\/yoast.com\/wordpress\/plugins\/seo\/ -->\n<title>Dot &amp; lil - Huile parfum\u00e9e - Th\u00e9 blanc et gingembre - Spa Sant\u00e9 Le N\u00e9nuphar<\/title>\n<meta name=\"robots\" content=\"noindex, follow, max-snippet:-1, max-image-preview:large, max-video-preview:-1\" \/>\n<meta property=\"og:locale\" content=\"fr_CA\" \/>\n<meta property=\"og:type\" content=\"article\" \/>\n<meta property=\"og:title\" content=\"Dot &amp; lil - Huile parfum\u00e9e - Th\u00e9 blanc et gingembre - Spa Sant\u00e9 Le N\u00e9nuphar\" \/>\n<meta property=\"og:description\" content=\"Ce parfum Th\u00e9 Blanc &amp; Gingembre est un m\u00e9lange apaisant et r\u00e9confortant de notes de c\u0153ur de gingembre frais avec une base de th\u00e9 chaud. Un parfum doux, presque bois\u00e9, avec une touche de gingembre frais et p\u00e9tillant. Les parfums Dot &amp; Lil sont des huiles l\u00e9g\u00e8res qu\u2019on vaporise sur les points de pulsation. Ils &hellip;\" \/>\n<meta property=\"og:url\" content=\"https:\/\/publissoft.dev\/spasante\/produit\/dot-lil-huile-parfumee-the-blanc-et-gingembre-2\/\" \/>\n<meta property=\"og:site_name\" content=\"Spa Sant\u00e9 Le N\u00e9nuphar\" \/>\n<meta property=\"article:publisher\" content=\"https:\/\/www.facebook.com\/SpaSanteLeNenuphar\" \/>\n<meta property=\"article:modified_time\" content=\"2024-01-10T19:34:05+00:00\" \/>\n<meta property=\"og:image\" content=\"https:\/\/publissoft.dev\/spasante\/wp-content\/uploads\/2024\/01\/Capture-decran-le-2024-01-10-a-14.29.32.png\" \/>\n\t<meta property=\"og:image:width\" content=\"826\" \/>\n\t<meta property=\"og:image:height\" content=\"900\" \/>\n\t<meta property=\"og:image:type\" content=\"image\/png\" \/>\n<meta name=\"twitter:card\" content=\"summary_large_image\" \/>\n<meta name=\"twitter:label1\" content=\"Estimation du temps de lecture\" \/>\n\t<meta name=\"twitter:data1\" content=\"1 minute\" \/>\n<script type=\"application\/ld+json\" class=\"yoast-schema-graph\">{\"@context\":\"https:\/\/schema.org\",\"@graph\":[{\"@type\":\"WebPage\",\"@id\":\"https:\/\/publissoft.dev\/spasante\/produit\/dot-lil-huile-parfumee-the-blanc-et-gingembre-2\/\",\"url\":\"https:\/\/publissoft.dev\/spasante\/produit\/dot-lil-huile-parfumee-the-blanc-et-gingembre-2\/\",\"name\":\"Dot & lil - Huile parfum\u00e9e - Th\u00e9 blanc et gingembre - Spa Sant\u00e9 Le N\u00e9nuphar\",\"isPartOf\":{\"@id\":\"https:\/\/publissoft.dev\/spasante\/#website\"},\"primaryImageOfPage\":{\"@id\":\"https:\/\/publissoft.dev\/spasante\/produit\/dot-lil-huile-parfumee-the-blanc-et-gingembre-2\/#primaryimage\"},\"image\":{\"@id\":\"https:\/\/publissoft.dev\/spasante\/produit\/dot-lil-huile-parfumee-the-blanc-et-gingembre-2\/#primaryimage\"},\"thumbnailUrl\":\"https:\/\/publissoft.dev\/spasante\/wp-content\/uploads\/2024\/01\/Capture-decran-le-2024-01-10-a-14.29.32.png\",\"datePublished\":\"2024-01-10T19:32:56+00:00\",\"dateModified\":\"2024-01-10T19:34:05+00:00\",\"breadcrumb\":{\"@id\":\"https:\/\/publissoft.dev\/spasante\/produit\/dot-lil-huile-parfumee-the-blanc-et-gingembre-2\/#breadcrumb\"},\"inLanguage\":\"fr-CA\",\"potentialAction\":[{\"@type\":\"ReadAction\",\"target\":[\"https:\/\/publissoft.dev\/spasante\/produit\/dot-lil-huile-parfumee-the-blanc-et-gingembre-2\/\"]}]},{\"@type\":\"ImageObject\",\"inLanguage\":\"fr-CA\",\"@id\":\"https:\/\/publissoft.dev\/spasante\/produit\/dot-lil-huile-parfumee-the-blanc-et-gingembre-2\/#primaryimage\",\"url\":\"https:\/\/publissoft.dev\/spasante\/wp-content\/uploads\/2024\/01\/Capture-decran-le-2024-01-10-a-14.29.32.png\",\"contentUrl\":\"https:\/\/publissoft.dev\/spasante\/wp-content\/uploads\/2024\/01\/Capture-decran-le-2024-01-10-a-14.29.32.png\",\"width\":826,\"height\":900},{\"@type\":\"BreadcrumbList\",\"@id\":\"https:\/\/publissoft.dev\/spasante\/produit\/dot-lil-huile-parfumee-the-blanc-et-gingembre-2\/#breadcrumb\",\"itemListElement\":[{\"@type\":\"ListItem\",\"position\":1,\"name\":\"Accueil\",\"item\":\"https:\/\/publissoft.dev\/spasante\/\"},{\"@type\":\"ListItem\",\"position\":2,\"name\":\"Boutique\",\"item\":\"https:\/\/publissoft.dev\/spasante\/boutique\/\"},{\"@type\":\"ListItem\",\"position\":3,\"name\":\"Dot &#038; lil &#8211; Huile parfum\u00e9e &#8211; Th\u00e9 blanc et gingembre\"}]},{\"@type\":\"WebSite\",\"@id\":\"https:\/\/publissoft.dev\/spasante\/#website\",\"url\":\"https:\/\/publissoft.dev\/spasante\/\",\"name\":\"Spa Sant\u00e9 Le N\u00e9nuphar\",\"description\":\"\",\"publisher\":{\"@id\":\"https:\/\/publissoft.dev\/spasante\/#organization\"},\"potentialAction\":[{\"@type\":\"SearchAction\",\"target\":{\"@type\":\"EntryPoint\",\"urlTemplate\":\"https:\/\/publissoft.dev\/spasante\/?s={search_term_string}\"},\"query-input\":\"required name=search_term_string\"}],\"inLanguage\":\"fr-CA\"},{\"@type\":\"Organization\",\"@id\":\"https:\/\/publissoft.dev\/spasante\/#organization\",\"name\":\"Spa Sant\u00e9 Le N\u00e9nuphar\",\"url\":\"https:\/\/publissoft.dev\/spasante\/\",\"logo\":{\"@type\":\"ImageObject\",\"inLanguage\":\"fr-CA\",\"@id\":\"https:\/\/publissoft.dev\/spasante\/#\/schema\/logo\/image\/\",\"url\":\"https:\/\/publissoft.dev\/spasante\/wp-content\/uploads\/2022\/11\/logo-jpg.jpeg\",\"contentUrl\":\"https:\/\/publissoft.dev\/spasante\/wp-content\/uploads\/2022\/11\/logo-jpg.jpeg\",\"width\":900,\"height\":900,\"caption\":\"Spa Sant\u00e9 Le N\u00e9nuphar\"},\"image\":{\"@id\":\"https:\/\/publissoft.dev\/spasante\/#\/schema\/logo\/image\/\"},\"sameAs\":[\"https:\/\/www.facebook.com\/SpaSanteLeNenuphar\",\"https:\/\/www.instagram.com\/spasantelenenuphar\/?hl=fr\"]}]}<\/script>\n<!-- \/ Yoast SEO plugin. -->","yoast_head_json":{"title":"Dot & lil - Huile parfum\u00e9e - Th\u00e9 blanc et gingembre - Spa Sant\u00e9 Le N\u00e9nuphar","robots":{"index":"noindex","follow":"follow","max-snippet":"max-snippet:-1","max-image-preview":"max-image-preview:large","max-video-preview":"max-video-preview:-1"},"og_locale":"fr_CA","og_type":"article","og_title":"Dot & lil - Huile parfum\u00e9e - Th\u00e9 blanc et gingembre - Spa Sant\u00e9 Le N\u00e9nuphar","og_description":"Ce parfum Th\u00e9 Blanc &amp; Gingembre est un m\u00e9lange apaisant et r\u00e9confortant de notes de c\u0153ur de gingembre frais avec une base de th\u00e9 chaud. Un parfum doux, presque bois\u00e9, avec une touche de gingembre frais et p\u00e9tillant. Les parfums Dot &amp; Lil sont des huiles l\u00e9g\u00e8res qu\u2019on vaporise sur les points de pulsation. Ils &hellip;","og_url":"https:\/\/publissoft.dev\/spasante\/produit\/dot-lil-huile-parfumee-the-blanc-et-gingembre-2\/","og_site_name":"Spa Sant\u00e9 Le N\u00e9nuphar","article_publisher":"https:\/\/www.facebook.com\/SpaSanteLeNenuphar","article_modified_time":"2024-01-10T19:34:05+00:00","og_image":[{"width":826,"height":900,"url":"https:\/\/publissoft.dev\/spasante\/wp-content\/uploads\/2024\/01\/Capture-decran-le-2024-01-10-a-14.29.32.png","type":"image\/png"}],"twitter_card":"summary_large_image","twitter_misc":{"Estimation du temps de lecture":"1 minute"},"schema":{"@context":"https:\/\/schema.org","@graph":[{"@type":"WebPage","@id":"https:\/\/publissoft.dev\/spasante\/produit\/dot-lil-huile-parfumee-the-blanc-et-gingembre-2\/","url":"https:\/\/publissoft.dev\/spasante\/produit\/dot-lil-huile-parfumee-the-blanc-et-gingembre-2\/","name":"Dot & lil - Huile parfum\u00e9e - Th\u00e9 blanc et gingembre - Spa Sant\u00e9 Le N\u00e9nuphar","isPartOf":{"@id":"https:\/\/publissoft.dev\/spasante\/#website"},"primaryImageOfPage":{"@id":"https:\/\/publissoft.dev\/spasante\/produit\/dot-lil-huile-parfumee-the-blanc-et-gingembre-2\/#primaryimage"},"image":{"@id":"https:\/\/publissoft.dev\/spasante\/produit\/dot-lil-huile-parfumee-the-blanc-et-gingembre-2\/#primaryimage"},"thumbnailUrl":"https:\/\/publissoft.dev\/spasante\/wp-content\/uploads\/2024\/01\/Capture-decran-le-2024-01-10-a-14.29.32.png","datePublished":"2024-01-10T19:32:56+00:00","dateModified":"2024-01-10T19:34:05+00:00","breadcrumb":{"@id":"https:\/\/publissoft.dev\/spasante\/produit\/dot-lil-huile-parfumee-the-blanc-et-gingembre-2\/#breadcrumb"},"inLanguage":"fr-CA","potentialAction":[{"@type":"ReadAction","target":["https:\/\/publissoft.dev\/spasante\/produit\/dot-lil-huile-parfumee-the-blanc-et-gingembre-2\/"]}]},{"@type":"ImageObject","inLanguage":"fr-CA","@id":"https:\/\/publissoft.dev\/spasante\/produit\/dot-lil-huile-parfumee-the-blanc-et-gingembre-2\/#primaryimage","url":"https:\/\/publissoft.dev\/spasante\/wp-content\/uploads\/2024\/01\/Capture-decran-le-2024-01-10-a-14.29.32.png","contentUrl":"https:\/\/publissoft.dev\/spasante\/wp-content\/uploads\/2024\/01\/Capture-decran-le-2024-01-10-a-14.29.32.png","width":826,"height":900},{"@type":"BreadcrumbList","@id":"https:\/\/publissoft.dev\/spasante\/produit\/dot-lil-huile-parfumee-the-blanc-et-gingembre-2\/#breadcrumb","itemListElement":[{"@type":"ListItem","position":1,"name":"Accueil","item":"https:\/\/publissoft.dev\/spasante\/"},{"@type":"ListItem","position":2,"name":"Boutique","item":"https:\/\/publissoft.dev\/spasante\/boutique\/"},{"@type":"ListItem","position":3,"name":"Dot &#038; lil &#8211; Huile parfum\u00e9e &#8211; Th\u00e9 blanc et gingembre"}]},{"@type":"WebSite","@id":"https:\/\/publissoft.dev\/spasante\/#website","url":"https:\/\/publissoft.dev\/spasante\/","name":"Spa Sant\u00e9 Le N\u00e9nuphar","description":"","publisher":{"@id":"https:\/\/publissoft.dev\/spasante\/#organization"},"potentialAction":[{"@type":"SearchAction","target":{"@type":"EntryPoint","urlTemplate":"https:\/\/publissoft.dev\/spasante\/?s={search_term_string}"},"query-input":"required name=search_term_string"}],"inLanguage":"fr-CA"},{"@type":"Organization","@id":"https:\/\/publissoft.dev\/spasante\/#organization","name":"Spa Sant\u00e9 Le N\u00e9nuphar","url":"https:\/\/publissoft.dev\/spasante\/","logo":{"@type":"ImageObject","inLanguage":"fr-CA","@id":"https:\/\/publissoft.dev\/spasante\/#\/schema\/logo\/image\/","url":"https:\/\/publissoft.dev\/spasante\/wp-content\/uploads\/2022\/11\/logo-jpg.jpeg","contentUrl":"https:\/\/publissoft.dev\/spasante\/wp-content\/uploads\/2022\/11\/logo-jpg.jpeg","width":900,"height":900,"caption":"Spa Sant\u00e9 Le N\u00e9nuphar"},"image":{"@id":"https:\/\/publissoft.dev\/spasante\/#\/schema\/logo\/image\/"},"sameAs":["https:\/\/www.facebook.com\/SpaSanteLeNenuphar","https:\/\/www.instagram.com\/spasantelenenuphar\/?hl=fr"]}]}},"_links":{"self":[{"href":"https:\/\/publissoft.dev\/spasante\/wp-json\/wp\/v2\/product\/7041","targetHints":{"allow":["GET"]}}],"collection":[{"href":"https:\/\/publissoft.dev\/spasante\/wp-json\/wp\/v2\/product"}],"about":[{"href":"https:\/\/publissoft.dev\/spasante\/wp-json\/wp\/v2\/types\/product"}],"wp:featuredmedia":[{"embeddable":true,"href":"https:\/\/publissoft.dev\/spasante\/wp-json\/wp\/v2\/media\/7042"}],"wp:attachment":[{"href":"https:\/\/publissoft.dev\/spasante\/wp-json\/wp\/v2\/media?parent=7041"}],"wp:term":[{"taxonomy":"product_cat","embeddable":true,"href":"https:\/\/publissoft.dev\/spasante\/wp-json\/wp\/v2\/product_cat?post=7041"},{"taxonomy":"product_tag","embeddable":true,"href":"https:\/\/publissoft.dev\/spasante\/wp-json\/wp\/v2\/product_tag?post=7041"},{"taxonomy":"giftcard-category","embeddable":true,"href":"https:\/\/publissoft.dev\/spasante\/wp-json\/wp\/v2\/giftcard-category?post=7041"}],"curies":[{"name":"wp","href":"https:\/\/api.w.org\/{rel}","templated":true}]}}