{"id":7047,"date":"2024-01-10T14:53:43","date_gmt":"2024-01-10T19:53:43","guid":{"rendered":"https:\/\/publissoft.dev\/spasante\/?post_type=product&#038;p=7047"},"modified":"2024-01-11T09:12:55","modified_gmt":"2024-01-11T14:12:55","slug":"dot-lil-bougie-de-soya-the-blanc-et-gingembre","status":"publish","type":"product","link":"https:\/\/publissoft.dev\/spasante\/produit\/dot-lil-bougie-de-soya-the-blanc-et-gingembre\/","title":{"rendered":"Dot &#038; lil &#8211; Bougie de soya &#8211; Th\u00e9 blanc et gingembre"},"content":{"rendered":"<p>Chaque bougie est coul\u00e9e dans un pot en verre avec couvercle en m\u00e9tal, et pr\u00e9sent\u00e9e dans une jolie bo\u00eete. Ce nouveau format de 205 g br\u00fble environ 45 heures.<\/p>\n<p>Ce parfum Th\u00e9 Blanc &amp; Gingembre est un m\u00e9lange apaisant et r\u00e9confortant de notes de c\u0153ur de gingembre frais avec une base de th\u00e9 chaud. Un parfum doux, presque bois\u00e9, avec une touche de gingembre frais et p\u00e9tillant.<\/p>\n","protected":false},"excerpt":{"rendered":"<p>Chaque bougie est coul\u00e9e dans un pot en verre avec couvercle en m\u00e9tal, et pr\u00e9sent\u00e9e dans une jolie bo\u00eete. Ce nouveau format de 205 g br\u00fble environ 45 heures. Ce parfum Th\u00e9 Blanc &amp; Gingembre est un m\u00e9lange apaisant et r\u00e9confortant de notes de c\u0153ur de gingembre frais avec une base de th\u00e9 chaud. Un &hellip;<\/p>\n","protected":false},"featured_media":7048,"template":"","meta":{"_acf_changed":false,"_genesis_hide_title":false,"_genesis_hide_breadcrumbs":false,"_genesis_hide_singular_image":false,"_genesis_hide_footer_widgets":false,"_genesis_custom_body_class":"","_genesis_custom_post_class":"","_genesis_layout":""},"product_cat":[23],"product_tag":[],"giftcard-category":[],"class_list":{"0":"post-7047","1":"product","2":"type-product","3":"status-publish","4":"has-post-thumbnail","6":"product_cat-dot-lil","7":"entry","9":"first","10":"instock","11":"taxable","12":"shipping-taxable","13":"purchasable","14":"product-type-simple"},"acf":[],"yoast_head":"<!-- This site is optimized with the Yoast SEO plugin v22.5 - https:\/\/yoast.com\/wordpress\/plugins\/seo\/ -->\n<title>Dot &amp; lil - Bougie de soya - Th\u00e9 blanc et gingembre - Spa Sant\u00e9 Le N\u00e9nuphar<\/title>\n<meta name=\"robots\" content=\"noindex, follow, max-snippet:-1, max-image-preview:large, max-video-preview:-1\" \/>\n<meta property=\"og:locale\" content=\"fr_CA\" \/>\n<meta property=\"og:type\" content=\"article\" \/>\n<meta property=\"og:title\" content=\"Dot &amp; lil - Bougie de soya - Th\u00e9 blanc et gingembre - Spa Sant\u00e9 Le N\u00e9nuphar\" \/>\n<meta property=\"og:description\" content=\"Chaque bougie est coul\u00e9e dans un pot en verre avec couvercle en m\u00e9tal, et pr\u00e9sent\u00e9e dans une jolie bo\u00eete. Ce nouveau format de 205 g br\u00fble environ 45 heures. Ce parfum Th\u00e9 Blanc &amp; Gingembre est un m\u00e9lange apaisant et r\u00e9confortant de notes de c\u0153ur de gingembre frais avec une base de th\u00e9 chaud. Un &hellip;\" \/>\n<meta property=\"og:url\" content=\"https:\/\/publissoft.dev\/spasante\/produit\/dot-lil-bougie-de-soya-the-blanc-et-gingembre\/\" \/>\n<meta property=\"og:site_name\" content=\"Spa Sant\u00e9 Le N\u00e9nuphar\" \/>\n<meta property=\"article:publisher\" content=\"https:\/\/www.facebook.com\/SpaSanteLeNenuphar\" \/>\n<meta property=\"article:modified_time\" content=\"2024-01-11T14:12:55+00:00\" \/>\n<meta property=\"og:image\" content=\"https:\/\/publissoft.dev\/spasante\/wp-content\/uploads\/2024\/01\/Capture-decran-le-2024-01-10-a-14.49.28.png\" \/>\n\t<meta property=\"og:image:width\" content=\"1106\" \/>\n\t<meta property=\"og:image:height\" content=\"1150\" \/>\n\t<meta property=\"og:image:type\" content=\"image\/png\" \/>\n<meta name=\"twitter:card\" content=\"summary_large_image\" \/>\n<meta name=\"twitter:label1\" content=\"Estimation du temps de lecture\" \/>\n\t<meta name=\"twitter:data1\" content=\"1 minute\" \/>\n<script type=\"application\/ld+json\" class=\"yoast-schema-graph\">{\"@context\":\"https:\/\/schema.org\",\"@graph\":[{\"@type\":\"WebPage\",\"@id\":\"https:\/\/publissoft.dev\/spasante\/produit\/dot-lil-bougie-de-soya-the-blanc-et-gingembre\/\",\"url\":\"https:\/\/publissoft.dev\/spasante\/produit\/dot-lil-bougie-de-soya-the-blanc-et-gingembre\/\",\"name\":\"Dot & lil - Bougie de soya - Th\u00e9 blanc et gingembre - Spa Sant\u00e9 Le N\u00e9nuphar\",\"isPartOf\":{\"@id\":\"https:\/\/publissoft.dev\/spasante\/#website\"},\"primaryImageOfPage\":{\"@id\":\"https:\/\/publissoft.dev\/spasante\/produit\/dot-lil-bougie-de-soya-the-blanc-et-gingembre\/#primaryimage\"},\"image\":{\"@id\":\"https:\/\/publissoft.dev\/spasante\/produit\/dot-lil-bougie-de-soya-the-blanc-et-gingembre\/#primaryimage\"},\"thumbnailUrl\":\"https:\/\/publissoft.dev\/spasante\/wp-content\/uploads\/2024\/01\/Capture-decran-le-2024-01-10-a-14.49.28.png\",\"datePublished\":\"2024-01-10T19:53:43+00:00\",\"dateModified\":\"2024-01-11T14:12:55+00:00\",\"breadcrumb\":{\"@id\":\"https:\/\/publissoft.dev\/spasante\/produit\/dot-lil-bougie-de-soya-the-blanc-et-gingembre\/#breadcrumb\"},\"inLanguage\":\"fr-CA\",\"potentialAction\":[{\"@type\":\"ReadAction\",\"target\":[\"https:\/\/publissoft.dev\/spasante\/produit\/dot-lil-bougie-de-soya-the-blanc-et-gingembre\/\"]}]},{\"@type\":\"ImageObject\",\"inLanguage\":\"fr-CA\",\"@id\":\"https:\/\/publissoft.dev\/spasante\/produit\/dot-lil-bougie-de-soya-the-blanc-et-gingembre\/#primaryimage\",\"url\":\"https:\/\/publissoft.dev\/spasante\/wp-content\/uploads\/2024\/01\/Capture-decran-le-2024-01-10-a-14.49.28.png\",\"contentUrl\":\"https:\/\/publissoft.dev\/spasante\/wp-content\/uploads\/2024\/01\/Capture-decran-le-2024-01-10-a-14.49.28.png\",\"width\":1106,\"height\":1150},{\"@type\":\"BreadcrumbList\",\"@id\":\"https:\/\/publissoft.dev\/spasante\/produit\/dot-lil-bougie-de-soya-the-blanc-et-gingembre\/#breadcrumb\",\"itemListElement\":[{\"@type\":\"ListItem\",\"position\":1,\"name\":\"Accueil\",\"item\":\"https:\/\/publissoft.dev\/spasante\/\"},{\"@type\":\"ListItem\",\"position\":2,\"name\":\"Boutique\",\"item\":\"https:\/\/publissoft.dev\/spasante\/boutique\/\"},{\"@type\":\"ListItem\",\"position\":3,\"name\":\"Dot &#038; lil &#8211; Bougie de soya &#8211; Th\u00e9 blanc et gingembre\"}]},{\"@type\":\"WebSite\",\"@id\":\"https:\/\/publissoft.dev\/spasante\/#website\",\"url\":\"https:\/\/publissoft.dev\/spasante\/\",\"name\":\"Spa Sant\u00e9 Le N\u00e9nuphar\",\"description\":\"\",\"publisher\":{\"@id\":\"https:\/\/publissoft.dev\/spasante\/#organization\"},\"potentialAction\":[{\"@type\":\"SearchAction\",\"target\":{\"@type\":\"EntryPoint\",\"urlTemplate\":\"https:\/\/publissoft.dev\/spasante\/?s={search_term_string}\"},\"query-input\":\"required name=search_term_string\"}],\"inLanguage\":\"fr-CA\"},{\"@type\":\"Organization\",\"@id\":\"https:\/\/publissoft.dev\/spasante\/#organization\",\"name\":\"Spa Sant\u00e9 Le N\u00e9nuphar\",\"url\":\"https:\/\/publissoft.dev\/spasante\/\",\"logo\":{\"@type\":\"ImageObject\",\"inLanguage\":\"fr-CA\",\"@id\":\"https:\/\/publissoft.dev\/spasante\/#\/schema\/logo\/image\/\",\"url\":\"https:\/\/publissoft.dev\/spasante\/wp-content\/uploads\/2022\/11\/logo-jpg.jpeg\",\"contentUrl\":\"https:\/\/publissoft.dev\/spasante\/wp-content\/uploads\/2022\/11\/logo-jpg.jpeg\",\"width\":900,\"height\":900,\"caption\":\"Spa Sant\u00e9 Le N\u00e9nuphar\"},\"image\":{\"@id\":\"https:\/\/publissoft.dev\/spasante\/#\/schema\/logo\/image\/\"},\"sameAs\":[\"https:\/\/www.facebook.com\/SpaSanteLeNenuphar\",\"https:\/\/www.instagram.com\/spasantelenenuphar\/?hl=fr\"]}]}<\/script>\n<!-- \/ Yoast SEO plugin. -->","yoast_head_json":{"title":"Dot & lil - Bougie de soya - Th\u00e9 blanc et gingembre - Spa Sant\u00e9 Le N\u00e9nuphar","robots":{"index":"noindex","follow":"follow","max-snippet":"max-snippet:-1","max-image-preview":"max-image-preview:large","max-video-preview":"max-video-preview:-1"},"og_locale":"fr_CA","og_type":"article","og_title":"Dot & lil - Bougie de soya - Th\u00e9 blanc et gingembre - Spa Sant\u00e9 Le N\u00e9nuphar","og_description":"Chaque bougie est coul\u00e9e dans un pot en verre avec couvercle en m\u00e9tal, et pr\u00e9sent\u00e9e dans une jolie bo\u00eete. Ce nouveau format de 205 g br\u00fble environ 45 heures. Ce parfum Th\u00e9 Blanc &amp; Gingembre est un m\u00e9lange apaisant et r\u00e9confortant de notes de c\u0153ur de gingembre frais avec une base de th\u00e9 chaud. Un &hellip;","og_url":"https:\/\/publissoft.dev\/spasante\/produit\/dot-lil-bougie-de-soya-the-blanc-et-gingembre\/","og_site_name":"Spa Sant\u00e9 Le N\u00e9nuphar","article_publisher":"https:\/\/www.facebook.com\/SpaSanteLeNenuphar","article_modified_time":"2024-01-11T14:12:55+00:00","og_image":[{"width":1106,"height":1150,"url":"https:\/\/publissoft.dev\/spasante\/wp-content\/uploads\/2024\/01\/Capture-decran-le-2024-01-10-a-14.49.28.png","type":"image\/png"}],"twitter_card":"summary_large_image","twitter_misc":{"Estimation du temps de lecture":"1 minute"},"schema":{"@context":"https:\/\/schema.org","@graph":[{"@type":"WebPage","@id":"https:\/\/publissoft.dev\/spasante\/produit\/dot-lil-bougie-de-soya-the-blanc-et-gingembre\/","url":"https:\/\/publissoft.dev\/spasante\/produit\/dot-lil-bougie-de-soya-the-blanc-et-gingembre\/","name":"Dot & lil - Bougie de soya - Th\u00e9 blanc et gingembre - Spa Sant\u00e9 Le N\u00e9nuphar","isPartOf":{"@id":"https:\/\/publissoft.dev\/spasante\/#website"},"primaryImageOfPage":{"@id":"https:\/\/publissoft.dev\/spasante\/produit\/dot-lil-bougie-de-soya-the-blanc-et-gingembre\/#primaryimage"},"image":{"@id":"https:\/\/publissoft.dev\/spasante\/produit\/dot-lil-bougie-de-soya-the-blanc-et-gingembre\/#primaryimage"},"thumbnailUrl":"https:\/\/publissoft.dev\/spasante\/wp-content\/uploads\/2024\/01\/Capture-decran-le-2024-01-10-a-14.49.28.png","datePublished":"2024-01-10T19:53:43+00:00","dateModified":"2024-01-11T14:12:55+00:00","breadcrumb":{"@id":"https:\/\/publissoft.dev\/spasante\/produit\/dot-lil-bougie-de-soya-the-blanc-et-gingembre\/#breadcrumb"},"inLanguage":"fr-CA","potentialAction":[{"@type":"ReadAction","target":["https:\/\/publissoft.dev\/spasante\/produit\/dot-lil-bougie-de-soya-the-blanc-et-gingembre\/"]}]},{"@type":"ImageObject","inLanguage":"fr-CA","@id":"https:\/\/publissoft.dev\/spasante\/produit\/dot-lil-bougie-de-soya-the-blanc-et-gingembre\/#primaryimage","url":"https:\/\/publissoft.dev\/spasante\/wp-content\/uploads\/2024\/01\/Capture-decran-le-2024-01-10-a-14.49.28.png","contentUrl":"https:\/\/publissoft.dev\/spasante\/wp-content\/uploads\/2024\/01\/Capture-decran-le-2024-01-10-a-14.49.28.png","width":1106,"height":1150},{"@type":"BreadcrumbList","@id":"https:\/\/publissoft.dev\/spasante\/produit\/dot-lil-bougie-de-soya-the-blanc-et-gingembre\/#breadcrumb","itemListElement":[{"@type":"ListItem","position":1,"name":"Accueil","item":"https:\/\/publissoft.dev\/spasante\/"},{"@type":"ListItem","position":2,"name":"Boutique","item":"https:\/\/publissoft.dev\/spasante\/boutique\/"},{"@type":"ListItem","position":3,"name":"Dot &#038; lil &#8211; Bougie de soya &#8211; Th\u00e9 blanc et gingembre"}]},{"@type":"WebSite","@id":"https:\/\/publissoft.dev\/spasante\/#website","url":"https:\/\/publissoft.dev\/spasante\/","name":"Spa Sant\u00e9 Le N\u00e9nuphar","description":"","publisher":{"@id":"https:\/\/publissoft.dev\/spasante\/#organization"},"potentialAction":[{"@type":"SearchAction","target":{"@type":"EntryPoint","urlTemplate":"https:\/\/publissoft.dev\/spasante\/?s={search_term_string}"},"query-input":"required name=search_term_string"}],"inLanguage":"fr-CA"},{"@type":"Organization","@id":"https:\/\/publissoft.dev\/spasante\/#organization","name":"Spa Sant\u00e9 Le N\u00e9nuphar","url":"https:\/\/publissoft.dev\/spasante\/","logo":{"@type":"ImageObject","inLanguage":"fr-CA","@id":"https:\/\/publissoft.dev\/spasante\/#\/schema\/logo\/image\/","url":"https:\/\/publissoft.dev\/spasante\/wp-content\/uploads\/2022\/11\/logo-jpg.jpeg","contentUrl":"https:\/\/publissoft.dev\/spasante\/wp-content\/uploads\/2022\/11\/logo-jpg.jpeg","width":900,"height":900,"caption":"Spa Sant\u00e9 Le N\u00e9nuphar"},"image":{"@id":"https:\/\/publissoft.dev\/spasante\/#\/schema\/logo\/image\/"},"sameAs":["https:\/\/www.facebook.com\/SpaSanteLeNenuphar","https:\/\/www.instagram.com\/spasantelenenuphar\/?hl=fr"]}]}},"_links":{"self":[{"href":"https:\/\/publissoft.dev\/spasante\/wp-json\/wp\/v2\/product\/7047","targetHints":{"allow":["GET"]}}],"collection":[{"href":"https:\/\/publissoft.dev\/spasante\/wp-json\/wp\/v2\/product"}],"about":[{"href":"https:\/\/publissoft.dev\/spasante\/wp-json\/wp\/v2\/types\/product"}],"wp:featuredmedia":[{"embeddable":true,"href":"https:\/\/publissoft.dev\/spasante\/wp-json\/wp\/v2\/media\/7048"}],"wp:attachment":[{"href":"https:\/\/publissoft.dev\/spasante\/wp-json\/wp\/v2\/media?parent=7047"}],"wp:term":[{"taxonomy":"product_cat","embeddable":true,"href":"https:\/\/publissoft.dev\/spasante\/wp-json\/wp\/v2\/product_cat?post=7047"},{"taxonomy":"product_tag","embeddable":true,"href":"https:\/\/publissoft.dev\/spasante\/wp-json\/wp\/v2\/product_tag?post=7047"},{"taxonomy":"giftcard-category","embeddable":true,"href":"https:\/\/publissoft.dev\/spasante\/wp-json\/wp\/v2\/giftcard-category?post=7047"}],"curies":[{"name":"wp","href":"https:\/\/api.w.org\/{rel}","templated":true}]}}