{"id":7049,"date":"2024-01-11T09:28:17","date_gmt":"2024-01-11T14:28:17","guid":{"rendered":"https:\/\/publissoft.dev\/spasante\/?post_type=product&#038;p=7049"},"modified":"2024-01-11T09:28:19","modified_gmt":"2024-01-11T14:28:19","slug":"dot-lil-bougie-tasse-fleur-de-riz","status":"publish","type":"product","link":"https:\/\/publissoft.dev\/spasante\/produit\/dot-lil-bougie-tasse-fleur-de-riz\/","title":{"rendered":"Dot &#038; lil &#8211; Bougie tasse &#8211; Fleur de riz"},"content":{"rendered":"<p>Chaque\u00a0tasse-bougie\u00a0comprend une tasse, une soucoupe, une bougie de soya avec joli prot\u00e8ge-poussi\u00e8re, et une belle boite cadeau.<\/p>\n<p>Les bougies Dot &amp; Lil br\u00fblent pendant 20 \u00e0 25 heures et la cire de soya s&#8217;enl\u00e8ve facilement avec du savon et de l&#8217;eau chaude, vous laissant avec un joli ensemble tasse et soucoupe souvenir. Nos bougies, vers\u00e9es \u00e0 la main, sont fabriqu\u00e9es \u00e0 partir d&#8217;un m\u00e9lange de cire de soja 100% pure et d&#8217;huiles botaniques, avec une m\u00e8che en coton.<\/p>\n<p>Frais et doux avec une touche d&#8217;ozone. L\u00e9ger et d\u00e9licat avec une base subtile de vanille et de noix de coco. Qu&#8217;est ce que c&#8217;est la fleur de riz? C&#8217;est des petites fleurs parfum\u00e9es qui poussent sur l&#8217;Aglaia Odorata, ou l&#8217;Arbre de Parfum Chinois.<\/p>\n","protected":false},"excerpt":{"rendered":"<p>Chaque\u00a0tasse-bougie\u00a0comprend une tasse, une soucoupe, une bougie de soya avec joli prot\u00e8ge-poussi\u00e8re, et une belle boite cadeau. Les bougies Dot &amp; Lil br\u00fblent pendant 20 \u00e0 25 heures et la cire de soya s&#8217;enl\u00e8ve facilement avec du savon et de l&#8217;eau chaude, vous laissant avec un joli ensemble tasse et soucoupe souvenir. Nos bougies, vers\u00e9es &hellip;<\/p>\n","protected":false},"featured_media":7050,"template":"","meta":{"_acf_changed":false,"_genesis_hide_title":false,"_genesis_hide_breadcrumbs":false,"_genesis_hide_singular_image":false,"_genesis_hide_footer_widgets":false,"_genesis_custom_body_class":"","_genesis_custom_post_class":"","_genesis_layout":""},"product_cat":[23],"product_tag":[],"giftcard-category":[],"class_list":{"0":"post-7049","1":"product","2":"type-product","3":"status-publish","4":"has-post-thumbnail","6":"product_cat-dot-lil","7":"entry","9":"first","10":"instock","11":"taxable","12":"shipping-taxable","13":"purchasable","14":"product-type-simple"},"acf":[],"yoast_head":"<!-- This site is optimized with the Yoast SEO plugin v22.5 - https:\/\/yoast.com\/wordpress\/plugins\/seo\/ -->\n<title>Dot &amp; lil - Bougie tasse - Fleur de riz - Spa Sant\u00e9 Le N\u00e9nuphar<\/title>\n<meta name=\"robots\" content=\"noindex, follow, max-snippet:-1, max-image-preview:large, max-video-preview:-1\" \/>\n<meta property=\"og:locale\" content=\"fr_CA\" \/>\n<meta property=\"og:type\" content=\"article\" \/>\n<meta property=\"og:title\" content=\"Dot &amp; lil - Bougie tasse - Fleur de riz - Spa Sant\u00e9 Le N\u00e9nuphar\" \/>\n<meta property=\"og:description\" content=\"Chaque\u00a0tasse-bougie\u00a0comprend une tasse, une soucoupe, une bougie de soya avec joli prot\u00e8ge-poussi\u00e8re, et une belle boite cadeau. Les bougies Dot &amp; Lil br\u00fblent pendant 20 \u00e0 25 heures et la cire de soya s&#8217;enl\u00e8ve facilement avec du savon et de l&#8217;eau chaude, vous laissant avec un joli ensemble tasse et soucoupe souvenir. Nos bougies, vers\u00e9es &hellip;\" \/>\n<meta property=\"og:url\" content=\"https:\/\/publissoft.dev\/spasante\/produit\/dot-lil-bougie-tasse-fleur-de-riz\/\" \/>\n<meta property=\"og:site_name\" content=\"Spa Sant\u00e9 Le N\u00e9nuphar\" \/>\n<meta property=\"article:publisher\" content=\"https:\/\/www.facebook.com\/SpaSanteLeNenuphar\" \/>\n<meta property=\"article:modified_time\" content=\"2024-01-11T14:28:19+00:00\" \/>\n<meta property=\"og:image\" content=\"https:\/\/publissoft.dev\/spasante\/wp-content\/uploads\/2024\/01\/Capture-decran-le-2024-01-11-a-09.14.01.png\" \/>\n\t<meta property=\"og:image:width\" content=\"1290\" \/>\n\t<meta property=\"og:image:height\" content=\"1248\" \/>\n\t<meta property=\"og:image:type\" content=\"image\/png\" \/>\n<meta name=\"twitter:card\" content=\"summary_large_image\" \/>\n<meta name=\"twitter:label1\" content=\"Estimation du temps de lecture\" \/>\n\t<meta name=\"twitter:data1\" content=\"1 minute\" \/>\n<script type=\"application\/ld+json\" class=\"yoast-schema-graph\">{\"@context\":\"https:\/\/schema.org\",\"@graph\":[{\"@type\":\"WebPage\",\"@id\":\"https:\/\/publissoft.dev\/spasante\/produit\/dot-lil-bougie-tasse-fleur-de-riz\/\",\"url\":\"https:\/\/publissoft.dev\/spasante\/produit\/dot-lil-bougie-tasse-fleur-de-riz\/\",\"name\":\"Dot & lil - Bougie tasse - Fleur de riz - Spa Sant\u00e9 Le N\u00e9nuphar\",\"isPartOf\":{\"@id\":\"https:\/\/publissoft.dev\/spasante\/#website\"},\"primaryImageOfPage\":{\"@id\":\"https:\/\/publissoft.dev\/spasante\/produit\/dot-lil-bougie-tasse-fleur-de-riz\/#primaryimage\"},\"image\":{\"@id\":\"https:\/\/publissoft.dev\/spasante\/produit\/dot-lil-bougie-tasse-fleur-de-riz\/#primaryimage\"},\"thumbnailUrl\":\"https:\/\/publissoft.dev\/spasante\/wp-content\/uploads\/2024\/01\/Capture-decran-le-2024-01-11-a-09.14.01.png\",\"datePublished\":\"2024-01-11T14:28:17+00:00\",\"dateModified\":\"2024-01-11T14:28:19+00:00\",\"breadcrumb\":{\"@id\":\"https:\/\/publissoft.dev\/spasante\/produit\/dot-lil-bougie-tasse-fleur-de-riz\/#breadcrumb\"},\"inLanguage\":\"fr-CA\",\"potentialAction\":[{\"@type\":\"ReadAction\",\"target\":[\"https:\/\/publissoft.dev\/spasante\/produit\/dot-lil-bougie-tasse-fleur-de-riz\/\"]}]},{\"@type\":\"ImageObject\",\"inLanguage\":\"fr-CA\",\"@id\":\"https:\/\/publissoft.dev\/spasante\/produit\/dot-lil-bougie-tasse-fleur-de-riz\/#primaryimage\",\"url\":\"https:\/\/publissoft.dev\/spasante\/wp-content\/uploads\/2024\/01\/Capture-decran-le-2024-01-11-a-09.14.01.png\",\"contentUrl\":\"https:\/\/publissoft.dev\/spasante\/wp-content\/uploads\/2024\/01\/Capture-decran-le-2024-01-11-a-09.14.01.png\",\"width\":1290,\"height\":1248},{\"@type\":\"BreadcrumbList\",\"@id\":\"https:\/\/publissoft.dev\/spasante\/produit\/dot-lil-bougie-tasse-fleur-de-riz\/#breadcrumb\",\"itemListElement\":[{\"@type\":\"ListItem\",\"position\":1,\"name\":\"Accueil\",\"item\":\"https:\/\/publissoft.dev\/spasante\/\"},{\"@type\":\"ListItem\",\"position\":2,\"name\":\"Boutique\",\"item\":\"https:\/\/publissoft.dev\/spasante\/boutique\/\"},{\"@type\":\"ListItem\",\"position\":3,\"name\":\"Dot &#038; lil &#8211; Bougie tasse &#8211; Fleur de riz\"}]},{\"@type\":\"WebSite\",\"@id\":\"https:\/\/publissoft.dev\/spasante\/#website\",\"url\":\"https:\/\/publissoft.dev\/spasante\/\",\"name\":\"Spa Sant\u00e9 Le N\u00e9nuphar\",\"description\":\"\",\"publisher\":{\"@id\":\"https:\/\/publissoft.dev\/spasante\/#organization\"},\"potentialAction\":[{\"@type\":\"SearchAction\",\"target\":{\"@type\":\"EntryPoint\",\"urlTemplate\":\"https:\/\/publissoft.dev\/spasante\/?s={search_term_string}\"},\"query-input\":\"required name=search_term_string\"}],\"inLanguage\":\"fr-CA\"},{\"@type\":\"Organization\",\"@id\":\"https:\/\/publissoft.dev\/spasante\/#organization\",\"name\":\"Spa Sant\u00e9 Le N\u00e9nuphar\",\"url\":\"https:\/\/publissoft.dev\/spasante\/\",\"logo\":{\"@type\":\"ImageObject\",\"inLanguage\":\"fr-CA\",\"@id\":\"https:\/\/publissoft.dev\/spasante\/#\/schema\/logo\/image\/\",\"url\":\"https:\/\/publissoft.dev\/spasante\/wp-content\/uploads\/2022\/11\/logo-jpg.jpeg\",\"contentUrl\":\"https:\/\/publissoft.dev\/spasante\/wp-content\/uploads\/2022\/11\/logo-jpg.jpeg\",\"width\":900,\"height\":900,\"caption\":\"Spa Sant\u00e9 Le N\u00e9nuphar\"},\"image\":{\"@id\":\"https:\/\/publissoft.dev\/spasante\/#\/schema\/logo\/image\/\"},\"sameAs\":[\"https:\/\/www.facebook.com\/SpaSanteLeNenuphar\",\"https:\/\/www.instagram.com\/spasantelenenuphar\/?hl=fr\"]}]}<\/script>\n<!-- \/ Yoast SEO plugin. -->","yoast_head_json":{"title":"Dot & lil - Bougie tasse - Fleur de riz - Spa Sant\u00e9 Le N\u00e9nuphar","robots":{"index":"noindex","follow":"follow","max-snippet":"max-snippet:-1","max-image-preview":"max-image-preview:large","max-video-preview":"max-video-preview:-1"},"og_locale":"fr_CA","og_type":"article","og_title":"Dot & lil - Bougie tasse - Fleur de riz - Spa Sant\u00e9 Le N\u00e9nuphar","og_description":"Chaque\u00a0tasse-bougie\u00a0comprend une tasse, une soucoupe, une bougie de soya avec joli prot\u00e8ge-poussi\u00e8re, et une belle boite cadeau. Les bougies Dot &amp; Lil br\u00fblent pendant 20 \u00e0 25 heures et la cire de soya s&#8217;enl\u00e8ve facilement avec du savon et de l&#8217;eau chaude, vous laissant avec un joli ensemble tasse et soucoupe souvenir. Nos bougies, vers\u00e9es &hellip;","og_url":"https:\/\/publissoft.dev\/spasante\/produit\/dot-lil-bougie-tasse-fleur-de-riz\/","og_site_name":"Spa Sant\u00e9 Le N\u00e9nuphar","article_publisher":"https:\/\/www.facebook.com\/SpaSanteLeNenuphar","article_modified_time":"2024-01-11T14:28:19+00:00","og_image":[{"width":1290,"height":1248,"url":"https:\/\/publissoft.dev\/spasante\/wp-content\/uploads\/2024\/01\/Capture-decran-le-2024-01-11-a-09.14.01.png","type":"image\/png"}],"twitter_card":"summary_large_image","twitter_misc":{"Estimation du temps de lecture":"1 minute"},"schema":{"@context":"https:\/\/schema.org","@graph":[{"@type":"WebPage","@id":"https:\/\/publissoft.dev\/spasante\/produit\/dot-lil-bougie-tasse-fleur-de-riz\/","url":"https:\/\/publissoft.dev\/spasante\/produit\/dot-lil-bougie-tasse-fleur-de-riz\/","name":"Dot & lil - Bougie tasse - Fleur de riz - Spa Sant\u00e9 Le N\u00e9nuphar","isPartOf":{"@id":"https:\/\/publissoft.dev\/spasante\/#website"},"primaryImageOfPage":{"@id":"https:\/\/publissoft.dev\/spasante\/produit\/dot-lil-bougie-tasse-fleur-de-riz\/#primaryimage"},"image":{"@id":"https:\/\/publissoft.dev\/spasante\/produit\/dot-lil-bougie-tasse-fleur-de-riz\/#primaryimage"},"thumbnailUrl":"https:\/\/publissoft.dev\/spasante\/wp-content\/uploads\/2024\/01\/Capture-decran-le-2024-01-11-a-09.14.01.png","datePublished":"2024-01-11T14:28:17+00:00","dateModified":"2024-01-11T14:28:19+00:00","breadcrumb":{"@id":"https:\/\/publissoft.dev\/spasante\/produit\/dot-lil-bougie-tasse-fleur-de-riz\/#breadcrumb"},"inLanguage":"fr-CA","potentialAction":[{"@type":"ReadAction","target":["https:\/\/publissoft.dev\/spasante\/produit\/dot-lil-bougie-tasse-fleur-de-riz\/"]}]},{"@type":"ImageObject","inLanguage":"fr-CA","@id":"https:\/\/publissoft.dev\/spasante\/produit\/dot-lil-bougie-tasse-fleur-de-riz\/#primaryimage","url":"https:\/\/publissoft.dev\/spasante\/wp-content\/uploads\/2024\/01\/Capture-decran-le-2024-01-11-a-09.14.01.png","contentUrl":"https:\/\/publissoft.dev\/spasante\/wp-content\/uploads\/2024\/01\/Capture-decran-le-2024-01-11-a-09.14.01.png","width":1290,"height":1248},{"@type":"BreadcrumbList","@id":"https:\/\/publissoft.dev\/spasante\/produit\/dot-lil-bougie-tasse-fleur-de-riz\/#breadcrumb","itemListElement":[{"@type":"ListItem","position":1,"name":"Accueil","item":"https:\/\/publissoft.dev\/spasante\/"},{"@type":"ListItem","position":2,"name":"Boutique","item":"https:\/\/publissoft.dev\/spasante\/boutique\/"},{"@type":"ListItem","position":3,"name":"Dot &#038; lil &#8211; Bougie tasse &#8211; Fleur de riz"}]},{"@type":"WebSite","@id":"https:\/\/publissoft.dev\/spasante\/#website","url":"https:\/\/publissoft.dev\/spasante\/","name":"Spa Sant\u00e9 Le N\u00e9nuphar","description":"","publisher":{"@id":"https:\/\/publissoft.dev\/spasante\/#organization"},"potentialAction":[{"@type":"SearchAction","target":{"@type":"EntryPoint","urlTemplate":"https:\/\/publissoft.dev\/spasante\/?s={search_term_string}"},"query-input":"required name=search_term_string"}],"inLanguage":"fr-CA"},{"@type":"Organization","@id":"https:\/\/publissoft.dev\/spasante\/#organization","name":"Spa Sant\u00e9 Le N\u00e9nuphar","url":"https:\/\/publissoft.dev\/spasante\/","logo":{"@type":"ImageObject","inLanguage":"fr-CA","@id":"https:\/\/publissoft.dev\/spasante\/#\/schema\/logo\/image\/","url":"https:\/\/publissoft.dev\/spasante\/wp-content\/uploads\/2022\/11\/logo-jpg.jpeg","contentUrl":"https:\/\/publissoft.dev\/spasante\/wp-content\/uploads\/2022\/11\/logo-jpg.jpeg","width":900,"height":900,"caption":"Spa Sant\u00e9 Le N\u00e9nuphar"},"image":{"@id":"https:\/\/publissoft.dev\/spasante\/#\/schema\/logo\/image\/"},"sameAs":["https:\/\/www.facebook.com\/SpaSanteLeNenuphar","https:\/\/www.instagram.com\/spasantelenenuphar\/?hl=fr"]}]}},"_links":{"self":[{"href":"https:\/\/publissoft.dev\/spasante\/wp-json\/wp\/v2\/product\/7049","targetHints":{"allow":["GET"]}}],"collection":[{"href":"https:\/\/publissoft.dev\/spasante\/wp-json\/wp\/v2\/product"}],"about":[{"href":"https:\/\/publissoft.dev\/spasante\/wp-json\/wp\/v2\/types\/product"}],"wp:featuredmedia":[{"embeddable":true,"href":"https:\/\/publissoft.dev\/spasante\/wp-json\/wp\/v2\/media\/7050"}],"wp:attachment":[{"href":"https:\/\/publissoft.dev\/spasante\/wp-json\/wp\/v2\/media?parent=7049"}],"wp:term":[{"taxonomy":"product_cat","embeddable":true,"href":"https:\/\/publissoft.dev\/spasante\/wp-json\/wp\/v2\/product_cat?post=7049"},{"taxonomy":"product_tag","embeddable":true,"href":"https:\/\/publissoft.dev\/spasante\/wp-json\/wp\/v2\/product_tag?post=7049"},{"taxonomy":"giftcard-category","embeddable":true,"href":"https:\/\/publissoft.dev\/spasante\/wp-json\/wp\/v2\/giftcard-category?post=7049"}],"curies":[{"name":"wp","href":"https:\/\/api.w.org\/{rel}","templated":true}]}}