{"id":7173,"date":"2024-01-26T13:31:33","date_gmt":"2024-01-26T18:31:33","guid":{"rendered":"https:\/\/publissoft.dev\/spasante\/?post_type=product&#038;p=7173"},"modified":"2024-04-19T12:07:49","modified_gmt":"2024-04-19T16:07:49","slug":"dr-renaud-excellience-cellclock-serum-jeunesse-cellulaire","status":"publish","type":"product","link":"https:\/\/publissoft.dev\/spasante\/produit\/dr-renaud-excellience-cellclock-serum-jeunesse-cellulaire\/","title":{"rendered":"Dr Renaud &#8211; ExCellience CellClock S\u00e9rum jeunesse cellulaire"},"content":{"rendered":"<p>Soin d\u2019une exceptionnelle puissance rajeunissante; un pur concentr\u00e9 d\u2019actifs ultra-performants cr\u00e9\u00e9 pour non seulement pr\u00e9server la peau, mais aussi pour r\u00e9activer sa jeunesse<br \/>\n30 ml<\/p>\n<p>Gr\u00e2ce \u00e0 la technologie CellClock exclusive, la jeunesse des cellules est prolong\u00e9e et la r\u00e9g\u00e9n\u00e9ration de la peau est optimis\u00e9e. D\u00e8s les premi\u00e8res utilisations, les r\u00e9sultats sont remarquables : les rides sont att\u00e9nu\u00e9es, la fermet\u00e9, l\u2019\u00e9lasticit\u00e9 et la r\u00e9silience de la peau augmentent, le teint est exceptionnellement lumineux et la peau est r\u00e9par\u00e9e en profondeur et r\u00e9v\u00e8le une nouvelle jeunesse!<\/p>\n","protected":false},"excerpt":{"rendered":"<p>Soin d\u2019une exceptionnelle puissance rajeunissante; un pur concentr\u00e9 d\u2019actifs ultra-performants cr\u00e9\u00e9 pour non seulement pr\u00e9server la peau, mais aussi pour r\u00e9activer sa jeunesse 30 ml Gr\u00e2ce \u00e0 la technologie CellClock exclusive, la jeunesse des cellules est prolong\u00e9e et la r\u00e9g\u00e9n\u00e9ration de la peau est optimis\u00e9e. D\u00e8s les premi\u00e8res utilisations, les r\u00e9sultats sont remarquables : les &hellip;<\/p>\n","protected":false},"featured_media":7174,"template":"","meta":{"_acf_changed":false,"_genesis_hide_title":false,"_genesis_hide_breadcrumbs":false,"_genesis_hide_singular_image":false,"_genesis_hide_footer_widgets":false,"_genesis_custom_body_class":"","_genesis_custom_post_class":"","_genesis_layout":""},"product_cat":[92,31],"product_tag":[],"giftcard-category":[],"class_list":{"0":"post-7173","1":"product","2":"type-product","3":"status-publish","4":"has-post-thumbnail","6":"product_cat-produits-en-liquidation","7":"product_cat-laboratoire-dr-renaud","8":"entry","10":"first","11":"instock","12":"sale","13":"taxable","14":"shipping-taxable","15":"purchasable","16":"product-type-simple"},"acf":[],"yoast_head":"<!-- This site is optimized with the Yoast SEO plugin v22.5 - https:\/\/yoast.com\/wordpress\/plugins\/seo\/ -->\n<title>Dr Renaud - ExCellience CellClock S\u00e9rum jeunesse cellulaire - Spa Sant\u00e9 Le N\u00e9nuphar<\/title>\n<meta name=\"robots\" content=\"noindex, follow, max-snippet:-1, max-image-preview:large, max-video-preview:-1\" \/>\n<meta property=\"og:locale\" content=\"fr_CA\" \/>\n<meta property=\"og:type\" content=\"article\" \/>\n<meta property=\"og:title\" content=\"Dr Renaud - ExCellience CellClock S\u00e9rum jeunesse cellulaire - Spa Sant\u00e9 Le N\u00e9nuphar\" \/>\n<meta property=\"og:description\" content=\"Soin d\u2019une exceptionnelle puissance rajeunissante; un pur concentr\u00e9 d\u2019actifs ultra-performants cr\u00e9\u00e9 pour non seulement pr\u00e9server la peau, mais aussi pour r\u00e9activer sa jeunesse 30 ml Gr\u00e2ce \u00e0 la technologie CellClock exclusive, la jeunesse des cellules est prolong\u00e9e et la r\u00e9g\u00e9n\u00e9ration de la peau est optimis\u00e9e. D\u00e8s les premi\u00e8res utilisations, les r\u00e9sultats sont remarquables : les &hellip;\" \/>\n<meta property=\"og:url\" content=\"https:\/\/publissoft.dev\/spasante\/produit\/dr-renaud-excellience-cellclock-serum-jeunesse-cellulaire\/\" \/>\n<meta property=\"og:site_name\" content=\"Spa Sant\u00e9 Le N\u00e9nuphar\" \/>\n<meta property=\"article:publisher\" content=\"https:\/\/www.facebook.com\/SpaSanteLeNenuphar\" \/>\n<meta property=\"article:modified_time\" content=\"2024-04-19T16:07:49+00:00\" \/>\n<meta property=\"og:image\" content=\"https:\/\/publissoft.dev\/spasante\/wp-content\/uploads\/2024\/01\/Capture-decran-le-2024-01-26-a-13.29.07.png\" \/>\n\t<meta property=\"og:image:width\" content=\"846\" \/>\n\t<meta property=\"og:image:height\" content=\"1084\" \/>\n\t<meta property=\"og:image:type\" content=\"image\/png\" \/>\n<meta name=\"twitter:card\" content=\"summary_large_image\" \/>\n<meta name=\"twitter:label1\" content=\"Estimation du temps de lecture\" \/>\n\t<meta name=\"twitter:data1\" content=\"1 minute\" \/>\n<script type=\"application\/ld+json\" class=\"yoast-schema-graph\">{\"@context\":\"https:\/\/schema.org\",\"@graph\":[{\"@type\":\"WebPage\",\"@id\":\"https:\/\/publissoft.dev\/spasante\/produit\/dr-renaud-excellience-cellclock-serum-jeunesse-cellulaire\/\",\"url\":\"https:\/\/publissoft.dev\/spasante\/produit\/dr-renaud-excellience-cellclock-serum-jeunesse-cellulaire\/\",\"name\":\"Dr Renaud - ExCellience CellClock S\u00e9rum jeunesse cellulaire - Spa Sant\u00e9 Le N\u00e9nuphar\",\"isPartOf\":{\"@id\":\"https:\/\/publissoft.dev\/spasante\/#website\"},\"primaryImageOfPage\":{\"@id\":\"https:\/\/publissoft.dev\/spasante\/produit\/dr-renaud-excellience-cellclock-serum-jeunesse-cellulaire\/#primaryimage\"},\"image\":{\"@id\":\"https:\/\/publissoft.dev\/spasante\/produit\/dr-renaud-excellience-cellclock-serum-jeunesse-cellulaire\/#primaryimage\"},\"thumbnailUrl\":\"https:\/\/publissoft.dev\/spasante\/wp-content\/uploads\/2024\/01\/Capture-decran-le-2024-01-26-a-13.29.07.png\",\"datePublished\":\"2024-01-26T18:31:33+00:00\",\"dateModified\":\"2024-04-19T16:07:49+00:00\",\"breadcrumb\":{\"@id\":\"https:\/\/publissoft.dev\/spasante\/produit\/dr-renaud-excellience-cellclock-serum-jeunesse-cellulaire\/#breadcrumb\"},\"inLanguage\":\"fr-CA\",\"potentialAction\":[{\"@type\":\"ReadAction\",\"target\":[\"https:\/\/publissoft.dev\/spasante\/produit\/dr-renaud-excellience-cellclock-serum-jeunesse-cellulaire\/\"]}]},{\"@type\":\"ImageObject\",\"inLanguage\":\"fr-CA\",\"@id\":\"https:\/\/publissoft.dev\/spasante\/produit\/dr-renaud-excellience-cellclock-serum-jeunesse-cellulaire\/#primaryimage\",\"url\":\"https:\/\/publissoft.dev\/spasante\/wp-content\/uploads\/2024\/01\/Capture-decran-le-2024-01-26-a-13.29.07.png\",\"contentUrl\":\"https:\/\/publissoft.dev\/spasante\/wp-content\/uploads\/2024\/01\/Capture-decran-le-2024-01-26-a-13.29.07.png\",\"width\":846,\"height\":1084},{\"@type\":\"BreadcrumbList\",\"@id\":\"https:\/\/publissoft.dev\/spasante\/produit\/dr-renaud-excellience-cellclock-serum-jeunesse-cellulaire\/#breadcrumb\",\"itemListElement\":[{\"@type\":\"ListItem\",\"position\":1,\"name\":\"Accueil\",\"item\":\"https:\/\/publissoft.dev\/spasante\/\"},{\"@type\":\"ListItem\",\"position\":2,\"name\":\"Boutique\",\"item\":\"https:\/\/publissoft.dev\/spasante\/boutique\/\"},{\"@type\":\"ListItem\",\"position\":3,\"name\":\"Dr Renaud &#8211; ExCellience CellClock S\u00e9rum jeunesse cellulaire\"}]},{\"@type\":\"WebSite\",\"@id\":\"https:\/\/publissoft.dev\/spasante\/#website\",\"url\":\"https:\/\/publissoft.dev\/spasante\/\",\"name\":\"Spa Sant\u00e9 Le N\u00e9nuphar\",\"description\":\"\",\"publisher\":{\"@id\":\"https:\/\/publissoft.dev\/spasante\/#organization\"},\"potentialAction\":[{\"@type\":\"SearchAction\",\"target\":{\"@type\":\"EntryPoint\",\"urlTemplate\":\"https:\/\/publissoft.dev\/spasante\/?s={search_term_string}\"},\"query-input\":\"required name=search_term_string\"}],\"inLanguage\":\"fr-CA\"},{\"@type\":\"Organization\",\"@id\":\"https:\/\/publissoft.dev\/spasante\/#organization\",\"name\":\"Spa Sant\u00e9 Le N\u00e9nuphar\",\"url\":\"https:\/\/publissoft.dev\/spasante\/\",\"logo\":{\"@type\":\"ImageObject\",\"inLanguage\":\"fr-CA\",\"@id\":\"https:\/\/publissoft.dev\/spasante\/#\/schema\/logo\/image\/\",\"url\":\"https:\/\/publissoft.dev\/spasante\/wp-content\/uploads\/2022\/11\/logo-jpg.jpeg\",\"contentUrl\":\"https:\/\/publissoft.dev\/spasante\/wp-content\/uploads\/2022\/11\/logo-jpg.jpeg\",\"width\":900,\"height\":900,\"caption\":\"Spa Sant\u00e9 Le N\u00e9nuphar\"},\"image\":{\"@id\":\"https:\/\/publissoft.dev\/spasante\/#\/schema\/logo\/image\/\"},\"sameAs\":[\"https:\/\/www.facebook.com\/SpaSanteLeNenuphar\",\"https:\/\/www.instagram.com\/spasantelenenuphar\/?hl=fr\"]}]}<\/script>\n<!-- \/ Yoast SEO plugin. -->","yoast_head_json":{"title":"Dr Renaud - ExCellience CellClock S\u00e9rum jeunesse cellulaire - Spa Sant\u00e9 Le N\u00e9nuphar","robots":{"index":"noindex","follow":"follow","max-snippet":"max-snippet:-1","max-image-preview":"max-image-preview:large","max-video-preview":"max-video-preview:-1"},"og_locale":"fr_CA","og_type":"article","og_title":"Dr Renaud - ExCellience CellClock S\u00e9rum jeunesse cellulaire - Spa Sant\u00e9 Le N\u00e9nuphar","og_description":"Soin d\u2019une exceptionnelle puissance rajeunissante; un pur concentr\u00e9 d\u2019actifs ultra-performants cr\u00e9\u00e9 pour non seulement pr\u00e9server la peau, mais aussi pour r\u00e9activer sa jeunesse 30 ml Gr\u00e2ce \u00e0 la technologie CellClock exclusive, la jeunesse des cellules est prolong\u00e9e et la r\u00e9g\u00e9n\u00e9ration de la peau est optimis\u00e9e. D\u00e8s les premi\u00e8res utilisations, les r\u00e9sultats sont remarquables : les &hellip;","og_url":"https:\/\/publissoft.dev\/spasante\/produit\/dr-renaud-excellience-cellclock-serum-jeunesse-cellulaire\/","og_site_name":"Spa Sant\u00e9 Le N\u00e9nuphar","article_publisher":"https:\/\/www.facebook.com\/SpaSanteLeNenuphar","article_modified_time":"2024-04-19T16:07:49+00:00","og_image":[{"width":846,"height":1084,"url":"https:\/\/publissoft.dev\/spasante\/wp-content\/uploads\/2024\/01\/Capture-decran-le-2024-01-26-a-13.29.07.png","type":"image\/png"}],"twitter_card":"summary_large_image","twitter_misc":{"Estimation du temps de lecture":"1 minute"},"schema":{"@context":"https:\/\/schema.org","@graph":[{"@type":"WebPage","@id":"https:\/\/publissoft.dev\/spasante\/produit\/dr-renaud-excellience-cellclock-serum-jeunesse-cellulaire\/","url":"https:\/\/publissoft.dev\/spasante\/produit\/dr-renaud-excellience-cellclock-serum-jeunesse-cellulaire\/","name":"Dr Renaud - ExCellience CellClock S\u00e9rum jeunesse cellulaire - Spa Sant\u00e9 Le N\u00e9nuphar","isPartOf":{"@id":"https:\/\/publissoft.dev\/spasante\/#website"},"primaryImageOfPage":{"@id":"https:\/\/publissoft.dev\/spasante\/produit\/dr-renaud-excellience-cellclock-serum-jeunesse-cellulaire\/#primaryimage"},"image":{"@id":"https:\/\/publissoft.dev\/spasante\/produit\/dr-renaud-excellience-cellclock-serum-jeunesse-cellulaire\/#primaryimage"},"thumbnailUrl":"https:\/\/publissoft.dev\/spasante\/wp-content\/uploads\/2024\/01\/Capture-decran-le-2024-01-26-a-13.29.07.png","datePublished":"2024-01-26T18:31:33+00:00","dateModified":"2024-04-19T16:07:49+00:00","breadcrumb":{"@id":"https:\/\/publissoft.dev\/spasante\/produit\/dr-renaud-excellience-cellclock-serum-jeunesse-cellulaire\/#breadcrumb"},"inLanguage":"fr-CA","potentialAction":[{"@type":"ReadAction","target":["https:\/\/publissoft.dev\/spasante\/produit\/dr-renaud-excellience-cellclock-serum-jeunesse-cellulaire\/"]}]},{"@type":"ImageObject","inLanguage":"fr-CA","@id":"https:\/\/publissoft.dev\/spasante\/produit\/dr-renaud-excellience-cellclock-serum-jeunesse-cellulaire\/#primaryimage","url":"https:\/\/publissoft.dev\/spasante\/wp-content\/uploads\/2024\/01\/Capture-decran-le-2024-01-26-a-13.29.07.png","contentUrl":"https:\/\/publissoft.dev\/spasante\/wp-content\/uploads\/2024\/01\/Capture-decran-le-2024-01-26-a-13.29.07.png","width":846,"height":1084},{"@type":"BreadcrumbList","@id":"https:\/\/publissoft.dev\/spasante\/produit\/dr-renaud-excellience-cellclock-serum-jeunesse-cellulaire\/#breadcrumb","itemListElement":[{"@type":"ListItem","position":1,"name":"Accueil","item":"https:\/\/publissoft.dev\/spasante\/"},{"@type":"ListItem","position":2,"name":"Boutique","item":"https:\/\/publissoft.dev\/spasante\/boutique\/"},{"@type":"ListItem","position":3,"name":"Dr Renaud &#8211; ExCellience CellClock S\u00e9rum jeunesse cellulaire"}]},{"@type":"WebSite","@id":"https:\/\/publissoft.dev\/spasante\/#website","url":"https:\/\/publissoft.dev\/spasante\/","name":"Spa Sant\u00e9 Le N\u00e9nuphar","description":"","publisher":{"@id":"https:\/\/publissoft.dev\/spasante\/#organization"},"potentialAction":[{"@type":"SearchAction","target":{"@type":"EntryPoint","urlTemplate":"https:\/\/publissoft.dev\/spasante\/?s={search_term_string}"},"query-input":"required name=search_term_string"}],"inLanguage":"fr-CA"},{"@type":"Organization","@id":"https:\/\/publissoft.dev\/spasante\/#organization","name":"Spa Sant\u00e9 Le N\u00e9nuphar","url":"https:\/\/publissoft.dev\/spasante\/","logo":{"@type":"ImageObject","inLanguage":"fr-CA","@id":"https:\/\/publissoft.dev\/spasante\/#\/schema\/logo\/image\/","url":"https:\/\/publissoft.dev\/spasante\/wp-content\/uploads\/2022\/11\/logo-jpg.jpeg","contentUrl":"https:\/\/publissoft.dev\/spasante\/wp-content\/uploads\/2022\/11\/logo-jpg.jpeg","width":900,"height":900,"caption":"Spa Sant\u00e9 Le N\u00e9nuphar"},"image":{"@id":"https:\/\/publissoft.dev\/spasante\/#\/schema\/logo\/image\/"},"sameAs":["https:\/\/www.facebook.com\/SpaSanteLeNenuphar","https:\/\/www.instagram.com\/spasantelenenuphar\/?hl=fr"]}]}},"_links":{"self":[{"href":"https:\/\/publissoft.dev\/spasante\/wp-json\/wp\/v2\/product\/7173","targetHints":{"allow":["GET"]}}],"collection":[{"href":"https:\/\/publissoft.dev\/spasante\/wp-json\/wp\/v2\/product"}],"about":[{"href":"https:\/\/publissoft.dev\/spasante\/wp-json\/wp\/v2\/types\/product"}],"wp:featuredmedia":[{"embeddable":true,"href":"https:\/\/publissoft.dev\/spasante\/wp-json\/wp\/v2\/media\/7174"}],"wp:attachment":[{"href":"https:\/\/publissoft.dev\/spasante\/wp-json\/wp\/v2\/media?parent=7173"}],"wp:term":[{"taxonomy":"product_cat","embeddable":true,"href":"https:\/\/publissoft.dev\/spasante\/wp-json\/wp\/v2\/product_cat?post=7173"},{"taxonomy":"product_tag","embeddable":true,"href":"https:\/\/publissoft.dev\/spasante\/wp-json\/wp\/v2\/product_tag?post=7173"},{"taxonomy":"giftcard-category","embeddable":true,"href":"https:\/\/publissoft.dev\/spasante\/wp-json\/wp\/v2\/giftcard-category?post=7173"}],"curies":[{"name":"wp","href":"https:\/\/api.w.org\/{rel}","templated":true}]}}