{"id":7553,"date":"2024-04-02T12:22:06","date_gmt":"2024-04-02T16:22:06","guid":{"rendered":"https:\/\/publissoft.dev\/spasante\/?post_type=product&#038;p=7553"},"modified":"2024-04-02T12:22:07","modified_gmt":"2024-04-02T16:22:07","slug":"bioterra-gel-de-massage","status":"publish","type":"product","link":"https:\/\/publissoft.dev\/spasante\/produit\/bioterra-gel-de-massage\/","title":{"rendered":"Bioterra &#8211; Gel de massage"},"content":{"rendered":"<p>Combin\u00e9e au massage, cette riche formulation v\u00e9g\u00e9tale aide \u00e0 am\u00e9liorer la microcirculation, pr\u00e9vient la d\u00e9shydratation et laisse la peau soyeuse.<\/p>\n<p>D\u2019une l\u00e9g\u00e8ret\u00e9 remarquable, TerraGel 100% pur r\u00e9serve une longue p\u00e9riode de massage sans interruption gr\u00e2ce \u00e0 son pouvoir de glisse exceptionnel et sa texture ultrafine.<\/p>\n<p>Ce gel peut \u00eatre utilis\u00e9 pour les massages de relaxation et th\u00e9rapeutiques.<\/p>\n<p>Ne contiens aucun alcool d\u00e9shydratant, huile min\u00e9rale, huile de noix, ni fragrance.<br \/>\nHypoallerg\u00e8ne, sans silicone et sans parab\u00e8ne<\/p>\n<p>236 ml<\/p>\n<p>Dur\u00e9e de vie exceptionnelle jusqu&#8217;\u00e0 3 ans<\/p>\n","protected":false},"excerpt":{"rendered":"<p>Combin\u00e9e au massage, cette riche formulation v\u00e9g\u00e9tale aide \u00e0 am\u00e9liorer la microcirculation, pr\u00e9vient la d\u00e9shydratation et laisse la peau soyeuse. D\u2019une l\u00e9g\u00e8ret\u00e9 remarquable, TerraGel 100% pur r\u00e9serve une longue p\u00e9riode de massage sans interruption gr\u00e2ce \u00e0 son pouvoir de glisse exceptionnel et sa texture ultrafine. Ce gel peut \u00eatre utilis\u00e9 pour les massages de relaxation &hellip;<\/p>\n","protected":false},"featured_media":7554,"template":"","meta":{"_acf_changed":false,"_genesis_hide_title":false,"_genesis_hide_breadcrumbs":false,"_genesis_hide_singular_image":false,"_genesis_hide_footer_widgets":false,"_genesis_custom_body_class":"","_genesis_custom_post_class":"","_genesis_layout":""},"product_cat":[69],"product_tag":[],"giftcard-category":[],"class_list":{"0":"post-7553","1":"product","2":"type-product","3":"status-publish","4":"has-post-thumbnail","6":"product_cat-orthocure","7":"entry","9":"first","10":"instock","11":"taxable","12":"shipping-taxable","13":"purchasable","14":"product-type-simple"},"acf":[],"yoast_head":"<!-- This site is optimized with the Yoast SEO plugin v22.5 - https:\/\/yoast.com\/wordpress\/plugins\/seo\/ -->\n<title>Bioterra - Gel de massage - Spa Sant\u00e9 Le N\u00e9nuphar<\/title>\n<meta name=\"robots\" content=\"noindex, follow, max-snippet:-1, max-image-preview:large, max-video-preview:-1\" \/>\n<meta property=\"og:locale\" content=\"fr_CA\" \/>\n<meta property=\"og:type\" content=\"article\" \/>\n<meta property=\"og:title\" content=\"Bioterra - Gel de massage - Spa Sant\u00e9 Le N\u00e9nuphar\" \/>\n<meta property=\"og:description\" content=\"Combin\u00e9e au massage, cette riche formulation v\u00e9g\u00e9tale aide \u00e0 am\u00e9liorer la microcirculation, pr\u00e9vient la d\u00e9shydratation et laisse la peau soyeuse. D\u2019une l\u00e9g\u00e8ret\u00e9 remarquable, TerraGel 100% pur r\u00e9serve une longue p\u00e9riode de massage sans interruption gr\u00e2ce \u00e0 son pouvoir de glisse exceptionnel et sa texture ultrafine. Ce gel peut \u00eatre utilis\u00e9 pour les massages de relaxation &hellip;\" \/>\n<meta property=\"og:url\" content=\"https:\/\/publissoft.dev\/spasante\/produit\/bioterra-gel-de-massage\/\" \/>\n<meta property=\"og:site_name\" content=\"Spa Sant\u00e9 Le N\u00e9nuphar\" \/>\n<meta property=\"article:publisher\" content=\"https:\/\/www.facebook.com\/SpaSanteLeNenuphar\" \/>\n<meta property=\"article:modified_time\" content=\"2024-04-02T16:22:07+00:00\" \/>\n<meta property=\"og:image\" content=\"https:\/\/publissoft.dev\/spasante\/wp-content\/uploads\/2024\/04\/Capture-decran-le-2024-04-02-a-12.20.20.png\" \/>\n\t<meta property=\"og:image:width\" content=\"662\" \/>\n\t<meta property=\"og:image:height\" content=\"1114\" \/>\n\t<meta property=\"og:image:type\" content=\"image\/png\" \/>\n<meta name=\"twitter:card\" content=\"summary_large_image\" \/>\n<meta name=\"twitter:label1\" content=\"Estimation du temps de lecture\" \/>\n\t<meta name=\"twitter:data1\" content=\"1 minute\" \/>\n<script type=\"application\/ld+json\" class=\"yoast-schema-graph\">{\"@context\":\"https:\/\/schema.org\",\"@graph\":[{\"@type\":\"WebPage\",\"@id\":\"https:\/\/publissoft.dev\/spasante\/produit\/bioterra-gel-de-massage\/\",\"url\":\"https:\/\/publissoft.dev\/spasante\/produit\/bioterra-gel-de-massage\/\",\"name\":\"Bioterra - Gel de massage - Spa Sant\u00e9 Le N\u00e9nuphar\",\"isPartOf\":{\"@id\":\"https:\/\/publissoft.dev\/spasante\/#website\"},\"primaryImageOfPage\":{\"@id\":\"https:\/\/publissoft.dev\/spasante\/produit\/bioterra-gel-de-massage\/#primaryimage\"},\"image\":{\"@id\":\"https:\/\/publissoft.dev\/spasante\/produit\/bioterra-gel-de-massage\/#primaryimage\"},\"thumbnailUrl\":\"https:\/\/publissoft.dev\/spasante\/wp-content\/uploads\/2024\/04\/Capture-decran-le-2024-04-02-a-12.20.20.png\",\"datePublished\":\"2024-04-02T16:22:06+00:00\",\"dateModified\":\"2024-04-02T16:22:07+00:00\",\"breadcrumb\":{\"@id\":\"https:\/\/publissoft.dev\/spasante\/produit\/bioterra-gel-de-massage\/#breadcrumb\"},\"inLanguage\":\"fr-CA\",\"potentialAction\":[{\"@type\":\"ReadAction\",\"target\":[\"https:\/\/publissoft.dev\/spasante\/produit\/bioterra-gel-de-massage\/\"]}]},{\"@type\":\"ImageObject\",\"inLanguage\":\"fr-CA\",\"@id\":\"https:\/\/publissoft.dev\/spasante\/produit\/bioterra-gel-de-massage\/#primaryimage\",\"url\":\"https:\/\/publissoft.dev\/spasante\/wp-content\/uploads\/2024\/04\/Capture-decran-le-2024-04-02-a-12.20.20.png\",\"contentUrl\":\"https:\/\/publissoft.dev\/spasante\/wp-content\/uploads\/2024\/04\/Capture-decran-le-2024-04-02-a-12.20.20.png\",\"width\":662,\"height\":1114},{\"@type\":\"BreadcrumbList\",\"@id\":\"https:\/\/publissoft.dev\/spasante\/produit\/bioterra-gel-de-massage\/#breadcrumb\",\"itemListElement\":[{\"@type\":\"ListItem\",\"position\":1,\"name\":\"Accueil\",\"item\":\"https:\/\/publissoft.dev\/spasante\/\"},{\"@type\":\"ListItem\",\"position\":2,\"name\":\"Boutique\",\"item\":\"https:\/\/publissoft.dev\/spasante\/boutique\/\"},{\"@type\":\"ListItem\",\"position\":3,\"name\":\"Bioterra &#8211; Gel de massage\"}]},{\"@type\":\"WebSite\",\"@id\":\"https:\/\/publissoft.dev\/spasante\/#website\",\"url\":\"https:\/\/publissoft.dev\/spasante\/\",\"name\":\"Spa Sant\u00e9 Le N\u00e9nuphar\",\"description\":\"\",\"publisher\":{\"@id\":\"https:\/\/publissoft.dev\/spasante\/#organization\"},\"potentialAction\":[{\"@type\":\"SearchAction\",\"target\":{\"@type\":\"EntryPoint\",\"urlTemplate\":\"https:\/\/publissoft.dev\/spasante\/?s={search_term_string}\"},\"query-input\":\"required name=search_term_string\"}],\"inLanguage\":\"fr-CA\"},{\"@type\":\"Organization\",\"@id\":\"https:\/\/publissoft.dev\/spasante\/#organization\",\"name\":\"Spa Sant\u00e9 Le N\u00e9nuphar\",\"url\":\"https:\/\/publissoft.dev\/spasante\/\",\"logo\":{\"@type\":\"ImageObject\",\"inLanguage\":\"fr-CA\",\"@id\":\"https:\/\/publissoft.dev\/spasante\/#\/schema\/logo\/image\/\",\"url\":\"https:\/\/publissoft.dev\/spasante\/wp-content\/uploads\/2022\/11\/logo-jpg.jpeg\",\"contentUrl\":\"https:\/\/publissoft.dev\/spasante\/wp-content\/uploads\/2022\/11\/logo-jpg.jpeg\",\"width\":900,\"height\":900,\"caption\":\"Spa Sant\u00e9 Le N\u00e9nuphar\"},\"image\":{\"@id\":\"https:\/\/publissoft.dev\/spasante\/#\/schema\/logo\/image\/\"},\"sameAs\":[\"https:\/\/www.facebook.com\/SpaSanteLeNenuphar\",\"https:\/\/www.instagram.com\/spasantelenenuphar\/?hl=fr\"]}]}<\/script>\n<!-- \/ Yoast SEO plugin. -->","yoast_head_json":{"title":"Bioterra - Gel de massage - Spa Sant\u00e9 Le N\u00e9nuphar","robots":{"index":"noindex","follow":"follow","max-snippet":"max-snippet:-1","max-image-preview":"max-image-preview:large","max-video-preview":"max-video-preview:-1"},"og_locale":"fr_CA","og_type":"article","og_title":"Bioterra - Gel de massage - Spa Sant\u00e9 Le N\u00e9nuphar","og_description":"Combin\u00e9e au massage, cette riche formulation v\u00e9g\u00e9tale aide \u00e0 am\u00e9liorer la microcirculation, pr\u00e9vient la d\u00e9shydratation et laisse la peau soyeuse. D\u2019une l\u00e9g\u00e8ret\u00e9 remarquable, TerraGel 100% pur r\u00e9serve une longue p\u00e9riode de massage sans interruption gr\u00e2ce \u00e0 son pouvoir de glisse exceptionnel et sa texture ultrafine. Ce gel peut \u00eatre utilis\u00e9 pour les massages de relaxation &hellip;","og_url":"https:\/\/publissoft.dev\/spasante\/produit\/bioterra-gel-de-massage\/","og_site_name":"Spa Sant\u00e9 Le N\u00e9nuphar","article_publisher":"https:\/\/www.facebook.com\/SpaSanteLeNenuphar","article_modified_time":"2024-04-02T16:22:07+00:00","og_image":[{"width":662,"height":1114,"url":"https:\/\/publissoft.dev\/spasante\/wp-content\/uploads\/2024\/04\/Capture-decran-le-2024-04-02-a-12.20.20.png","type":"image\/png"}],"twitter_card":"summary_large_image","twitter_misc":{"Estimation du temps de lecture":"1 minute"},"schema":{"@context":"https:\/\/schema.org","@graph":[{"@type":"WebPage","@id":"https:\/\/publissoft.dev\/spasante\/produit\/bioterra-gel-de-massage\/","url":"https:\/\/publissoft.dev\/spasante\/produit\/bioterra-gel-de-massage\/","name":"Bioterra - Gel de massage - Spa Sant\u00e9 Le N\u00e9nuphar","isPartOf":{"@id":"https:\/\/publissoft.dev\/spasante\/#website"},"primaryImageOfPage":{"@id":"https:\/\/publissoft.dev\/spasante\/produit\/bioterra-gel-de-massage\/#primaryimage"},"image":{"@id":"https:\/\/publissoft.dev\/spasante\/produit\/bioterra-gel-de-massage\/#primaryimage"},"thumbnailUrl":"https:\/\/publissoft.dev\/spasante\/wp-content\/uploads\/2024\/04\/Capture-decran-le-2024-04-02-a-12.20.20.png","datePublished":"2024-04-02T16:22:06+00:00","dateModified":"2024-04-02T16:22:07+00:00","breadcrumb":{"@id":"https:\/\/publissoft.dev\/spasante\/produit\/bioterra-gel-de-massage\/#breadcrumb"},"inLanguage":"fr-CA","potentialAction":[{"@type":"ReadAction","target":["https:\/\/publissoft.dev\/spasante\/produit\/bioterra-gel-de-massage\/"]}]},{"@type":"ImageObject","inLanguage":"fr-CA","@id":"https:\/\/publissoft.dev\/spasante\/produit\/bioterra-gel-de-massage\/#primaryimage","url":"https:\/\/publissoft.dev\/spasante\/wp-content\/uploads\/2024\/04\/Capture-decran-le-2024-04-02-a-12.20.20.png","contentUrl":"https:\/\/publissoft.dev\/spasante\/wp-content\/uploads\/2024\/04\/Capture-decran-le-2024-04-02-a-12.20.20.png","width":662,"height":1114},{"@type":"BreadcrumbList","@id":"https:\/\/publissoft.dev\/spasante\/produit\/bioterra-gel-de-massage\/#breadcrumb","itemListElement":[{"@type":"ListItem","position":1,"name":"Accueil","item":"https:\/\/publissoft.dev\/spasante\/"},{"@type":"ListItem","position":2,"name":"Boutique","item":"https:\/\/publissoft.dev\/spasante\/boutique\/"},{"@type":"ListItem","position":3,"name":"Bioterra &#8211; Gel de massage"}]},{"@type":"WebSite","@id":"https:\/\/publissoft.dev\/spasante\/#website","url":"https:\/\/publissoft.dev\/spasante\/","name":"Spa Sant\u00e9 Le N\u00e9nuphar","description":"","publisher":{"@id":"https:\/\/publissoft.dev\/spasante\/#organization"},"potentialAction":[{"@type":"SearchAction","target":{"@type":"EntryPoint","urlTemplate":"https:\/\/publissoft.dev\/spasante\/?s={search_term_string}"},"query-input":"required name=search_term_string"}],"inLanguage":"fr-CA"},{"@type":"Organization","@id":"https:\/\/publissoft.dev\/spasante\/#organization","name":"Spa Sant\u00e9 Le N\u00e9nuphar","url":"https:\/\/publissoft.dev\/spasante\/","logo":{"@type":"ImageObject","inLanguage":"fr-CA","@id":"https:\/\/publissoft.dev\/spasante\/#\/schema\/logo\/image\/","url":"https:\/\/publissoft.dev\/spasante\/wp-content\/uploads\/2022\/11\/logo-jpg.jpeg","contentUrl":"https:\/\/publissoft.dev\/spasante\/wp-content\/uploads\/2022\/11\/logo-jpg.jpeg","width":900,"height":900,"caption":"Spa Sant\u00e9 Le N\u00e9nuphar"},"image":{"@id":"https:\/\/publissoft.dev\/spasante\/#\/schema\/logo\/image\/"},"sameAs":["https:\/\/www.facebook.com\/SpaSanteLeNenuphar","https:\/\/www.instagram.com\/spasantelenenuphar\/?hl=fr"]}]}},"_links":{"self":[{"href":"https:\/\/publissoft.dev\/spasante\/wp-json\/wp\/v2\/product\/7553","targetHints":{"allow":["GET"]}}],"collection":[{"href":"https:\/\/publissoft.dev\/spasante\/wp-json\/wp\/v2\/product"}],"about":[{"href":"https:\/\/publissoft.dev\/spasante\/wp-json\/wp\/v2\/types\/product"}],"wp:featuredmedia":[{"embeddable":true,"href":"https:\/\/publissoft.dev\/spasante\/wp-json\/wp\/v2\/media\/7554"}],"wp:attachment":[{"href":"https:\/\/publissoft.dev\/spasante\/wp-json\/wp\/v2\/media?parent=7553"}],"wp:term":[{"taxonomy":"product_cat","embeddable":true,"href":"https:\/\/publissoft.dev\/spasante\/wp-json\/wp\/v2\/product_cat?post=7553"},{"taxonomy":"product_tag","embeddable":true,"href":"https:\/\/publissoft.dev\/spasante\/wp-json\/wp\/v2\/product_tag?post=7553"},{"taxonomy":"giftcard-category","embeddable":true,"href":"https:\/\/publissoft.dev\/spasante\/wp-json\/wp\/v2\/giftcard-category?post=7553"}],"curies":[{"name":"wp","href":"https:\/\/api.w.org\/{rel}","templated":true}]}}