{"id":7557,"date":"2024-04-02T12:40:57","date_gmt":"2024-04-02T16:40:57","guid":{"rendered":"https:\/\/publissoft.dev\/spasante\/?post_type=product&#038;p=7557"},"modified":"2024-04-02T12:52:11","modified_gmt":"2024-04-02T16:52:11","slug":"bioterra-huile-a-massage-precieuse","status":"publish","type":"product","link":"https:\/\/publissoft.dev\/spasante\/produit\/bioterra-huile-a-massage-precieuse\/","title":{"rendered":"Bioterra &#8211; Huile \u00e0 massage PR\u00c9CIEUSE"},"content":{"rendered":"<p><strong>Offrez une sensation de douceur velout\u00e9e avec l&#8217;Huile \u00e0 massage Pr\u00e9cieuse.<\/strong><\/p>\n<p>Cette huile de massage pure et sans essence ajout\u00e9e est id\u00e9ale pour les <strong>peaux sensibles ou allergiques<\/strong>. Ne contenant pas de noix ni d&#8217;ingr\u00e9dients irritants, elle est parfaite pour tous!<\/p>\n<p>De plus, personnalisez votre huile \u00e0 massage selon vos besoins en additionnant le complexe d&#8217;<a title=\"Huiles essentielles\" href=\"https:\/\/www.cliniquelafontaine.com\/collections\/huiles-essentielles\">huiles essentielles<\/a> Bioterra ou OrthoCure de votre choix. Vous pourrez ainsi\u00a0formuler une huile \u00e0 massage unique et cr\u00e9er des soins sur mesure et plus flexibles<\/p>\n","protected":false},"excerpt":{"rendered":"<p>Offrez une sensation de douceur velout\u00e9e avec l&#8217;Huile \u00e0 massage Pr\u00e9cieuse. Cette huile de massage pure et sans essence ajout\u00e9e est id\u00e9ale pour les peaux sensibles ou allergiques. Ne contenant pas de noix ni d&#8217;ingr\u00e9dients irritants, elle est parfaite pour tous! De plus, personnalisez votre huile \u00e0 massage selon vos besoins en additionnant le complexe &hellip;<\/p>\n","protected":false},"featured_media":7560,"template":"","meta":{"_acf_changed":false,"_genesis_hide_title":false,"_genesis_hide_breadcrumbs":false,"_genesis_hide_singular_image":false,"_genesis_hide_footer_widgets":false,"_genesis_custom_body_class":"","_genesis_custom_post_class":"","_genesis_layout":""},"product_cat":[69],"product_tag":[],"giftcard-category":[],"class_list":{"0":"post-7557","1":"product","2":"type-product","3":"status-publish","4":"has-post-thumbnail","6":"product_cat-orthocure","7":"entry","9":"first","10":"instock","11":"taxable","12":"shipping-taxable","13":"purchasable","14":"product-type-simple"},"acf":[],"yoast_head":"<!-- This site is optimized with the Yoast SEO plugin v22.5 - https:\/\/yoast.com\/wordpress\/plugins\/seo\/ -->\n<title>Bioterra - Huile \u00e0 massage PR\u00c9CIEUSE - Spa Sant\u00e9 Le N\u00e9nuphar<\/title>\n<meta name=\"robots\" content=\"noindex, follow, max-snippet:-1, max-image-preview:large, max-video-preview:-1\" \/>\n<meta property=\"og:locale\" content=\"fr_CA\" \/>\n<meta property=\"og:type\" content=\"article\" \/>\n<meta property=\"og:title\" content=\"Bioterra - Huile \u00e0 massage PR\u00c9CIEUSE - Spa Sant\u00e9 Le N\u00e9nuphar\" \/>\n<meta property=\"og:description\" content=\"Offrez une sensation de douceur velout\u00e9e avec l&#8217;Huile \u00e0 massage Pr\u00e9cieuse. Cette huile de massage pure et sans essence ajout\u00e9e est id\u00e9ale pour les peaux sensibles ou allergiques. Ne contenant pas de noix ni d&#8217;ingr\u00e9dients irritants, elle est parfaite pour tous! De plus, personnalisez votre huile \u00e0 massage selon vos besoins en additionnant le complexe &hellip;\" \/>\n<meta property=\"og:url\" content=\"https:\/\/publissoft.dev\/spasante\/produit\/bioterra-huile-a-massage-precieuse\/\" \/>\n<meta property=\"og:site_name\" content=\"Spa Sant\u00e9 Le N\u00e9nuphar\" \/>\n<meta property=\"article:publisher\" content=\"https:\/\/www.facebook.com\/SpaSanteLeNenuphar\" \/>\n<meta property=\"article:modified_time\" content=\"2024-04-02T16:52:11+00:00\" \/>\n<meta property=\"og:image\" content=\"https:\/\/publissoft.dev\/spasante\/wp-content\/uploads\/2024\/04\/Capture-decran-le-2024-04-02-a-12.25.39.png\" \/>\n\t<meta property=\"og:image:width\" content=\"674\" \/>\n\t<meta property=\"og:image:height\" content=\"1080\" \/>\n\t<meta property=\"og:image:type\" content=\"image\/png\" \/>\n<meta name=\"twitter:card\" content=\"summary_large_image\" \/>\n<meta name=\"twitter:label1\" content=\"Estimation du temps de lecture\" \/>\n\t<meta name=\"twitter:data1\" content=\"1 minute\" \/>\n<script type=\"application\/ld+json\" class=\"yoast-schema-graph\">{\"@context\":\"https:\/\/schema.org\",\"@graph\":[{\"@type\":\"WebPage\",\"@id\":\"https:\/\/publissoft.dev\/spasante\/produit\/bioterra-huile-a-massage-precieuse\/\",\"url\":\"https:\/\/publissoft.dev\/spasante\/produit\/bioterra-huile-a-massage-precieuse\/\",\"name\":\"Bioterra - Huile \u00e0 massage PR\u00c9CIEUSE - Spa Sant\u00e9 Le N\u00e9nuphar\",\"isPartOf\":{\"@id\":\"https:\/\/publissoft.dev\/spasante\/#website\"},\"primaryImageOfPage\":{\"@id\":\"https:\/\/publissoft.dev\/spasante\/produit\/bioterra-huile-a-massage-precieuse\/#primaryimage\"},\"image\":{\"@id\":\"https:\/\/publissoft.dev\/spasante\/produit\/bioterra-huile-a-massage-precieuse\/#primaryimage\"},\"thumbnailUrl\":\"https:\/\/publissoft.dev\/spasante\/wp-content\/uploads\/2024\/04\/Capture-decran-le-2024-04-02-a-12.25.39.png\",\"datePublished\":\"2024-04-02T16:40:57+00:00\",\"dateModified\":\"2024-04-02T16:52:11+00:00\",\"breadcrumb\":{\"@id\":\"https:\/\/publissoft.dev\/spasante\/produit\/bioterra-huile-a-massage-precieuse\/#breadcrumb\"},\"inLanguage\":\"fr-CA\",\"potentialAction\":[{\"@type\":\"ReadAction\",\"target\":[\"https:\/\/publissoft.dev\/spasante\/produit\/bioterra-huile-a-massage-precieuse\/\"]}]},{\"@type\":\"ImageObject\",\"inLanguage\":\"fr-CA\",\"@id\":\"https:\/\/publissoft.dev\/spasante\/produit\/bioterra-huile-a-massage-precieuse\/#primaryimage\",\"url\":\"https:\/\/publissoft.dev\/spasante\/wp-content\/uploads\/2024\/04\/Capture-decran-le-2024-04-02-a-12.25.39.png\",\"contentUrl\":\"https:\/\/publissoft.dev\/spasante\/wp-content\/uploads\/2024\/04\/Capture-decran-le-2024-04-02-a-12.25.39.png\",\"width\":674,\"height\":1080},{\"@type\":\"BreadcrumbList\",\"@id\":\"https:\/\/publissoft.dev\/spasante\/produit\/bioterra-huile-a-massage-precieuse\/#breadcrumb\",\"itemListElement\":[{\"@type\":\"ListItem\",\"position\":1,\"name\":\"Accueil\",\"item\":\"https:\/\/publissoft.dev\/spasante\/\"},{\"@type\":\"ListItem\",\"position\":2,\"name\":\"Boutique\",\"item\":\"https:\/\/publissoft.dev\/spasante\/boutique\/\"},{\"@type\":\"ListItem\",\"position\":3,\"name\":\"Bioterra &#8211; Huile \u00e0 massage PR\u00c9CIEUSE\"}]},{\"@type\":\"WebSite\",\"@id\":\"https:\/\/publissoft.dev\/spasante\/#website\",\"url\":\"https:\/\/publissoft.dev\/spasante\/\",\"name\":\"Spa Sant\u00e9 Le N\u00e9nuphar\",\"description\":\"\",\"publisher\":{\"@id\":\"https:\/\/publissoft.dev\/spasante\/#organization\"},\"potentialAction\":[{\"@type\":\"SearchAction\",\"target\":{\"@type\":\"EntryPoint\",\"urlTemplate\":\"https:\/\/publissoft.dev\/spasante\/?s={search_term_string}\"},\"query-input\":\"required name=search_term_string\"}],\"inLanguage\":\"fr-CA\"},{\"@type\":\"Organization\",\"@id\":\"https:\/\/publissoft.dev\/spasante\/#organization\",\"name\":\"Spa Sant\u00e9 Le N\u00e9nuphar\",\"url\":\"https:\/\/publissoft.dev\/spasante\/\",\"logo\":{\"@type\":\"ImageObject\",\"inLanguage\":\"fr-CA\",\"@id\":\"https:\/\/publissoft.dev\/spasante\/#\/schema\/logo\/image\/\",\"url\":\"https:\/\/publissoft.dev\/spasante\/wp-content\/uploads\/2022\/11\/logo-jpg.jpeg\",\"contentUrl\":\"https:\/\/publissoft.dev\/spasante\/wp-content\/uploads\/2022\/11\/logo-jpg.jpeg\",\"width\":900,\"height\":900,\"caption\":\"Spa Sant\u00e9 Le N\u00e9nuphar\"},\"image\":{\"@id\":\"https:\/\/publissoft.dev\/spasante\/#\/schema\/logo\/image\/\"},\"sameAs\":[\"https:\/\/www.facebook.com\/SpaSanteLeNenuphar\",\"https:\/\/www.instagram.com\/spasantelenenuphar\/?hl=fr\"]}]}<\/script>\n<!-- \/ Yoast SEO plugin. -->","yoast_head_json":{"title":"Bioterra - Huile \u00e0 massage PR\u00c9CIEUSE - Spa Sant\u00e9 Le N\u00e9nuphar","robots":{"index":"noindex","follow":"follow","max-snippet":"max-snippet:-1","max-image-preview":"max-image-preview:large","max-video-preview":"max-video-preview:-1"},"og_locale":"fr_CA","og_type":"article","og_title":"Bioterra - Huile \u00e0 massage PR\u00c9CIEUSE - Spa Sant\u00e9 Le N\u00e9nuphar","og_description":"Offrez une sensation de douceur velout\u00e9e avec l&#8217;Huile \u00e0 massage Pr\u00e9cieuse. Cette huile de massage pure et sans essence ajout\u00e9e est id\u00e9ale pour les peaux sensibles ou allergiques. Ne contenant pas de noix ni d&#8217;ingr\u00e9dients irritants, elle est parfaite pour tous! De plus, personnalisez votre huile \u00e0 massage selon vos besoins en additionnant le complexe &hellip;","og_url":"https:\/\/publissoft.dev\/spasante\/produit\/bioterra-huile-a-massage-precieuse\/","og_site_name":"Spa Sant\u00e9 Le N\u00e9nuphar","article_publisher":"https:\/\/www.facebook.com\/SpaSanteLeNenuphar","article_modified_time":"2024-04-02T16:52:11+00:00","og_image":[{"width":674,"height":1080,"url":"https:\/\/publissoft.dev\/spasante\/wp-content\/uploads\/2024\/04\/Capture-decran-le-2024-04-02-a-12.25.39.png","type":"image\/png"}],"twitter_card":"summary_large_image","twitter_misc":{"Estimation du temps de lecture":"1 minute"},"schema":{"@context":"https:\/\/schema.org","@graph":[{"@type":"WebPage","@id":"https:\/\/publissoft.dev\/spasante\/produit\/bioterra-huile-a-massage-precieuse\/","url":"https:\/\/publissoft.dev\/spasante\/produit\/bioterra-huile-a-massage-precieuse\/","name":"Bioterra - Huile \u00e0 massage PR\u00c9CIEUSE - Spa Sant\u00e9 Le N\u00e9nuphar","isPartOf":{"@id":"https:\/\/publissoft.dev\/spasante\/#website"},"primaryImageOfPage":{"@id":"https:\/\/publissoft.dev\/spasante\/produit\/bioterra-huile-a-massage-precieuse\/#primaryimage"},"image":{"@id":"https:\/\/publissoft.dev\/spasante\/produit\/bioterra-huile-a-massage-precieuse\/#primaryimage"},"thumbnailUrl":"https:\/\/publissoft.dev\/spasante\/wp-content\/uploads\/2024\/04\/Capture-decran-le-2024-04-02-a-12.25.39.png","datePublished":"2024-04-02T16:40:57+00:00","dateModified":"2024-04-02T16:52:11+00:00","breadcrumb":{"@id":"https:\/\/publissoft.dev\/spasante\/produit\/bioterra-huile-a-massage-precieuse\/#breadcrumb"},"inLanguage":"fr-CA","potentialAction":[{"@type":"ReadAction","target":["https:\/\/publissoft.dev\/spasante\/produit\/bioterra-huile-a-massage-precieuse\/"]}]},{"@type":"ImageObject","inLanguage":"fr-CA","@id":"https:\/\/publissoft.dev\/spasante\/produit\/bioterra-huile-a-massage-precieuse\/#primaryimage","url":"https:\/\/publissoft.dev\/spasante\/wp-content\/uploads\/2024\/04\/Capture-decran-le-2024-04-02-a-12.25.39.png","contentUrl":"https:\/\/publissoft.dev\/spasante\/wp-content\/uploads\/2024\/04\/Capture-decran-le-2024-04-02-a-12.25.39.png","width":674,"height":1080},{"@type":"BreadcrumbList","@id":"https:\/\/publissoft.dev\/spasante\/produit\/bioterra-huile-a-massage-precieuse\/#breadcrumb","itemListElement":[{"@type":"ListItem","position":1,"name":"Accueil","item":"https:\/\/publissoft.dev\/spasante\/"},{"@type":"ListItem","position":2,"name":"Boutique","item":"https:\/\/publissoft.dev\/spasante\/boutique\/"},{"@type":"ListItem","position":3,"name":"Bioterra &#8211; Huile \u00e0 massage PR\u00c9CIEUSE"}]},{"@type":"WebSite","@id":"https:\/\/publissoft.dev\/spasante\/#website","url":"https:\/\/publissoft.dev\/spasante\/","name":"Spa Sant\u00e9 Le N\u00e9nuphar","description":"","publisher":{"@id":"https:\/\/publissoft.dev\/spasante\/#organization"},"potentialAction":[{"@type":"SearchAction","target":{"@type":"EntryPoint","urlTemplate":"https:\/\/publissoft.dev\/spasante\/?s={search_term_string}"},"query-input":"required name=search_term_string"}],"inLanguage":"fr-CA"},{"@type":"Organization","@id":"https:\/\/publissoft.dev\/spasante\/#organization","name":"Spa Sant\u00e9 Le N\u00e9nuphar","url":"https:\/\/publissoft.dev\/spasante\/","logo":{"@type":"ImageObject","inLanguage":"fr-CA","@id":"https:\/\/publissoft.dev\/spasante\/#\/schema\/logo\/image\/","url":"https:\/\/publissoft.dev\/spasante\/wp-content\/uploads\/2022\/11\/logo-jpg.jpeg","contentUrl":"https:\/\/publissoft.dev\/spasante\/wp-content\/uploads\/2022\/11\/logo-jpg.jpeg","width":900,"height":900,"caption":"Spa Sant\u00e9 Le N\u00e9nuphar"},"image":{"@id":"https:\/\/publissoft.dev\/spasante\/#\/schema\/logo\/image\/"},"sameAs":["https:\/\/www.facebook.com\/SpaSanteLeNenuphar","https:\/\/www.instagram.com\/spasantelenenuphar\/?hl=fr"]}]}},"_links":{"self":[{"href":"https:\/\/publissoft.dev\/spasante\/wp-json\/wp\/v2\/product\/7557","targetHints":{"allow":["GET"]}}],"collection":[{"href":"https:\/\/publissoft.dev\/spasante\/wp-json\/wp\/v2\/product"}],"about":[{"href":"https:\/\/publissoft.dev\/spasante\/wp-json\/wp\/v2\/types\/product"}],"wp:featuredmedia":[{"embeddable":true,"href":"https:\/\/publissoft.dev\/spasante\/wp-json\/wp\/v2\/media\/7560"}],"wp:attachment":[{"href":"https:\/\/publissoft.dev\/spasante\/wp-json\/wp\/v2\/media?parent=7557"}],"wp:term":[{"taxonomy":"product_cat","embeddable":true,"href":"https:\/\/publissoft.dev\/spasante\/wp-json\/wp\/v2\/product_cat?post=7557"},{"taxonomy":"product_tag","embeddable":true,"href":"https:\/\/publissoft.dev\/spasante\/wp-json\/wp\/v2\/product_tag?post=7557"},{"taxonomy":"giftcard-category","embeddable":true,"href":"https:\/\/publissoft.dev\/spasante\/wp-json\/wp\/v2\/giftcard-category?post=7557"}],"curies":[{"name":"wp","href":"https:\/\/api.w.org\/{rel}","templated":true}]}}