{"id":7602,"date":"2024-04-19T12:57:57","date_gmt":"2024-04-19T16:57:57","guid":{"rendered":"https:\/\/publissoft.dev\/spasante\/?post_type=product&#038;p=7602"},"modified":"2024-04-19T12:57:58","modified_gmt":"2024-04-19T16:57:58","slug":"nuda-serum-solaire-mineral-solarglow","status":"publish","type":"product","link":"https:\/\/publissoft.dev\/spasante\/produit\/nuda-serum-solaire-mineral-solarglow\/","title":{"rendered":"Nuda &#8211; S\u00e9rum solaire min\u00e9ral SolarGlow"},"content":{"rendered":"<p>D\u00e9couvrez l&#8217;\u00e9cran solaire tout-en-un SolarGlow\u2122, un s\u00e9rum \u00e9cran solaire min\u00e9ral superfluide formul\u00e9 pour hydrater, repulper et prot\u00e9ger. Cette formule l\u00e9g\u00e8re et non com\u00e9dog\u00e8ne est enrichie en vitamine E, niacinamide et squal\u00e8ne pour hydrater, nourrir et illuminer votre peau \u00e0 chaque application. Gr\u00e2ce au pouvoir protecteur du zinc, ce s\u00e9rum avanc\u00e9 \u00e0 large spectre FPS 30 prot\u00e8ge contre les rayons UVA et UVB, garantissant une peau saine et \u00e9clatante. Con\u00e7u pour un usage quotidien, SolarGlow\u2122 s&#8217;int\u00e8gre parfaitement \u00e0 votre routine de soins, offrant un fini naturel, l\u00e9ger et lumineux. Cette formule a \u00e9t\u00e9 cr\u00e9\u00e9e dans un souci de diversit\u00e9, pour r\u00e9pondre aux besoins de tous les types et tons de peau, sans laisser de traces blanches, de r\u00e9sidus ou de pores obstru\u00e9s.<\/p>\n<p>Rehausser votre routine de soins de la peau et am\u00e9liorez vos soins pr\u00e9ventifs avec SolarGlow\u2122<\/p>\n","protected":false},"excerpt":{"rendered":"<p>D\u00e9couvrez l&#8217;\u00e9cran solaire tout-en-un SolarGlow\u2122, un s\u00e9rum \u00e9cran solaire min\u00e9ral superfluide formul\u00e9 pour hydrater, repulper et prot\u00e9ger. Cette formule l\u00e9g\u00e8re et non com\u00e9dog\u00e8ne est enrichie en vitamine E, niacinamide et squal\u00e8ne pour hydrater, nourrir et illuminer votre peau \u00e0 chaque application. Gr\u00e2ce au pouvoir protecteur du zinc, ce s\u00e9rum avanc\u00e9 \u00e0 large spectre FPS 30 &hellip;<\/p>\n","protected":false},"featured_media":7603,"template":"","meta":{"_acf_changed":false,"_genesis_hide_title":false,"_genesis_hide_breadcrumbs":false,"_genesis_hide_singular_image":false,"_genesis_hide_footer_widgets":false,"_genesis_custom_body_class":"","_genesis_custom_post_class":"","_genesis_layout":""},"product_cat":[37,35],"product_tag":[],"giftcard-category":[],"class_list":{"0":"post-7602","1":"product","2":"type-product","3":"status-publish","4":"has-post-thumbnail","6":"product_cat-produits","7":"product_cat-nuda","8":"entry","10":"first","11":"instock","12":"taxable","13":"shipping-taxable","14":"purchasable","15":"product-type-simple"},"acf":[],"yoast_head":"<!-- This site is optimized with the Yoast SEO plugin v22.5 - https:\/\/yoast.com\/wordpress\/plugins\/seo\/ -->\n<title>Nuda - S\u00e9rum solaire min\u00e9ral SolarGlow - Spa Sant\u00e9 Le N\u00e9nuphar<\/title>\n<meta name=\"robots\" content=\"noindex, follow, max-snippet:-1, max-image-preview:large, max-video-preview:-1\" \/>\n<meta property=\"og:locale\" content=\"fr_CA\" \/>\n<meta property=\"og:type\" content=\"article\" \/>\n<meta property=\"og:title\" content=\"Nuda - S\u00e9rum solaire min\u00e9ral SolarGlow - Spa Sant\u00e9 Le N\u00e9nuphar\" \/>\n<meta property=\"og:description\" content=\"D\u00e9couvrez l&#8217;\u00e9cran solaire tout-en-un SolarGlow\u2122, un s\u00e9rum \u00e9cran solaire min\u00e9ral superfluide formul\u00e9 pour hydrater, repulper et prot\u00e9ger. Cette formule l\u00e9g\u00e8re et non com\u00e9dog\u00e8ne est enrichie en vitamine E, niacinamide et squal\u00e8ne pour hydrater, nourrir et illuminer votre peau \u00e0 chaque application. Gr\u00e2ce au pouvoir protecteur du zinc, ce s\u00e9rum avanc\u00e9 \u00e0 large spectre FPS 30 &hellip;\" \/>\n<meta property=\"og:url\" content=\"https:\/\/publissoft.dev\/spasante\/produit\/nuda-serum-solaire-mineral-solarglow\/\" \/>\n<meta property=\"og:site_name\" content=\"Spa Sant\u00e9 Le N\u00e9nuphar\" \/>\n<meta property=\"article:publisher\" content=\"https:\/\/www.facebook.com\/SpaSanteLeNenuphar\" \/>\n<meta property=\"article:modified_time\" content=\"2024-04-19T16:57:58+00:00\" \/>\n<meta property=\"og:image\" content=\"https:\/\/publissoft.dev\/spasante\/wp-content\/uploads\/2024\/04\/Capture-decran-le-2024-04-19-a-12.55.28.png\" \/>\n\t<meta property=\"og:image:width\" content=\"580\" \/>\n\t<meta property=\"og:image:height\" content=\"748\" \/>\n\t<meta property=\"og:image:type\" content=\"image\/png\" \/>\n<meta name=\"twitter:card\" content=\"summary_large_image\" \/>\n<meta name=\"twitter:label1\" content=\"Estimation du temps de lecture\" \/>\n\t<meta name=\"twitter:data1\" content=\"1 minute\" \/>\n<script type=\"application\/ld+json\" class=\"yoast-schema-graph\">{\"@context\":\"https:\/\/schema.org\",\"@graph\":[{\"@type\":\"WebPage\",\"@id\":\"https:\/\/publissoft.dev\/spasante\/produit\/nuda-serum-solaire-mineral-solarglow\/\",\"url\":\"https:\/\/publissoft.dev\/spasante\/produit\/nuda-serum-solaire-mineral-solarglow\/\",\"name\":\"Nuda - S\u00e9rum solaire min\u00e9ral SolarGlow - Spa Sant\u00e9 Le N\u00e9nuphar\",\"isPartOf\":{\"@id\":\"https:\/\/publissoft.dev\/spasante\/#website\"},\"primaryImageOfPage\":{\"@id\":\"https:\/\/publissoft.dev\/spasante\/produit\/nuda-serum-solaire-mineral-solarglow\/#primaryimage\"},\"image\":{\"@id\":\"https:\/\/publissoft.dev\/spasante\/produit\/nuda-serum-solaire-mineral-solarglow\/#primaryimage\"},\"thumbnailUrl\":\"https:\/\/publissoft.dev\/spasante\/wp-content\/uploads\/2024\/04\/Capture-decran-le-2024-04-19-a-12.55.28.png\",\"datePublished\":\"2024-04-19T16:57:57+00:00\",\"dateModified\":\"2024-04-19T16:57:58+00:00\",\"breadcrumb\":{\"@id\":\"https:\/\/publissoft.dev\/spasante\/produit\/nuda-serum-solaire-mineral-solarglow\/#breadcrumb\"},\"inLanguage\":\"fr-CA\",\"potentialAction\":[{\"@type\":\"ReadAction\",\"target\":[\"https:\/\/publissoft.dev\/spasante\/produit\/nuda-serum-solaire-mineral-solarglow\/\"]}]},{\"@type\":\"ImageObject\",\"inLanguage\":\"fr-CA\",\"@id\":\"https:\/\/publissoft.dev\/spasante\/produit\/nuda-serum-solaire-mineral-solarglow\/#primaryimage\",\"url\":\"https:\/\/publissoft.dev\/spasante\/wp-content\/uploads\/2024\/04\/Capture-decran-le-2024-04-19-a-12.55.28.png\",\"contentUrl\":\"https:\/\/publissoft.dev\/spasante\/wp-content\/uploads\/2024\/04\/Capture-decran-le-2024-04-19-a-12.55.28.png\",\"width\":580,\"height\":748},{\"@type\":\"BreadcrumbList\",\"@id\":\"https:\/\/publissoft.dev\/spasante\/produit\/nuda-serum-solaire-mineral-solarglow\/#breadcrumb\",\"itemListElement\":[{\"@type\":\"ListItem\",\"position\":1,\"name\":\"Accueil\",\"item\":\"https:\/\/publissoft.dev\/spasante\/\"},{\"@type\":\"ListItem\",\"position\":2,\"name\":\"Boutique\",\"item\":\"https:\/\/publissoft.dev\/spasante\/boutique\/\"},{\"@type\":\"ListItem\",\"position\":3,\"name\":\"Nuda &#8211; S\u00e9rum solaire min\u00e9ral SolarGlow\"}]},{\"@type\":\"WebSite\",\"@id\":\"https:\/\/publissoft.dev\/spasante\/#website\",\"url\":\"https:\/\/publissoft.dev\/spasante\/\",\"name\":\"Spa Sant\u00e9 Le N\u00e9nuphar\",\"description\":\"\",\"publisher\":{\"@id\":\"https:\/\/publissoft.dev\/spasante\/#organization\"},\"potentialAction\":[{\"@type\":\"SearchAction\",\"target\":{\"@type\":\"EntryPoint\",\"urlTemplate\":\"https:\/\/publissoft.dev\/spasante\/?s={search_term_string}\"},\"query-input\":\"required name=search_term_string\"}],\"inLanguage\":\"fr-CA\"},{\"@type\":\"Organization\",\"@id\":\"https:\/\/publissoft.dev\/spasante\/#organization\",\"name\":\"Spa Sant\u00e9 Le N\u00e9nuphar\",\"url\":\"https:\/\/publissoft.dev\/spasante\/\",\"logo\":{\"@type\":\"ImageObject\",\"inLanguage\":\"fr-CA\",\"@id\":\"https:\/\/publissoft.dev\/spasante\/#\/schema\/logo\/image\/\",\"url\":\"https:\/\/publissoft.dev\/spasante\/wp-content\/uploads\/2022\/11\/logo-jpg.jpeg\",\"contentUrl\":\"https:\/\/publissoft.dev\/spasante\/wp-content\/uploads\/2022\/11\/logo-jpg.jpeg\",\"width\":900,\"height\":900,\"caption\":\"Spa Sant\u00e9 Le N\u00e9nuphar\"},\"image\":{\"@id\":\"https:\/\/publissoft.dev\/spasante\/#\/schema\/logo\/image\/\"},\"sameAs\":[\"https:\/\/www.facebook.com\/SpaSanteLeNenuphar\",\"https:\/\/www.instagram.com\/spasantelenenuphar\/?hl=fr\"]}]}<\/script>\n<!-- \/ Yoast SEO plugin. -->","yoast_head_json":{"title":"Nuda - S\u00e9rum solaire min\u00e9ral SolarGlow - Spa Sant\u00e9 Le N\u00e9nuphar","robots":{"index":"noindex","follow":"follow","max-snippet":"max-snippet:-1","max-image-preview":"max-image-preview:large","max-video-preview":"max-video-preview:-1"},"og_locale":"fr_CA","og_type":"article","og_title":"Nuda - S\u00e9rum solaire min\u00e9ral SolarGlow - Spa Sant\u00e9 Le N\u00e9nuphar","og_description":"D\u00e9couvrez l&#8217;\u00e9cran solaire tout-en-un SolarGlow\u2122, un s\u00e9rum \u00e9cran solaire min\u00e9ral superfluide formul\u00e9 pour hydrater, repulper et prot\u00e9ger. Cette formule l\u00e9g\u00e8re et non com\u00e9dog\u00e8ne est enrichie en vitamine E, niacinamide et squal\u00e8ne pour hydrater, nourrir et illuminer votre peau \u00e0 chaque application. Gr\u00e2ce au pouvoir protecteur du zinc, ce s\u00e9rum avanc\u00e9 \u00e0 large spectre FPS 30 &hellip;","og_url":"https:\/\/publissoft.dev\/spasante\/produit\/nuda-serum-solaire-mineral-solarglow\/","og_site_name":"Spa Sant\u00e9 Le N\u00e9nuphar","article_publisher":"https:\/\/www.facebook.com\/SpaSanteLeNenuphar","article_modified_time":"2024-04-19T16:57:58+00:00","og_image":[{"width":580,"height":748,"url":"https:\/\/publissoft.dev\/spasante\/wp-content\/uploads\/2024\/04\/Capture-decran-le-2024-04-19-a-12.55.28.png","type":"image\/png"}],"twitter_card":"summary_large_image","twitter_misc":{"Estimation du temps de lecture":"1 minute"},"schema":{"@context":"https:\/\/schema.org","@graph":[{"@type":"WebPage","@id":"https:\/\/publissoft.dev\/spasante\/produit\/nuda-serum-solaire-mineral-solarglow\/","url":"https:\/\/publissoft.dev\/spasante\/produit\/nuda-serum-solaire-mineral-solarglow\/","name":"Nuda - S\u00e9rum solaire min\u00e9ral SolarGlow - Spa Sant\u00e9 Le N\u00e9nuphar","isPartOf":{"@id":"https:\/\/publissoft.dev\/spasante\/#website"},"primaryImageOfPage":{"@id":"https:\/\/publissoft.dev\/spasante\/produit\/nuda-serum-solaire-mineral-solarglow\/#primaryimage"},"image":{"@id":"https:\/\/publissoft.dev\/spasante\/produit\/nuda-serum-solaire-mineral-solarglow\/#primaryimage"},"thumbnailUrl":"https:\/\/publissoft.dev\/spasante\/wp-content\/uploads\/2024\/04\/Capture-decran-le-2024-04-19-a-12.55.28.png","datePublished":"2024-04-19T16:57:57+00:00","dateModified":"2024-04-19T16:57:58+00:00","breadcrumb":{"@id":"https:\/\/publissoft.dev\/spasante\/produit\/nuda-serum-solaire-mineral-solarglow\/#breadcrumb"},"inLanguage":"fr-CA","potentialAction":[{"@type":"ReadAction","target":["https:\/\/publissoft.dev\/spasante\/produit\/nuda-serum-solaire-mineral-solarglow\/"]}]},{"@type":"ImageObject","inLanguage":"fr-CA","@id":"https:\/\/publissoft.dev\/spasante\/produit\/nuda-serum-solaire-mineral-solarglow\/#primaryimage","url":"https:\/\/publissoft.dev\/spasante\/wp-content\/uploads\/2024\/04\/Capture-decran-le-2024-04-19-a-12.55.28.png","contentUrl":"https:\/\/publissoft.dev\/spasante\/wp-content\/uploads\/2024\/04\/Capture-decran-le-2024-04-19-a-12.55.28.png","width":580,"height":748},{"@type":"BreadcrumbList","@id":"https:\/\/publissoft.dev\/spasante\/produit\/nuda-serum-solaire-mineral-solarglow\/#breadcrumb","itemListElement":[{"@type":"ListItem","position":1,"name":"Accueil","item":"https:\/\/publissoft.dev\/spasante\/"},{"@type":"ListItem","position":2,"name":"Boutique","item":"https:\/\/publissoft.dev\/spasante\/boutique\/"},{"@type":"ListItem","position":3,"name":"Nuda &#8211; S\u00e9rum solaire min\u00e9ral SolarGlow"}]},{"@type":"WebSite","@id":"https:\/\/publissoft.dev\/spasante\/#website","url":"https:\/\/publissoft.dev\/spasante\/","name":"Spa Sant\u00e9 Le N\u00e9nuphar","description":"","publisher":{"@id":"https:\/\/publissoft.dev\/spasante\/#organization"},"potentialAction":[{"@type":"SearchAction","target":{"@type":"EntryPoint","urlTemplate":"https:\/\/publissoft.dev\/spasante\/?s={search_term_string}"},"query-input":"required name=search_term_string"}],"inLanguage":"fr-CA"},{"@type":"Organization","@id":"https:\/\/publissoft.dev\/spasante\/#organization","name":"Spa Sant\u00e9 Le N\u00e9nuphar","url":"https:\/\/publissoft.dev\/spasante\/","logo":{"@type":"ImageObject","inLanguage":"fr-CA","@id":"https:\/\/publissoft.dev\/spasante\/#\/schema\/logo\/image\/","url":"https:\/\/publissoft.dev\/spasante\/wp-content\/uploads\/2022\/11\/logo-jpg.jpeg","contentUrl":"https:\/\/publissoft.dev\/spasante\/wp-content\/uploads\/2022\/11\/logo-jpg.jpeg","width":900,"height":900,"caption":"Spa Sant\u00e9 Le N\u00e9nuphar"},"image":{"@id":"https:\/\/publissoft.dev\/spasante\/#\/schema\/logo\/image\/"},"sameAs":["https:\/\/www.facebook.com\/SpaSanteLeNenuphar","https:\/\/www.instagram.com\/spasantelenenuphar\/?hl=fr"]}]}},"_links":{"self":[{"href":"https:\/\/publissoft.dev\/spasante\/wp-json\/wp\/v2\/product\/7602","targetHints":{"allow":["GET"]}}],"collection":[{"href":"https:\/\/publissoft.dev\/spasante\/wp-json\/wp\/v2\/product"}],"about":[{"href":"https:\/\/publissoft.dev\/spasante\/wp-json\/wp\/v2\/types\/product"}],"wp:featuredmedia":[{"embeddable":true,"href":"https:\/\/publissoft.dev\/spasante\/wp-json\/wp\/v2\/media\/7603"}],"wp:attachment":[{"href":"https:\/\/publissoft.dev\/spasante\/wp-json\/wp\/v2\/media?parent=7602"}],"wp:term":[{"taxonomy":"product_cat","embeddable":true,"href":"https:\/\/publissoft.dev\/spasante\/wp-json\/wp\/v2\/product_cat?post=7602"},{"taxonomy":"product_tag","embeddable":true,"href":"https:\/\/publissoft.dev\/spasante\/wp-json\/wp\/v2\/product_tag?post=7602"},{"taxonomy":"giftcard-category","embeddable":true,"href":"https:\/\/publissoft.dev\/spasante\/wp-json\/wp\/v2\/giftcard-category?post=7602"}],"curies":[{"name":"wp","href":"https:\/\/api.w.org\/{rel}","templated":true}]}}