{"id":77,"date":"2022-01-27T14:32:07","date_gmt":"2022-01-27T19:32:07","guid":{"rendered":"https:\/\/publissoft.dev\/spasante\/produit\/anti-acne-gel\/"},"modified":"2022-05-13T11:38:49","modified_gmt":"2022-05-13T15:38:49","slug":"anti-acne-gel-spa-sante-le-nenuphar","status":"publish","type":"product","link":"https:\/\/publissoft.dev\/spasante\/produit\/anti-acne-gel-spa-sante-le-nenuphar\/","title":{"rendered":"Aquafolia &#8211; Anti Acne Gel"},"content":{"rendered":"<div data-mce-fragment=\"1\">\n<h1 data-mce-fragment=\"1\">Anti-Acne Gel<\/h1>\n<\/div>\n<div data-mce-fragment=\"1\">\n<div data-mce-fragment=\"1\">\n<p data-mce-fragment=\"1\">Gel Anti-Imperfections (Europe)<\/p>\n<p data-mce-fragment=\"1\">Produit de sant\u00e9 naturel innovateur \u2013 Gel ultra-l\u00e9ger anti-acn\u00e9, cicatrisant et k\u00e9ratolytique. Favorise la cicatrisation et participe \u00e0 la r\u00e9duction des l\u00e9sions r\u00e9tentionnelles (com\u00e9dons ouverts, com\u00e9dons ferm\u00e9s, kystes) et des l\u00e9sions inflammatoires (papules, pustules et nodules).<\/p>\n<\/div>\n<\/div>\n<div data-mce-fragment=\"1\"><span data-mce-fragment=\"1\">Types de peaux<\/span><\/p>\n<div data-mce-fragment=\"1\">Peaux grasses et acn\u00e9iques<\/div>\n<\/div>\n<div data-mce-fragment=\"1\"><span data-mce-fragment=\"1\">Description<\/span><\/p>\n<div data-mce-fragment=\"1\">\n<p data-mce-fragment=\"1\">Gel ultra l\u00e9ger qui conf\u00e8re \u00e0 la peau une sensation de propret\u00e9. Aide \u00e0 r\u00e9duire les boutons, les com\u00e9dons et leur formation. Diminue l\u2019asphyxie cutan\u00e9e et la brillance. Favorise les d\u00e9fenses naturelles de la peau et la r\u00e9duction de l\u2019apparence des marques d\u2019acn\u00e9. Formule unissant deux mondes : l\u2019acide salicylique (actif occidental) et les phragmites kharka et poria cocos (ingr\u00e9dient du monde oriental m\u00e9dical) pour des r\u00e9sultats innovateurs sur l\u2019acn\u00e9.<\/p>\n<\/div>\n<\/div>\n<div data-mce-fragment=\"1\"><span data-mce-fragment=\"1\">Caract\u00e9ristiques et fonctions du produit<\/span><\/p>\n<div data-mce-fragment=\"1\">\n<ul data-mce-fragment=\"1\">\n<li data-mce-fragment=\"1\">Flacon\u00a0<em data-mce-fragment=\"1\">airless<\/em><\/li>\n<li data-mce-fragment=\"1\">Conf\u00e8re \u00e0 la peau une sensation de propret\u00e9.<\/li>\n<li data-mce-fragment=\"1\">Aide \u00e0 r\u00e9duire les boutons, les com\u00e9dons et leur formation,<\/li>\n<li data-mce-fragment=\"1\">Diminue l\u2019asphyxie cutan\u00e9e et la brillance<\/li>\n<li data-mce-fragment=\"1\">Favorise la r\u00e9duction de l\u2019apparence des marques d\u2019acn\u00e9<\/li>\n<li data-mce-fragment=\"1\">Favorise la cicatrisation de la peau.<\/li>\n<\/ul>\n<\/div>\n<\/div>\n<div data-mce-fragment=\"1\"><span data-mce-fragment=\"1\">Mode d&#8217;emploi<\/span><\/p>\n<div data-mce-fragment=\"1\">\n<p data-mce-fragment=\"1\">Apr\u00e8s le nettoyage de la peau, appliquer par massages l\u00e9gers, matin et soir, sur les zones affect\u00e9es.<\/p>\n<\/div>\n<\/div>\n<div data-mce-fragment=\"1\"><span data-mce-fragment=\"1\">Ingr\u00e9dients choisis<\/span><\/p>\n<div data-mce-fragment=\"1\">\n<ul data-mce-fragment=\"1\">\n<li data-mce-fragment=\"1\"><span data-mce-fragment=\"1\">Acide salicylique 2\u2009% grade USP<\/span>\u2009: K\u00e9ratolytique, com\u00e9dolytique et agent bact\u00e9riostatique favorisant l\u2019\u00e9limination des cellules mortes et diminuant l\u2019obstruction des follicules pilo-s\u00e9bac\u00e9s.<\/li>\n<li data-mce-fragment=\"1\"><span data-mce-fragment=\"1\">Extraits de Phragmites kharka et de Poria cocos<\/span>\u2009: Le Phragmite kharka, un gazon aquatique, est utilis\u00e9 en m\u00e9decine traditionnelle orientale. Le Poria cocos, ou Fu Ling Tuckahoe, est un champignon. Selon des \u00e9tudes in-vitro et in-vivo, ces deux extraits combin\u00e9s ont une action anti-inflammatoire. Ils favorisent la restoration de l\u2019int\u00e9grit\u00e9 de la peau.<\/li>\n<li data-mce-fragment=\"1\"><span data-mce-fragment=\"1\">Palminate d\u2019ascorbyle et Acide ascorbique (vitamine C)<\/span>\u2009: Antioxydants<\/li>\n<li data-mce-fragment=\"1\"><span data-mce-fragment=\"1\">Tocoph\u00e9rol (vitamine E)<\/span>\u2009: Antioxydant<\/li>\n<li data-mce-fragment=\"1\"><span data-mce-fragment=\"1\">Une mol\u00e9cule favorisant la p\u00e9n\u00e9tration cutan\u00e9e<\/span>\u2009: Le choix du syst\u00e8me de transport utilis\u00e9 dans une formule est en rapport direct avec la performance des ingr\u00e9dients. Ce syst\u00e8me favorise la p\u00e9n\u00e9tration des ingr\u00e9dients.<\/li>\n<\/ul>\n<\/div>\n<\/div>\n","protected":false},"excerpt":{"rendered":"<p>Anti-Acne Gel Gel Anti-Imperfections (Europe) Produit de sant\u00e9 naturel innovateur \u2013 Gel ultra-l\u00e9ger anti-acn\u00e9, cicatrisant et k\u00e9ratolytique. Favorise la cicatrisation et participe \u00e0 la r\u00e9duction des l\u00e9sions r\u00e9tentionnelles (com\u00e9dons ouverts, com\u00e9dons ferm\u00e9s, kystes) et des l\u00e9sions inflammatoires (papules, pustules et nodules). Types de peaux Peaux grasses et acn\u00e9iques Description Gel ultra l\u00e9ger qui conf\u00e8re \u00e0 &hellip;<\/p>\n","protected":false},"featured_media":97,"template":"","meta":{"_acf_changed":false,"_genesis_hide_title":false,"_genesis_hide_breadcrumbs":false,"_genesis_hide_singular_image":false,"_genesis_hide_footer_widgets":false,"_genesis_custom_body_class":"","_genesis_custom_post_class":"","_genesis_layout":""},"product_cat":[53,37,18,46],"product_tag":[],"giftcard-category":[],"class_list":{"0":"post-77","1":"product","2":"type-product","3":"status-publish","4":"has-post-thumbnail","6":"product_cat-gift-card","7":"product_cat-produits","8":"product_cat-aquafolia","9":"product_cat-tous","10":"entry","12":"first","13":"instock","14":"taxable","15":"shipping-taxable","16":"purchasable","17":"product-type-simple"},"acf":[],"yoast_head":"<!-- This site is optimized with the Yoast SEO plugin v22.5 - https:\/\/yoast.com\/wordpress\/plugins\/seo\/ -->\n<title>Aquafolia - Anti Acne Gel - Spa Sant\u00e9 Le N\u00e9nuphar<\/title>\n<meta name=\"description\" content=\"Gel anti-acn\u00e9ique - Produit de sant\u00e9 naturel innovant - Gel anti-acn\u00e9ique, cicatrisant et k\u00e9ratolytique ultra-l\u00e9ger. Int\u00e9ress\u00e9 ? Visitez notre site web !\" \/>\n<meta name=\"robots\" content=\"noindex, follow, max-snippet:-1, max-image-preview:large, max-video-preview:-1\" \/>\n<meta property=\"og:locale\" content=\"fr_CA\" \/>\n<meta property=\"og:type\" content=\"article\" \/>\n<meta property=\"og:title\" content=\"Aquafolia - Anti Acne Gel - Spa Sant\u00e9 Le N\u00e9nuphar\" \/>\n<meta property=\"og:description\" content=\"Gel anti-acn\u00e9ique - Produit de sant\u00e9 naturel innovant - Gel anti-acn\u00e9ique, cicatrisant et k\u00e9ratolytique ultra-l\u00e9ger. Int\u00e9ress\u00e9 ? Visitez notre site web !\" \/>\n<meta property=\"og:url\" content=\"https:\/\/publissoft.dev\/spasante\/produit\/anti-acne-gel-spa-sante-le-nenuphar\/\" \/>\n<meta property=\"og:site_name\" content=\"Spa Sant\u00e9 Le N\u00e9nuphar\" \/>\n<meta property=\"article:publisher\" content=\"https:\/\/www.facebook.com\/SpaSanteLeNenuphar\" \/>\n<meta property=\"article:modified_time\" content=\"2022-05-13T15:38:49+00:00\" \/>\n<meta property=\"og:image\" content=\"https:\/\/publissoft.dev\/spasante\/wp-content\/uploads\/2022\/01\/SpaSanteLeNenuphar_anti-acne-gel.jpg\" \/>\n\t<meta property=\"og:image:width\" content=\"240\" \/>\n\t<meta property=\"og:image:height\" content=\"300\" \/>\n\t<meta property=\"og:image:type\" content=\"image\/jpeg\" \/>\n<meta name=\"twitter:card\" content=\"summary_large_image\" \/>\n<meta name=\"twitter:label1\" content=\"Estimation du temps de lecture\" \/>\n\t<meta name=\"twitter:data1\" content=\"2 minutes\" \/>\n<script type=\"application\/ld+json\" class=\"yoast-schema-graph\">{\"@context\":\"https:\/\/schema.org\",\"@graph\":[{\"@type\":\"WebPage\",\"@id\":\"https:\/\/publissoft.dev\/spasante\/produit\/anti-acne-gel-spa-sante-le-nenuphar\/\",\"url\":\"https:\/\/publissoft.dev\/spasante\/produit\/anti-acne-gel-spa-sante-le-nenuphar\/\",\"name\":\"Aquafolia - Anti Acne Gel - Spa Sant\u00e9 Le N\u00e9nuphar\",\"isPartOf\":{\"@id\":\"https:\/\/publissoft.dev\/spasante\/#website\"},\"primaryImageOfPage\":{\"@id\":\"https:\/\/publissoft.dev\/spasante\/produit\/anti-acne-gel-spa-sante-le-nenuphar\/#primaryimage\"},\"image\":{\"@id\":\"https:\/\/publissoft.dev\/spasante\/produit\/anti-acne-gel-spa-sante-le-nenuphar\/#primaryimage\"},\"thumbnailUrl\":\"https:\/\/publissoft.dev\/spasante\/wp-content\/uploads\/2022\/01\/SpaSanteLeNenuphar_anti-acne-gel.jpg\",\"datePublished\":\"2022-01-27T19:32:07+00:00\",\"dateModified\":\"2022-05-13T15:38:49+00:00\",\"description\":\"Gel anti-acn\u00e9ique - Produit de sant\u00e9 naturel innovant - Gel anti-acn\u00e9ique, cicatrisant et k\u00e9ratolytique ultra-l\u00e9ger. Int\u00e9ress\u00e9 ? Visitez notre site web !\",\"breadcrumb\":{\"@id\":\"https:\/\/publissoft.dev\/spasante\/produit\/anti-acne-gel-spa-sante-le-nenuphar\/#breadcrumb\"},\"inLanguage\":\"fr-CA\",\"potentialAction\":[{\"@type\":\"ReadAction\",\"target\":[\"https:\/\/publissoft.dev\/spasante\/produit\/anti-acne-gel-spa-sante-le-nenuphar\/\"]}]},{\"@type\":\"ImageObject\",\"inLanguage\":\"fr-CA\",\"@id\":\"https:\/\/publissoft.dev\/spasante\/produit\/anti-acne-gel-spa-sante-le-nenuphar\/#primaryimage\",\"url\":\"https:\/\/publissoft.dev\/spasante\/wp-content\/uploads\/2022\/01\/SpaSanteLeNenuphar_anti-acne-gel.jpg\",\"contentUrl\":\"https:\/\/publissoft.dev\/spasante\/wp-content\/uploads\/2022\/01\/SpaSanteLeNenuphar_anti-acne-gel.jpg\",\"width\":240,\"height\":300},{\"@type\":\"BreadcrumbList\",\"@id\":\"https:\/\/publissoft.dev\/spasante\/produit\/anti-acne-gel-spa-sante-le-nenuphar\/#breadcrumb\",\"itemListElement\":[{\"@type\":\"ListItem\",\"position\":1,\"name\":\"Accueil\",\"item\":\"https:\/\/publissoft.dev\/spasante\/\"},{\"@type\":\"ListItem\",\"position\":2,\"name\":\"Boutique\",\"item\":\"https:\/\/publissoft.dev\/spasante\/boutique\/\"},{\"@type\":\"ListItem\",\"position\":3,\"name\":\"Aquafolia &#8211; Anti Acne Gel\"}]},{\"@type\":\"WebSite\",\"@id\":\"https:\/\/publissoft.dev\/spasante\/#website\",\"url\":\"https:\/\/publissoft.dev\/spasante\/\",\"name\":\"Spa Sant\u00e9 Le N\u00e9nuphar\",\"description\":\"\",\"publisher\":{\"@id\":\"https:\/\/publissoft.dev\/spasante\/#organization\"},\"potentialAction\":[{\"@type\":\"SearchAction\",\"target\":{\"@type\":\"EntryPoint\",\"urlTemplate\":\"https:\/\/publissoft.dev\/spasante\/?s={search_term_string}\"},\"query-input\":\"required name=search_term_string\"}],\"inLanguage\":\"fr-CA\"},{\"@type\":\"Organization\",\"@id\":\"https:\/\/publissoft.dev\/spasante\/#organization\",\"name\":\"Spa Sant\u00e9 Le N\u00e9nuphar\",\"url\":\"https:\/\/publissoft.dev\/spasante\/\",\"logo\":{\"@type\":\"ImageObject\",\"inLanguage\":\"fr-CA\",\"@id\":\"https:\/\/publissoft.dev\/spasante\/#\/schema\/logo\/image\/\",\"url\":\"https:\/\/publissoft.dev\/spasante\/wp-content\/uploads\/2022\/11\/logo-jpg.jpeg\",\"contentUrl\":\"https:\/\/publissoft.dev\/spasante\/wp-content\/uploads\/2022\/11\/logo-jpg.jpeg\",\"width\":900,\"height\":900,\"caption\":\"Spa Sant\u00e9 Le N\u00e9nuphar\"},\"image\":{\"@id\":\"https:\/\/publissoft.dev\/spasante\/#\/schema\/logo\/image\/\"},\"sameAs\":[\"https:\/\/www.facebook.com\/SpaSanteLeNenuphar\",\"https:\/\/www.instagram.com\/spasantelenenuphar\/?hl=fr\"]}]}<\/script>\n<!-- \/ Yoast SEO plugin. -->","yoast_head_json":{"title":"Aquafolia - Anti Acne Gel - Spa Sant\u00e9 Le N\u00e9nuphar","description":"Gel anti-acn\u00e9ique - Produit de sant\u00e9 naturel innovant - Gel anti-acn\u00e9ique, cicatrisant et k\u00e9ratolytique ultra-l\u00e9ger. Int\u00e9ress\u00e9 ? Visitez notre site web !","robots":{"index":"noindex","follow":"follow","max-snippet":"max-snippet:-1","max-image-preview":"max-image-preview:large","max-video-preview":"max-video-preview:-1"},"og_locale":"fr_CA","og_type":"article","og_title":"Aquafolia - Anti Acne Gel - Spa Sant\u00e9 Le N\u00e9nuphar","og_description":"Gel anti-acn\u00e9ique - Produit de sant\u00e9 naturel innovant - Gel anti-acn\u00e9ique, cicatrisant et k\u00e9ratolytique ultra-l\u00e9ger. Int\u00e9ress\u00e9 ? Visitez notre site web !","og_url":"https:\/\/publissoft.dev\/spasante\/produit\/anti-acne-gel-spa-sante-le-nenuphar\/","og_site_name":"Spa Sant\u00e9 Le N\u00e9nuphar","article_publisher":"https:\/\/www.facebook.com\/SpaSanteLeNenuphar","article_modified_time":"2022-05-13T15:38:49+00:00","og_image":[{"width":240,"height":300,"url":"https:\/\/publissoft.dev\/spasante\/wp-content\/uploads\/2022\/01\/SpaSanteLeNenuphar_anti-acne-gel.jpg","type":"image\/jpeg"}],"twitter_card":"summary_large_image","twitter_misc":{"Estimation du temps de lecture":"2 minutes"},"schema":{"@context":"https:\/\/schema.org","@graph":[{"@type":"WebPage","@id":"https:\/\/publissoft.dev\/spasante\/produit\/anti-acne-gel-spa-sante-le-nenuphar\/","url":"https:\/\/publissoft.dev\/spasante\/produit\/anti-acne-gel-spa-sante-le-nenuphar\/","name":"Aquafolia - Anti Acne Gel - Spa Sant\u00e9 Le N\u00e9nuphar","isPartOf":{"@id":"https:\/\/publissoft.dev\/spasante\/#website"},"primaryImageOfPage":{"@id":"https:\/\/publissoft.dev\/spasante\/produit\/anti-acne-gel-spa-sante-le-nenuphar\/#primaryimage"},"image":{"@id":"https:\/\/publissoft.dev\/spasante\/produit\/anti-acne-gel-spa-sante-le-nenuphar\/#primaryimage"},"thumbnailUrl":"https:\/\/publissoft.dev\/spasante\/wp-content\/uploads\/2022\/01\/SpaSanteLeNenuphar_anti-acne-gel.jpg","datePublished":"2022-01-27T19:32:07+00:00","dateModified":"2022-05-13T15:38:49+00:00","description":"Gel anti-acn\u00e9ique - Produit de sant\u00e9 naturel innovant - Gel anti-acn\u00e9ique, cicatrisant et k\u00e9ratolytique ultra-l\u00e9ger. Int\u00e9ress\u00e9 ? Visitez notre site web !","breadcrumb":{"@id":"https:\/\/publissoft.dev\/spasante\/produit\/anti-acne-gel-spa-sante-le-nenuphar\/#breadcrumb"},"inLanguage":"fr-CA","potentialAction":[{"@type":"ReadAction","target":["https:\/\/publissoft.dev\/spasante\/produit\/anti-acne-gel-spa-sante-le-nenuphar\/"]}]},{"@type":"ImageObject","inLanguage":"fr-CA","@id":"https:\/\/publissoft.dev\/spasante\/produit\/anti-acne-gel-spa-sante-le-nenuphar\/#primaryimage","url":"https:\/\/publissoft.dev\/spasante\/wp-content\/uploads\/2022\/01\/SpaSanteLeNenuphar_anti-acne-gel.jpg","contentUrl":"https:\/\/publissoft.dev\/spasante\/wp-content\/uploads\/2022\/01\/SpaSanteLeNenuphar_anti-acne-gel.jpg","width":240,"height":300},{"@type":"BreadcrumbList","@id":"https:\/\/publissoft.dev\/spasante\/produit\/anti-acne-gel-spa-sante-le-nenuphar\/#breadcrumb","itemListElement":[{"@type":"ListItem","position":1,"name":"Accueil","item":"https:\/\/publissoft.dev\/spasante\/"},{"@type":"ListItem","position":2,"name":"Boutique","item":"https:\/\/publissoft.dev\/spasante\/boutique\/"},{"@type":"ListItem","position":3,"name":"Aquafolia &#8211; Anti Acne Gel"}]},{"@type":"WebSite","@id":"https:\/\/publissoft.dev\/spasante\/#website","url":"https:\/\/publissoft.dev\/spasante\/","name":"Spa Sant\u00e9 Le N\u00e9nuphar","description":"","publisher":{"@id":"https:\/\/publissoft.dev\/spasante\/#organization"},"potentialAction":[{"@type":"SearchAction","target":{"@type":"EntryPoint","urlTemplate":"https:\/\/publissoft.dev\/spasante\/?s={search_term_string}"},"query-input":"required name=search_term_string"}],"inLanguage":"fr-CA"},{"@type":"Organization","@id":"https:\/\/publissoft.dev\/spasante\/#organization","name":"Spa Sant\u00e9 Le N\u00e9nuphar","url":"https:\/\/publissoft.dev\/spasante\/","logo":{"@type":"ImageObject","inLanguage":"fr-CA","@id":"https:\/\/publissoft.dev\/spasante\/#\/schema\/logo\/image\/","url":"https:\/\/publissoft.dev\/spasante\/wp-content\/uploads\/2022\/11\/logo-jpg.jpeg","contentUrl":"https:\/\/publissoft.dev\/spasante\/wp-content\/uploads\/2022\/11\/logo-jpg.jpeg","width":900,"height":900,"caption":"Spa Sant\u00e9 Le N\u00e9nuphar"},"image":{"@id":"https:\/\/publissoft.dev\/spasante\/#\/schema\/logo\/image\/"},"sameAs":["https:\/\/www.facebook.com\/SpaSanteLeNenuphar","https:\/\/www.instagram.com\/spasantelenenuphar\/?hl=fr"]}]}},"_links":{"self":[{"href":"https:\/\/publissoft.dev\/spasante\/wp-json\/wp\/v2\/product\/77","targetHints":{"allow":["GET"]}}],"collection":[{"href":"https:\/\/publissoft.dev\/spasante\/wp-json\/wp\/v2\/product"}],"about":[{"href":"https:\/\/publissoft.dev\/spasante\/wp-json\/wp\/v2\/types\/product"}],"wp:featuredmedia":[{"embeddable":true,"href":"https:\/\/publissoft.dev\/spasante\/wp-json\/wp\/v2\/media\/97"}],"wp:attachment":[{"href":"https:\/\/publissoft.dev\/spasante\/wp-json\/wp\/v2\/media?parent=77"}],"wp:term":[{"taxonomy":"product_cat","embeddable":true,"href":"https:\/\/publissoft.dev\/spasante\/wp-json\/wp\/v2\/product_cat?post=77"},{"taxonomy":"product_tag","embeddable":true,"href":"https:\/\/publissoft.dev\/spasante\/wp-json\/wp\/v2\/product_tag?post=77"},{"taxonomy":"giftcard-category","embeddable":true,"href":"https:\/\/publissoft.dev\/spasante\/wp-json\/wp\/v2\/giftcard-category?post=77"}],"curies":[{"name":"wp","href":"https:\/\/api.w.org\/{rel}","templated":true}]}}