{"id":791,"date":"2022-01-27T14:37:54","date_gmt":"2022-01-27T14:37:54","guid":{"rendered":"https:\/\/publissoft.dev\/spasante\/produit\/glo-nettoyant-a-pinceaux\/"},"modified":"2024-03-12T14:24:08","modified_gmt":"2024-03-12T18:24:08","slug":"glo-nettoyant-a-pinceaux","status":"publish","type":"product","link":"https:\/\/publissoft.dev\/spasante\/produit\/glo-nettoyant-a-pinceaux\/","title":{"rendered":"Glo &#8211; Nettoyant \u00e0 pinceaux"},"content":{"rendered":"<p id=\"tw-target-text\" class=\"tw-data-text tw-text-large tw-ta\" dir=\"ltr\" data-placeholder=\"Traduction\" data-mce-fragment=\"1\"><span class=\"Y2IQFc\" lang=\"fr\" data-mce-fragment=\"1\">Prot\u00e9gez vos pinceaux de maquillage en les gardant propres, doux et sans bact\u00e9ries avec notre meilleur nettoyant pour pinceaux de maquillage. Le populaire Brush Cleaner est formul\u00e9 pour aider \u00e0 r\u00e9duire les bact\u00e9ries et \u00e0\u00a0revitaliser\u00a0les pinceaux naturels et synth\u00e9tiques. Les pinceaux de maquillage doivent \u00eatre nettoy\u00e9s r\u00e9guli\u00e8rement pour \u00e9viter la croissance bact\u00e9rienne et l&#8217;accumulation de produits. Vaporisez simplement le nettoyant pour pinceaux de maquillage Glo Skin Beauty sur votre pinceau et essuyez avec un mouchoir en papier.<\/span><\/p>\n","protected":false},"excerpt":{"rendered":"<p>Prot\u00e9gez vos pinceaux de maquillage en les gardant propres, doux et sans bact\u00e9ries avec notre meilleur nettoyant pour pinceaux de maquillage. Le populaire Brush Cleaner est formul\u00e9 pour aider \u00e0 r\u00e9duire les bact\u00e9ries et \u00e0\u00a0revitaliser\u00a0les pinceaux naturels et synth\u00e9tiques. Les pinceaux de maquillage doivent \u00eatre nettoy\u00e9s r\u00e9guli\u00e8rement pour \u00e9viter la croissance bact\u00e9rienne et l&#8217;accumulation de &hellip;<\/p>\n","protected":false},"featured_media":825,"template":"","meta":{"_acf_changed":false,"_genesis_hide_title":false,"_genesis_hide_breadcrumbs":false,"_genesis_hide_singular_image":false,"_genesis_hide_footer_widgets":false,"_genesis_custom_body_class":"","_genesis_custom_post_class":"","_genesis_layout":""},"product_cat":[53,29,46],"product_tag":[],"giftcard-category":[],"class_list":{"0":"post-791","1":"product","2":"type-product","3":"status-publish","4":"has-post-thumbnail","6":"product_cat-gift-card","7":"product_cat-glo-maquillage-skin-beauty","8":"product_cat-tous","9":"entry","11":"first","12":"instock","13":"sale","14":"taxable","15":"shipping-taxable","16":"purchasable","17":"product-type-simple"},"acf":[],"yoast_head":"<!-- This site is optimized with the Yoast SEO plugin v22.5 - https:\/\/yoast.com\/wordpress\/plugins\/seo\/ -->\n<title>Glo - Nettoyant \u00e0 pinceaux - Spa Sant\u00e9 Le N\u00e9nuphar<\/title>\n<meta name=\"robots\" content=\"noindex, follow, max-snippet:-1, max-image-preview:large, max-video-preview:-1\" \/>\n<meta property=\"og:locale\" content=\"fr_CA\" \/>\n<meta property=\"og:type\" content=\"article\" \/>\n<meta property=\"og:title\" content=\"Glo - Nettoyant \u00e0 pinceaux - Spa Sant\u00e9 Le N\u00e9nuphar\" \/>\n<meta property=\"og:description\" content=\"Prot\u00e9gez vos pinceaux de maquillage en les gardant propres, doux et sans bact\u00e9ries avec notre meilleur nettoyant pour pinceaux de maquillage. Le populaire Brush Cleaner est formul\u00e9 pour aider \u00e0 r\u00e9duire les bact\u00e9ries et \u00e0\u00a0revitaliser\u00a0les pinceaux naturels et synth\u00e9tiques. Les pinceaux de maquillage doivent \u00eatre nettoy\u00e9s r\u00e9guli\u00e8rement pour \u00e9viter la croissance bact\u00e9rienne et l&#8217;accumulation de &hellip;\" \/>\n<meta property=\"og:url\" content=\"https:\/\/publissoft.dev\/spasante\/produit\/glo-nettoyant-a-pinceaux\/\" \/>\n<meta property=\"og:site_name\" content=\"Spa Sant\u00e9 Le N\u00e9nuphar\" \/>\n<meta property=\"article:publisher\" content=\"https:\/\/www.facebook.com\/SpaSanteLeNenuphar\" \/>\n<meta property=\"article:modified_time\" content=\"2024-03-12T18:24:08+00:00\" \/>\n<meta property=\"og:image\" content=\"https:\/\/publissoft.dev\/spasante\/wp-content\/uploads\/2022\/01\/Spasantelenenuphar-gloskinbeauty-nettoyantapinceaux.jpg\" \/>\n\t<meta property=\"og:image:width\" content=\"530\" \/>\n\t<meta property=\"og:image:height\" content=\"530\" \/>\n\t<meta property=\"og:image:type\" content=\"image\/jpeg\" \/>\n<meta name=\"twitter:card\" content=\"summary_large_image\" \/>\n<meta name=\"twitter:label1\" content=\"Estimation du temps de lecture\" \/>\n\t<meta name=\"twitter:data1\" content=\"1 minute\" \/>\n<script type=\"application\/ld+json\" class=\"yoast-schema-graph\">{\"@context\":\"https:\/\/schema.org\",\"@graph\":[{\"@type\":\"WebPage\",\"@id\":\"https:\/\/publissoft.dev\/spasante\/produit\/glo-nettoyant-a-pinceaux\/\",\"url\":\"https:\/\/publissoft.dev\/spasante\/produit\/glo-nettoyant-a-pinceaux\/\",\"name\":\"Glo - Nettoyant \u00e0 pinceaux - Spa Sant\u00e9 Le N\u00e9nuphar\",\"isPartOf\":{\"@id\":\"https:\/\/publissoft.dev\/spasante\/#website\"},\"primaryImageOfPage\":{\"@id\":\"https:\/\/publissoft.dev\/spasante\/produit\/glo-nettoyant-a-pinceaux\/#primaryimage\"},\"image\":{\"@id\":\"https:\/\/publissoft.dev\/spasante\/produit\/glo-nettoyant-a-pinceaux\/#primaryimage\"},\"thumbnailUrl\":\"https:\/\/publissoft.dev\/spasante\/wp-content\/uploads\/2022\/01\/Spasantelenenuphar-gloskinbeauty-nettoyantapinceaux.jpg\",\"datePublished\":\"2022-01-27T14:37:54+00:00\",\"dateModified\":\"2024-03-12T18:24:08+00:00\",\"breadcrumb\":{\"@id\":\"https:\/\/publissoft.dev\/spasante\/produit\/glo-nettoyant-a-pinceaux\/#breadcrumb\"},\"inLanguage\":\"fr-CA\",\"potentialAction\":[{\"@type\":\"ReadAction\",\"target\":[\"https:\/\/publissoft.dev\/spasante\/produit\/glo-nettoyant-a-pinceaux\/\"]}]},{\"@type\":\"ImageObject\",\"inLanguage\":\"fr-CA\",\"@id\":\"https:\/\/publissoft.dev\/spasante\/produit\/glo-nettoyant-a-pinceaux\/#primaryimage\",\"url\":\"https:\/\/publissoft.dev\/spasante\/wp-content\/uploads\/2022\/01\/Spasantelenenuphar-gloskinbeauty-nettoyantapinceaux.jpg\",\"contentUrl\":\"https:\/\/publissoft.dev\/spasante\/wp-content\/uploads\/2022\/01\/Spasantelenenuphar-gloskinbeauty-nettoyantapinceaux.jpg\",\"width\":530,\"height\":530},{\"@type\":\"BreadcrumbList\",\"@id\":\"https:\/\/publissoft.dev\/spasante\/produit\/glo-nettoyant-a-pinceaux\/#breadcrumb\",\"itemListElement\":[{\"@type\":\"ListItem\",\"position\":1,\"name\":\"Accueil\",\"item\":\"https:\/\/publissoft.dev\/spasante\/\"},{\"@type\":\"ListItem\",\"position\":2,\"name\":\"Boutique\",\"item\":\"https:\/\/publissoft.dev\/spasante\/boutique\/\"},{\"@type\":\"ListItem\",\"position\":3,\"name\":\"Glo &#8211; Nettoyant \u00e0 pinceaux\"}]},{\"@type\":\"WebSite\",\"@id\":\"https:\/\/publissoft.dev\/spasante\/#website\",\"url\":\"https:\/\/publissoft.dev\/spasante\/\",\"name\":\"Spa Sant\u00e9 Le N\u00e9nuphar\",\"description\":\"\",\"publisher\":{\"@id\":\"https:\/\/publissoft.dev\/spasante\/#organization\"},\"potentialAction\":[{\"@type\":\"SearchAction\",\"target\":{\"@type\":\"EntryPoint\",\"urlTemplate\":\"https:\/\/publissoft.dev\/spasante\/?s={search_term_string}\"},\"query-input\":\"required name=search_term_string\"}],\"inLanguage\":\"fr-CA\"},{\"@type\":\"Organization\",\"@id\":\"https:\/\/publissoft.dev\/spasante\/#organization\",\"name\":\"Spa Sant\u00e9 Le N\u00e9nuphar\",\"url\":\"https:\/\/publissoft.dev\/spasante\/\",\"logo\":{\"@type\":\"ImageObject\",\"inLanguage\":\"fr-CA\",\"@id\":\"https:\/\/publissoft.dev\/spasante\/#\/schema\/logo\/image\/\",\"url\":\"https:\/\/publissoft.dev\/spasante\/wp-content\/uploads\/2022\/11\/logo-jpg.jpeg\",\"contentUrl\":\"https:\/\/publissoft.dev\/spasante\/wp-content\/uploads\/2022\/11\/logo-jpg.jpeg\",\"width\":900,\"height\":900,\"caption\":\"Spa Sant\u00e9 Le N\u00e9nuphar\"},\"image\":{\"@id\":\"https:\/\/publissoft.dev\/spasante\/#\/schema\/logo\/image\/\"},\"sameAs\":[\"https:\/\/www.facebook.com\/SpaSanteLeNenuphar\",\"https:\/\/www.instagram.com\/spasantelenenuphar\/?hl=fr\"]}]}<\/script>\n<!-- \/ Yoast SEO plugin. -->","yoast_head_json":{"title":"Glo - Nettoyant \u00e0 pinceaux - Spa Sant\u00e9 Le N\u00e9nuphar","robots":{"index":"noindex","follow":"follow","max-snippet":"max-snippet:-1","max-image-preview":"max-image-preview:large","max-video-preview":"max-video-preview:-1"},"og_locale":"fr_CA","og_type":"article","og_title":"Glo - Nettoyant \u00e0 pinceaux - Spa Sant\u00e9 Le N\u00e9nuphar","og_description":"Prot\u00e9gez vos pinceaux de maquillage en les gardant propres, doux et sans bact\u00e9ries avec notre meilleur nettoyant pour pinceaux de maquillage. Le populaire Brush Cleaner est formul\u00e9 pour aider \u00e0 r\u00e9duire les bact\u00e9ries et \u00e0\u00a0revitaliser\u00a0les pinceaux naturels et synth\u00e9tiques. Les pinceaux de maquillage doivent \u00eatre nettoy\u00e9s r\u00e9guli\u00e8rement pour \u00e9viter la croissance bact\u00e9rienne et l&#8217;accumulation de &hellip;","og_url":"https:\/\/publissoft.dev\/spasante\/produit\/glo-nettoyant-a-pinceaux\/","og_site_name":"Spa Sant\u00e9 Le N\u00e9nuphar","article_publisher":"https:\/\/www.facebook.com\/SpaSanteLeNenuphar","article_modified_time":"2024-03-12T18:24:08+00:00","og_image":[{"width":530,"height":530,"url":"https:\/\/publissoft.dev\/spasante\/wp-content\/uploads\/2022\/01\/Spasantelenenuphar-gloskinbeauty-nettoyantapinceaux.jpg","type":"image\/jpeg"}],"twitter_card":"summary_large_image","twitter_misc":{"Estimation du temps de lecture":"1 minute"},"schema":{"@context":"https:\/\/schema.org","@graph":[{"@type":"WebPage","@id":"https:\/\/publissoft.dev\/spasante\/produit\/glo-nettoyant-a-pinceaux\/","url":"https:\/\/publissoft.dev\/spasante\/produit\/glo-nettoyant-a-pinceaux\/","name":"Glo - Nettoyant \u00e0 pinceaux - Spa Sant\u00e9 Le N\u00e9nuphar","isPartOf":{"@id":"https:\/\/publissoft.dev\/spasante\/#website"},"primaryImageOfPage":{"@id":"https:\/\/publissoft.dev\/spasante\/produit\/glo-nettoyant-a-pinceaux\/#primaryimage"},"image":{"@id":"https:\/\/publissoft.dev\/spasante\/produit\/glo-nettoyant-a-pinceaux\/#primaryimage"},"thumbnailUrl":"https:\/\/publissoft.dev\/spasante\/wp-content\/uploads\/2022\/01\/Spasantelenenuphar-gloskinbeauty-nettoyantapinceaux.jpg","datePublished":"2022-01-27T14:37:54+00:00","dateModified":"2024-03-12T18:24:08+00:00","breadcrumb":{"@id":"https:\/\/publissoft.dev\/spasante\/produit\/glo-nettoyant-a-pinceaux\/#breadcrumb"},"inLanguage":"fr-CA","potentialAction":[{"@type":"ReadAction","target":["https:\/\/publissoft.dev\/spasante\/produit\/glo-nettoyant-a-pinceaux\/"]}]},{"@type":"ImageObject","inLanguage":"fr-CA","@id":"https:\/\/publissoft.dev\/spasante\/produit\/glo-nettoyant-a-pinceaux\/#primaryimage","url":"https:\/\/publissoft.dev\/spasante\/wp-content\/uploads\/2022\/01\/Spasantelenenuphar-gloskinbeauty-nettoyantapinceaux.jpg","contentUrl":"https:\/\/publissoft.dev\/spasante\/wp-content\/uploads\/2022\/01\/Spasantelenenuphar-gloskinbeauty-nettoyantapinceaux.jpg","width":530,"height":530},{"@type":"BreadcrumbList","@id":"https:\/\/publissoft.dev\/spasante\/produit\/glo-nettoyant-a-pinceaux\/#breadcrumb","itemListElement":[{"@type":"ListItem","position":1,"name":"Accueil","item":"https:\/\/publissoft.dev\/spasante\/"},{"@type":"ListItem","position":2,"name":"Boutique","item":"https:\/\/publissoft.dev\/spasante\/boutique\/"},{"@type":"ListItem","position":3,"name":"Glo &#8211; Nettoyant \u00e0 pinceaux"}]},{"@type":"WebSite","@id":"https:\/\/publissoft.dev\/spasante\/#website","url":"https:\/\/publissoft.dev\/spasante\/","name":"Spa Sant\u00e9 Le N\u00e9nuphar","description":"","publisher":{"@id":"https:\/\/publissoft.dev\/spasante\/#organization"},"potentialAction":[{"@type":"SearchAction","target":{"@type":"EntryPoint","urlTemplate":"https:\/\/publissoft.dev\/spasante\/?s={search_term_string}"},"query-input":"required name=search_term_string"}],"inLanguage":"fr-CA"},{"@type":"Organization","@id":"https:\/\/publissoft.dev\/spasante\/#organization","name":"Spa Sant\u00e9 Le N\u00e9nuphar","url":"https:\/\/publissoft.dev\/spasante\/","logo":{"@type":"ImageObject","inLanguage":"fr-CA","@id":"https:\/\/publissoft.dev\/spasante\/#\/schema\/logo\/image\/","url":"https:\/\/publissoft.dev\/spasante\/wp-content\/uploads\/2022\/11\/logo-jpg.jpeg","contentUrl":"https:\/\/publissoft.dev\/spasante\/wp-content\/uploads\/2022\/11\/logo-jpg.jpeg","width":900,"height":900,"caption":"Spa Sant\u00e9 Le N\u00e9nuphar"},"image":{"@id":"https:\/\/publissoft.dev\/spasante\/#\/schema\/logo\/image\/"},"sameAs":["https:\/\/www.facebook.com\/SpaSanteLeNenuphar","https:\/\/www.instagram.com\/spasantelenenuphar\/?hl=fr"]}]}},"_links":{"self":[{"href":"https:\/\/publissoft.dev\/spasante\/wp-json\/wp\/v2\/product\/791","targetHints":{"allow":["GET"]}}],"collection":[{"href":"https:\/\/publissoft.dev\/spasante\/wp-json\/wp\/v2\/product"}],"about":[{"href":"https:\/\/publissoft.dev\/spasante\/wp-json\/wp\/v2\/types\/product"}],"wp:featuredmedia":[{"embeddable":true,"href":"https:\/\/publissoft.dev\/spasante\/wp-json\/wp\/v2\/media\/825"}],"wp:attachment":[{"href":"https:\/\/publissoft.dev\/spasante\/wp-json\/wp\/v2\/media?parent=791"}],"wp:term":[{"taxonomy":"product_cat","embeddable":true,"href":"https:\/\/publissoft.dev\/spasante\/wp-json\/wp\/v2\/product_cat?post=791"},{"taxonomy":"product_tag","embeddable":true,"href":"https:\/\/publissoft.dev\/spasante\/wp-json\/wp\/v2\/product_tag?post=791"},{"taxonomy":"giftcard-category","embeddable":true,"href":"https:\/\/publissoft.dev\/spasante\/wp-json\/wp\/v2\/giftcard-category?post=791"}],"curies":[{"name":"wp","href":"https:\/\/api.w.org\/{rel}","templated":true}]}}