{"id":95,"date":"2022-01-27T14:32:16","date_gmt":"2022-01-27T19:32:16","guid":{"rendered":"https:\/\/publissoft.dev\/spasante\/produit\/aquafolia-gel-couleur-sante\/"},"modified":"2022-04-08T11:31:31","modified_gmt":"2022-04-08T15:31:31","slug":"aquafolia-gel-couleur-sante-spa-sante-le-nenuphar","status":"publish","type":"product","link":"https:\/\/publissoft.dev\/spasante\/produit\/aquafolia-gel-couleur-sante-spa-sante-le-nenuphar\/","title":{"rendered":"Aquafolia &#8211; GEL COULEUR SANT\u00c9"},"content":{"rendered":"<div data-mce-fragment=\"1\">\n<h1 data-mce-fragment=\"1\">GEL COULEUR SANT\u00c9<\/h1>\n<\/div>\n<div data-mce-fragment=\"1\">\n<p data-mce-fragment=\"1\">Dynamiseur d\u2019\u00c9clat \u2013 Visage et Corps<\/p>\n<\/div>\n<div data-mce-fragment=\"1\">\n<div data-mce-fragment=\"1\">Tous types de peaux<\/div>\n<\/div>\n<div data-mce-fragment=\"1\">\n<span data-mce-fragment=\"1\">Description<\/span><\/p>\n<div data-mce-fragment=\"1\">\n<p data-mce-fragment=\"1\">Formule naturelle sans silicone. Aucun parfum, aucun parab\u00e8ne, aucune huile min\u00e9rale. M\u00e9langez notre Gel Couleur Sant\u00e9 avec le produit de votre choix et ayez une peau rayonnante de sant\u00e9\u2009! Ensoleillez votre visage et votre corps en leur conf\u00e9rant un teint lumineux.\u00a0<\/p>\n<\/div>\n<\/div>\n<div data-mce-fragment=\"1\">\n<span data-mce-fragment=\"1\">Caract\u00e9ristiques et fonctions du produit<\/span><\/p>\n<div data-mce-fragment=\"1\">\n<ul data-mce-fragment=\"1\">\n<li data-mce-fragment=\"1\">Flacon\u00a0<em data-mce-fragment=\"1\">airless<\/em>\n<\/li>\n<li data-mce-fragment=\"1\">Sans silicone<\/li>\n<li data-mce-fragment=\"1\">Sans parfum<\/li>\n<li data-mce-fragment=\"1\">Sans parab\u00e8ne<\/li>\n<li data-mce-fragment=\"1\">Coloration du produit selon le choix (cr\u00e8me solaire ou cr\u00e8me de soin jour)<\/li>\n<li data-mce-fragment=\"1\">Dosage selon la couleur et l\u2019intensit\u00e9 d\u00e9sir\u00e9e<\/li>\n<\/ul>\n<\/div>\n<\/div>\n<div data-mce-fragment=\"1\">\n<span data-mce-fragment=\"1\">Mode d&#8217;emploi<\/span><\/p>\n<div data-mce-fragment=\"1\">\n<p data-mce-fragment=\"1\">Ajouter une tr\u00e8s petite dose \u00e0 vos produits solaires ou de soins habituels, bien m\u00e9langer avant d\u2019appliquer et le tour est jou\u00e9. Doser selon la couleur et l\u2019intensit\u00e9 d\u00e9sir\u00e9e.<\/p>\n<\/div>\n<\/div>\n<div data-mce-fragment=\"1\">\n<span data-mce-fragment=\"1\">Ingr\u00e9dients choisis<\/span><\/p>\n<div data-mce-fragment=\"1\">\n<div data-mce-fragment=\"1\">\n<p data-mce-fragment=\"1\"><em data-mce-fragment=\"1\">(Information \u00e9ducative selon des \u00e9tudes in-vitro et\/ou in-vivo et\/ou ex-vivo sur les ingr\u00e9dients qui ne repr\u00e9sente pas les fonctions du produit)<\/em><\/p>\n<\/div>\n<ul data-mce-fragment=\"1\">\n<li data-mce-fragment=\"1\">Formule naturelle<\/li>\n<li data-mce-fragment=\"1\">Pigments min\u00e9raux<\/li>\n<li data-mce-fragment=\"1\">Procure un effet lumineux<\/li>\n<li data-mce-fragment=\"1\">R\u00e9flecteur de lumi\u00e8re<\/li>\n<li data-mce-fragment=\"1\">Teint sant\u00e9<\/li>\n<li data-mce-fragment=\"1\">Lubrifiant et adoucissant (huile de jojoba et de tournesol)<\/li>\n<li data-mce-fragment=\"1\">Antyoxidant (extrait de romarin)<\/li>\n<\/ul>\n<\/div>\n<\/div>\n","protected":false},"excerpt":{"rendered":"<p>GEL COULEUR SANT\u00c9 Dynamiseur d\u2019\u00c9clat \u2013 Visage et Corps Tous types de peaux Description Formule naturelle sans silicone. Aucun parfum, aucun parab\u00e8ne, aucune huile min\u00e9rale. M\u00e9langez notre Gel Couleur Sant\u00e9 avec le produit de votre choix et ayez une peau rayonnante de sant\u00e9\u2009! Ensoleillez votre visage et votre corps en leur conf\u00e9rant un teint lumineux.\u00a0 &hellip;<\/p>\n","protected":false},"featured_media":115,"template":"","meta":{"_acf_changed":false,"_genesis_hide_title":false,"_genesis_hide_breadcrumbs":false,"_genesis_hide_singular_image":false,"_genesis_hide_footer_widgets":false,"_genesis_custom_body_class":"","_genesis_custom_post_class":"","_genesis_layout":""},"product_cat":[53,37,46],"product_tag":[],"giftcard-category":[],"class_list":{"0":"post-95","1":"product","2":"type-product","3":"status-publish","4":"has-post-thumbnail","6":"product_cat-gift-card","7":"product_cat-produits","8":"product_cat-tous","9":"entry","11":"first","12":"instock","13":"taxable","14":"shipping-taxable","15":"purchasable","16":"product-type-simple"},"acf":[],"yoast_head":"<!-- This site is optimized with the Yoast SEO plugin v22.5 - https:\/\/yoast.com\/wordpress\/plugins\/seo\/ -->\n<title>Aquafolia - GEL COULEUR SANT\u00c9 - Spa Sant\u00e9 Le N\u00e9nuphar<\/title>\n<meta name=\"description\" content=\"Aquafolia Gel Couleur Sant\u00e9 - Formule naturelle sans silicone. Aucun parfum, aucun parab\u00e8ne, aucune huile min\u00e9rale. Int\u00e9ress\u00e9 ? Cliquez pour en savoir plus.\" \/>\n<meta name=\"robots\" content=\"noindex, follow, max-snippet:-1, max-image-preview:large, max-video-preview:-1\" \/>\n<meta property=\"og:locale\" content=\"fr_CA\" \/>\n<meta property=\"og:type\" content=\"article\" \/>\n<meta property=\"og:title\" content=\"Aquafolia - GEL COULEUR SANT\u00c9 - Spa Sant\u00e9 Le N\u00e9nuphar\" \/>\n<meta property=\"og:description\" content=\"Aquafolia Gel Couleur Sant\u00e9 - Formule naturelle sans silicone. Aucun parfum, aucun parab\u00e8ne, aucune huile min\u00e9rale. Int\u00e9ress\u00e9 ? Cliquez pour en savoir plus.\" \/>\n<meta property=\"og:url\" content=\"https:\/\/publissoft.dev\/spasante\/produit\/aquafolia-gel-couleur-sante-spa-sante-le-nenuphar\/\" \/>\n<meta property=\"og:site_name\" content=\"Spa Sant\u00e9 Le N\u00e9nuphar\" \/>\n<meta property=\"article:publisher\" content=\"https:\/\/www.facebook.com\/SpaSanteLeNenuphar\" \/>\n<meta property=\"article:modified_time\" content=\"2022-04-08T15:31:31+00:00\" \/>\n<meta property=\"og:image\" content=\"https:\/\/publissoft.dev\/spasante\/wp-content\/uploads\/2022\/01\/71775-Spa_sante_le_Nenuphar_Gel_couleur_Santn__Aquafolia.png\" \/>\n\t<meta property=\"og:image:width\" content=\"474\" \/>\n\t<meta property=\"og:image:height\" content=\"555\" \/>\n\t<meta property=\"og:image:type\" content=\"image\/png\" \/>\n<meta name=\"twitter:card\" content=\"summary_large_image\" \/>\n<meta name=\"twitter:label1\" content=\"Estimation du temps de lecture\" \/>\n\t<meta name=\"twitter:data1\" content=\"1 minute\" \/>\n<script type=\"application\/ld+json\" class=\"yoast-schema-graph\">{\"@context\":\"https:\/\/schema.org\",\"@graph\":[{\"@type\":\"WebPage\",\"@id\":\"https:\/\/publissoft.dev\/spasante\/produit\/aquafolia-gel-couleur-sante-spa-sante-le-nenuphar\/\",\"url\":\"https:\/\/publissoft.dev\/spasante\/produit\/aquafolia-gel-couleur-sante-spa-sante-le-nenuphar\/\",\"name\":\"Aquafolia - GEL COULEUR SANT\u00c9 - Spa Sant\u00e9 Le N\u00e9nuphar\",\"isPartOf\":{\"@id\":\"https:\/\/publissoft.dev\/spasante\/#website\"},\"primaryImageOfPage\":{\"@id\":\"https:\/\/publissoft.dev\/spasante\/produit\/aquafolia-gel-couleur-sante-spa-sante-le-nenuphar\/#primaryimage\"},\"image\":{\"@id\":\"https:\/\/publissoft.dev\/spasante\/produit\/aquafolia-gel-couleur-sante-spa-sante-le-nenuphar\/#primaryimage\"},\"thumbnailUrl\":\"https:\/\/publissoft.dev\/spasante\/wp-content\/uploads\/2022\/01\/71775-Spa_sante_le_Nenuphar_Gel_couleur_Santn__Aquafolia.png\",\"datePublished\":\"2022-01-27T19:32:16+00:00\",\"dateModified\":\"2022-04-08T15:31:31+00:00\",\"description\":\"Aquafolia Gel Couleur Sant\u00e9 - Formule naturelle sans silicone. Aucun parfum, aucun parab\u00e8ne, aucune huile min\u00e9rale. Int\u00e9ress\u00e9 ? Cliquez pour en savoir plus.\",\"breadcrumb\":{\"@id\":\"https:\/\/publissoft.dev\/spasante\/produit\/aquafolia-gel-couleur-sante-spa-sante-le-nenuphar\/#breadcrumb\"},\"inLanguage\":\"fr-CA\",\"potentialAction\":[{\"@type\":\"ReadAction\",\"target\":[\"https:\/\/publissoft.dev\/spasante\/produit\/aquafolia-gel-couleur-sante-spa-sante-le-nenuphar\/\"]}]},{\"@type\":\"ImageObject\",\"inLanguage\":\"fr-CA\",\"@id\":\"https:\/\/publissoft.dev\/spasante\/produit\/aquafolia-gel-couleur-sante-spa-sante-le-nenuphar\/#primaryimage\",\"url\":\"https:\/\/publissoft.dev\/spasante\/wp-content\/uploads\/2022\/01\/71775-Spa_sante_le_Nenuphar_Gel_couleur_Santn__Aquafolia.png\",\"contentUrl\":\"https:\/\/publissoft.dev\/spasante\/wp-content\/uploads\/2022\/01\/71775-Spa_sante_le_Nenuphar_Gel_couleur_Santn__Aquafolia.png\",\"width\":474,\"height\":555},{\"@type\":\"BreadcrumbList\",\"@id\":\"https:\/\/publissoft.dev\/spasante\/produit\/aquafolia-gel-couleur-sante-spa-sante-le-nenuphar\/#breadcrumb\",\"itemListElement\":[{\"@type\":\"ListItem\",\"position\":1,\"name\":\"Accueil\",\"item\":\"https:\/\/publissoft.dev\/spasante\/\"},{\"@type\":\"ListItem\",\"position\":2,\"name\":\"Boutique\",\"item\":\"https:\/\/publissoft.dev\/spasante\/boutique\/\"},{\"@type\":\"ListItem\",\"position\":3,\"name\":\"Aquafolia &#8211; GEL COULEUR SANT\u00c9\"}]},{\"@type\":\"WebSite\",\"@id\":\"https:\/\/publissoft.dev\/spasante\/#website\",\"url\":\"https:\/\/publissoft.dev\/spasante\/\",\"name\":\"Spa Sant\u00e9 Le N\u00e9nuphar\",\"description\":\"\",\"publisher\":{\"@id\":\"https:\/\/publissoft.dev\/spasante\/#organization\"},\"potentialAction\":[{\"@type\":\"SearchAction\",\"target\":{\"@type\":\"EntryPoint\",\"urlTemplate\":\"https:\/\/publissoft.dev\/spasante\/?s={search_term_string}\"},\"query-input\":\"required name=search_term_string\"}],\"inLanguage\":\"fr-CA\"},{\"@type\":\"Organization\",\"@id\":\"https:\/\/publissoft.dev\/spasante\/#organization\",\"name\":\"Spa Sant\u00e9 Le N\u00e9nuphar\",\"url\":\"https:\/\/publissoft.dev\/spasante\/\",\"logo\":{\"@type\":\"ImageObject\",\"inLanguage\":\"fr-CA\",\"@id\":\"https:\/\/publissoft.dev\/spasante\/#\/schema\/logo\/image\/\",\"url\":\"https:\/\/publissoft.dev\/spasante\/wp-content\/uploads\/2022\/11\/logo-jpg.jpeg\",\"contentUrl\":\"https:\/\/publissoft.dev\/spasante\/wp-content\/uploads\/2022\/11\/logo-jpg.jpeg\",\"width\":900,\"height\":900,\"caption\":\"Spa Sant\u00e9 Le N\u00e9nuphar\"},\"image\":{\"@id\":\"https:\/\/publissoft.dev\/spasante\/#\/schema\/logo\/image\/\"},\"sameAs\":[\"https:\/\/www.facebook.com\/SpaSanteLeNenuphar\",\"https:\/\/www.instagram.com\/spasantelenenuphar\/?hl=fr\"]}]}<\/script>\n<!-- \/ Yoast SEO plugin. -->","yoast_head_json":{"title":"Aquafolia - GEL COULEUR SANT\u00c9 - Spa Sant\u00e9 Le N\u00e9nuphar","description":"Aquafolia Gel Couleur Sant\u00e9 - Formule naturelle sans silicone. Aucun parfum, aucun parab\u00e8ne, aucune huile min\u00e9rale. Int\u00e9ress\u00e9 ? Cliquez pour en savoir plus.","robots":{"index":"noindex","follow":"follow","max-snippet":"max-snippet:-1","max-image-preview":"max-image-preview:large","max-video-preview":"max-video-preview:-1"},"og_locale":"fr_CA","og_type":"article","og_title":"Aquafolia - GEL COULEUR SANT\u00c9 - Spa Sant\u00e9 Le N\u00e9nuphar","og_description":"Aquafolia Gel Couleur Sant\u00e9 - Formule naturelle sans silicone. Aucun parfum, aucun parab\u00e8ne, aucune huile min\u00e9rale. Int\u00e9ress\u00e9 ? Cliquez pour en savoir plus.","og_url":"https:\/\/publissoft.dev\/spasante\/produit\/aquafolia-gel-couleur-sante-spa-sante-le-nenuphar\/","og_site_name":"Spa Sant\u00e9 Le N\u00e9nuphar","article_publisher":"https:\/\/www.facebook.com\/SpaSanteLeNenuphar","article_modified_time":"2022-04-08T15:31:31+00:00","og_image":[{"width":474,"height":555,"url":"https:\/\/publissoft.dev\/spasante\/wp-content\/uploads\/2022\/01\/71775-Spa_sante_le_Nenuphar_Gel_couleur_Santn__Aquafolia.png","type":"image\/png"}],"twitter_card":"summary_large_image","twitter_misc":{"Estimation du temps de lecture":"1 minute"},"schema":{"@context":"https:\/\/schema.org","@graph":[{"@type":"WebPage","@id":"https:\/\/publissoft.dev\/spasante\/produit\/aquafolia-gel-couleur-sante-spa-sante-le-nenuphar\/","url":"https:\/\/publissoft.dev\/spasante\/produit\/aquafolia-gel-couleur-sante-spa-sante-le-nenuphar\/","name":"Aquafolia - GEL COULEUR SANT\u00c9 - Spa Sant\u00e9 Le N\u00e9nuphar","isPartOf":{"@id":"https:\/\/publissoft.dev\/spasante\/#website"},"primaryImageOfPage":{"@id":"https:\/\/publissoft.dev\/spasante\/produit\/aquafolia-gel-couleur-sante-spa-sante-le-nenuphar\/#primaryimage"},"image":{"@id":"https:\/\/publissoft.dev\/spasante\/produit\/aquafolia-gel-couleur-sante-spa-sante-le-nenuphar\/#primaryimage"},"thumbnailUrl":"https:\/\/publissoft.dev\/spasante\/wp-content\/uploads\/2022\/01\/71775-Spa_sante_le_Nenuphar_Gel_couleur_Santn__Aquafolia.png","datePublished":"2022-01-27T19:32:16+00:00","dateModified":"2022-04-08T15:31:31+00:00","description":"Aquafolia Gel Couleur Sant\u00e9 - Formule naturelle sans silicone. Aucun parfum, aucun parab\u00e8ne, aucune huile min\u00e9rale. Int\u00e9ress\u00e9 ? Cliquez pour en savoir plus.","breadcrumb":{"@id":"https:\/\/publissoft.dev\/spasante\/produit\/aquafolia-gel-couleur-sante-spa-sante-le-nenuphar\/#breadcrumb"},"inLanguage":"fr-CA","potentialAction":[{"@type":"ReadAction","target":["https:\/\/publissoft.dev\/spasante\/produit\/aquafolia-gel-couleur-sante-spa-sante-le-nenuphar\/"]}]},{"@type":"ImageObject","inLanguage":"fr-CA","@id":"https:\/\/publissoft.dev\/spasante\/produit\/aquafolia-gel-couleur-sante-spa-sante-le-nenuphar\/#primaryimage","url":"https:\/\/publissoft.dev\/spasante\/wp-content\/uploads\/2022\/01\/71775-Spa_sante_le_Nenuphar_Gel_couleur_Santn__Aquafolia.png","contentUrl":"https:\/\/publissoft.dev\/spasante\/wp-content\/uploads\/2022\/01\/71775-Spa_sante_le_Nenuphar_Gel_couleur_Santn__Aquafolia.png","width":474,"height":555},{"@type":"BreadcrumbList","@id":"https:\/\/publissoft.dev\/spasante\/produit\/aquafolia-gel-couleur-sante-spa-sante-le-nenuphar\/#breadcrumb","itemListElement":[{"@type":"ListItem","position":1,"name":"Accueil","item":"https:\/\/publissoft.dev\/spasante\/"},{"@type":"ListItem","position":2,"name":"Boutique","item":"https:\/\/publissoft.dev\/spasante\/boutique\/"},{"@type":"ListItem","position":3,"name":"Aquafolia &#8211; GEL COULEUR SANT\u00c9"}]},{"@type":"WebSite","@id":"https:\/\/publissoft.dev\/spasante\/#website","url":"https:\/\/publissoft.dev\/spasante\/","name":"Spa Sant\u00e9 Le N\u00e9nuphar","description":"","publisher":{"@id":"https:\/\/publissoft.dev\/spasante\/#organization"},"potentialAction":[{"@type":"SearchAction","target":{"@type":"EntryPoint","urlTemplate":"https:\/\/publissoft.dev\/spasante\/?s={search_term_string}"},"query-input":"required name=search_term_string"}],"inLanguage":"fr-CA"},{"@type":"Organization","@id":"https:\/\/publissoft.dev\/spasante\/#organization","name":"Spa Sant\u00e9 Le N\u00e9nuphar","url":"https:\/\/publissoft.dev\/spasante\/","logo":{"@type":"ImageObject","inLanguage":"fr-CA","@id":"https:\/\/publissoft.dev\/spasante\/#\/schema\/logo\/image\/","url":"https:\/\/publissoft.dev\/spasante\/wp-content\/uploads\/2022\/11\/logo-jpg.jpeg","contentUrl":"https:\/\/publissoft.dev\/spasante\/wp-content\/uploads\/2022\/11\/logo-jpg.jpeg","width":900,"height":900,"caption":"Spa Sant\u00e9 Le N\u00e9nuphar"},"image":{"@id":"https:\/\/publissoft.dev\/spasante\/#\/schema\/logo\/image\/"},"sameAs":["https:\/\/www.facebook.com\/SpaSanteLeNenuphar","https:\/\/www.instagram.com\/spasantelenenuphar\/?hl=fr"]}]}},"_links":{"self":[{"href":"https:\/\/publissoft.dev\/spasante\/wp-json\/wp\/v2\/product\/95","targetHints":{"allow":["GET"]}}],"collection":[{"href":"https:\/\/publissoft.dev\/spasante\/wp-json\/wp\/v2\/product"}],"about":[{"href":"https:\/\/publissoft.dev\/spasante\/wp-json\/wp\/v2\/types\/product"}],"wp:featuredmedia":[{"embeddable":true,"href":"https:\/\/publissoft.dev\/spasante\/wp-json\/wp\/v2\/media\/115"}],"wp:attachment":[{"href":"https:\/\/publissoft.dev\/spasante\/wp-json\/wp\/v2\/media?parent=95"}],"wp:term":[{"taxonomy":"product_cat","embeddable":true,"href":"https:\/\/publissoft.dev\/spasante\/wp-json\/wp\/v2\/product_cat?post=95"},{"taxonomy":"product_tag","embeddable":true,"href":"https:\/\/publissoft.dev\/spasante\/wp-json\/wp\/v2\/product_tag?post=95"},{"taxonomy":"giftcard-category","embeddable":true,"href":"https:\/\/publissoft.dev\/spasante\/wp-json\/wp\/v2\/giftcard-category?post=95"}],"curies":[{"name":"wp","href":"https:\/\/api.w.org\/{rel}","templated":true}]}}