{"id":987,"date":"2022-01-27T14:39:09","date_gmt":"2022-01-27T19:39:09","guid":{"rendered":"https:\/\/publissoft.dev\/spasante\/produit\/huile-essentielle-mandarine-15-ml\/"},"modified":"2022-11-09T12:26:59","modified_gmt":"2022-11-09T17:26:59","slug":"huile-essentielle-mandarine-15-ml-spa-sante-le-nenuphar","status":"publish","type":"product","link":"https:\/\/publissoft.dev\/spasante\/produit\/huile-essentielle-mandarine-15-ml-spa-sante-le-nenuphar\/","title":{"rendered":"OrthoCure &#8211; Huile essentielle &#8211; mandarine 15 ml"},"content":{"rendered":"<h2 data-mce-fragment=\"1\">Mandarine<\/h2>\n<div data-mce-fragment=\"1\">ORTHOCURE<\/div>\n<div data-mce-fragment=\"1\">\n<p data-mce-fragment=\"1\">Mandarine (Citrus reticulata)<\/p>\n<p data-mce-fragment=\"1\">Le mandarinier est cultiv\u00e9 sur le pourtour de la M\u00e9diterran\u00e9e.<\/p>\n<p data-mce-fragment=\"1\">L\u2019huile essentielle de mandarine est obtenue par la distillation du zeste du fruit.<\/p>\n<p data-mce-fragment=\"1\">Tout comme la lavande, c\u2019est une huile essentielle tr\u00e8s douce qui peut \u00eatre utilis\u00e9e chez les tr\u00e8s jeunes enfants.<\/p>\n<\/div>\n","protected":false},"excerpt":{"rendered":"<p>Mandarine ORTHOCURE Mandarine (Citrus reticulata) Le mandarinier est cultiv\u00e9 sur le pourtour de la M\u00e9diterran\u00e9e. L\u2019huile essentielle de mandarine est obtenue par la distillation du zeste du fruit. Tout comme la lavande, c\u2019est une huile essentielle tr\u00e8s douce qui peut \u00eatre utilis\u00e9e chez les tr\u00e8s jeunes enfants.<\/p>\n","protected":false},"featured_media":1011,"template":"","meta":{"_acf_changed":false,"_genesis_hide_title":false,"_genesis_hide_breadcrumbs":false,"_genesis_hide_singular_image":false,"_genesis_hide_footer_widgets":false,"_genesis_custom_body_class":"","_genesis_custom_post_class":"","_genesis_layout":""},"product_cat":[69,37,46],"product_tag":[],"giftcard-category":[],"class_list":{"0":"post-987","1":"product","2":"type-product","3":"status-publish","4":"has-post-thumbnail","6":"product_cat-orthocure","7":"product_cat-produits","8":"product_cat-tous","9":"entry","11":"first","12":"instock","13":"taxable","14":"shipping-taxable","15":"purchasable","16":"product-type-simple"},"acf":[],"yoast_head":"<!-- This site is optimized with the Yoast SEO plugin v22.5 - https:\/\/yoast.com\/wordpress\/plugins\/seo\/ -->\n<title>OrthoCure - Huile essentielle - mandarine 15 ml - Spa Sant\u00e9 Le N\u00e9nuphar<\/title>\n<meta name=\"description\" content=\"Huile essentielle - mandarine 15 ml - Huile essentielle tr\u00e8s douce qui peut \u00eatre utilis\u00e9e pour les tr\u00e8s jeunes enfants. Pour en savoir plus, cliquez ici !\" \/>\n<meta name=\"robots\" content=\"noindex, follow, max-snippet:-1, max-image-preview:large, max-video-preview:-1\" \/>\n<meta property=\"og:locale\" content=\"fr_CA\" \/>\n<meta property=\"og:type\" content=\"article\" \/>\n<meta property=\"og:title\" content=\"OrthoCure - Huile essentielle - mandarine 15 ml - Spa Sant\u00e9 Le N\u00e9nuphar\" \/>\n<meta property=\"og:description\" content=\"Huile essentielle - mandarine 15 ml - Huile essentielle tr\u00e8s douce qui peut \u00eatre utilis\u00e9e pour les tr\u00e8s jeunes enfants. Pour en savoir plus, cliquez ici !\" \/>\n<meta property=\"og:url\" content=\"https:\/\/publissoft.dev\/spasante\/produit\/huile-essentielle-mandarine-15-ml-spa-sante-le-nenuphar\/\" \/>\n<meta property=\"og:site_name\" content=\"Spa Sant\u00e9 Le N\u00e9nuphar\" \/>\n<meta property=\"article:publisher\" content=\"https:\/\/www.facebook.com\/SpaSanteLeNenuphar\" \/>\n<meta property=\"article:modified_time\" content=\"2022-11-09T17:26:59+00:00\" \/>\n<meta property=\"og:image\" content=\"https:\/\/publissoft.dev\/spasante\/wp-content\/uploads\/2022\/01\/Huileessentielle-mandarine15ml.jpg\" \/>\n\t<meta property=\"og:image:width\" content=\"800\" \/>\n\t<meta property=\"og:image:height\" content=\"800\" \/>\n\t<meta property=\"og:image:type\" content=\"image\/jpeg\" \/>\n<meta name=\"twitter:card\" content=\"summary_large_image\" \/>\n<script type=\"application\/ld+json\" class=\"yoast-schema-graph\">{\"@context\":\"https:\/\/schema.org\",\"@graph\":[{\"@type\":\"WebPage\",\"@id\":\"https:\/\/publissoft.dev\/spasante\/produit\/huile-essentielle-mandarine-15-ml-spa-sante-le-nenuphar\/\",\"url\":\"https:\/\/publissoft.dev\/spasante\/produit\/huile-essentielle-mandarine-15-ml-spa-sante-le-nenuphar\/\",\"name\":\"OrthoCure - Huile essentielle - mandarine 15 ml - Spa Sant\u00e9 Le N\u00e9nuphar\",\"isPartOf\":{\"@id\":\"https:\/\/publissoft.dev\/spasante\/#website\"},\"primaryImageOfPage\":{\"@id\":\"https:\/\/publissoft.dev\/spasante\/produit\/huile-essentielle-mandarine-15-ml-spa-sante-le-nenuphar\/#primaryimage\"},\"image\":{\"@id\":\"https:\/\/publissoft.dev\/spasante\/produit\/huile-essentielle-mandarine-15-ml-spa-sante-le-nenuphar\/#primaryimage\"},\"thumbnailUrl\":\"https:\/\/publissoft.dev\/spasante\/wp-content\/uploads\/2022\/01\/Huileessentielle-mandarine15ml.jpg\",\"datePublished\":\"2022-01-27T19:39:09+00:00\",\"dateModified\":\"2022-11-09T17:26:59+00:00\",\"description\":\"Huile essentielle - mandarine 15 ml - Huile essentielle tr\u00e8s douce qui peut \u00eatre utilis\u00e9e pour les tr\u00e8s jeunes enfants. Pour en savoir plus, cliquez ici !\",\"breadcrumb\":{\"@id\":\"https:\/\/publissoft.dev\/spasante\/produit\/huile-essentielle-mandarine-15-ml-spa-sante-le-nenuphar\/#breadcrumb\"},\"inLanguage\":\"fr-CA\",\"potentialAction\":[{\"@type\":\"ReadAction\",\"target\":[\"https:\/\/publissoft.dev\/spasante\/produit\/huile-essentielle-mandarine-15-ml-spa-sante-le-nenuphar\/\"]}]},{\"@type\":\"ImageObject\",\"inLanguage\":\"fr-CA\",\"@id\":\"https:\/\/publissoft.dev\/spasante\/produit\/huile-essentielle-mandarine-15-ml-spa-sante-le-nenuphar\/#primaryimage\",\"url\":\"https:\/\/publissoft.dev\/spasante\/wp-content\/uploads\/2022\/01\/Huileessentielle-mandarine15ml.jpg\",\"contentUrl\":\"https:\/\/publissoft.dev\/spasante\/wp-content\/uploads\/2022\/01\/Huileessentielle-mandarine15ml.jpg\",\"width\":800,\"height\":800},{\"@type\":\"BreadcrumbList\",\"@id\":\"https:\/\/publissoft.dev\/spasante\/produit\/huile-essentielle-mandarine-15-ml-spa-sante-le-nenuphar\/#breadcrumb\",\"itemListElement\":[{\"@type\":\"ListItem\",\"position\":1,\"name\":\"Accueil\",\"item\":\"https:\/\/publissoft.dev\/spasante\/\"},{\"@type\":\"ListItem\",\"position\":2,\"name\":\"Boutique\",\"item\":\"https:\/\/publissoft.dev\/spasante\/boutique\/\"},{\"@type\":\"ListItem\",\"position\":3,\"name\":\"OrthoCure &#8211; Huile essentielle &#8211; mandarine 15 ml\"}]},{\"@type\":\"WebSite\",\"@id\":\"https:\/\/publissoft.dev\/spasante\/#website\",\"url\":\"https:\/\/publissoft.dev\/spasante\/\",\"name\":\"Spa Sant\u00e9 Le N\u00e9nuphar\",\"description\":\"\",\"publisher\":{\"@id\":\"https:\/\/publissoft.dev\/spasante\/#organization\"},\"potentialAction\":[{\"@type\":\"SearchAction\",\"target\":{\"@type\":\"EntryPoint\",\"urlTemplate\":\"https:\/\/publissoft.dev\/spasante\/?s={search_term_string}\"},\"query-input\":\"required name=search_term_string\"}],\"inLanguage\":\"fr-CA\"},{\"@type\":\"Organization\",\"@id\":\"https:\/\/publissoft.dev\/spasante\/#organization\",\"name\":\"Spa Sant\u00e9 Le N\u00e9nuphar\",\"url\":\"https:\/\/publissoft.dev\/spasante\/\",\"logo\":{\"@type\":\"ImageObject\",\"inLanguage\":\"fr-CA\",\"@id\":\"https:\/\/publissoft.dev\/spasante\/#\/schema\/logo\/image\/\",\"url\":\"https:\/\/publissoft.dev\/spasante\/wp-content\/uploads\/2022\/11\/logo-jpg.jpeg\",\"contentUrl\":\"https:\/\/publissoft.dev\/spasante\/wp-content\/uploads\/2022\/11\/logo-jpg.jpeg\",\"width\":900,\"height\":900,\"caption\":\"Spa Sant\u00e9 Le N\u00e9nuphar\"},\"image\":{\"@id\":\"https:\/\/publissoft.dev\/spasante\/#\/schema\/logo\/image\/\"},\"sameAs\":[\"https:\/\/www.facebook.com\/SpaSanteLeNenuphar\",\"https:\/\/www.instagram.com\/spasantelenenuphar\/?hl=fr\"]}]}<\/script>\n<!-- \/ Yoast SEO plugin. -->","yoast_head_json":{"title":"OrthoCure - Huile essentielle - mandarine 15 ml - Spa Sant\u00e9 Le N\u00e9nuphar","description":"Huile essentielle - mandarine 15 ml - Huile essentielle tr\u00e8s douce qui peut \u00eatre utilis\u00e9e pour les tr\u00e8s jeunes enfants. Pour en savoir plus, cliquez ici !","robots":{"index":"noindex","follow":"follow","max-snippet":"max-snippet:-1","max-image-preview":"max-image-preview:large","max-video-preview":"max-video-preview:-1"},"og_locale":"fr_CA","og_type":"article","og_title":"OrthoCure - Huile essentielle - mandarine 15 ml - Spa Sant\u00e9 Le N\u00e9nuphar","og_description":"Huile essentielle - mandarine 15 ml - Huile essentielle tr\u00e8s douce qui peut \u00eatre utilis\u00e9e pour les tr\u00e8s jeunes enfants. Pour en savoir plus, cliquez ici !","og_url":"https:\/\/publissoft.dev\/spasante\/produit\/huile-essentielle-mandarine-15-ml-spa-sante-le-nenuphar\/","og_site_name":"Spa Sant\u00e9 Le N\u00e9nuphar","article_publisher":"https:\/\/www.facebook.com\/SpaSanteLeNenuphar","article_modified_time":"2022-11-09T17:26:59+00:00","og_image":[{"width":800,"height":800,"url":"https:\/\/publissoft.dev\/spasante\/wp-content\/uploads\/2022\/01\/Huileessentielle-mandarine15ml.jpg","type":"image\/jpeg"}],"twitter_card":"summary_large_image","schema":{"@context":"https:\/\/schema.org","@graph":[{"@type":"WebPage","@id":"https:\/\/publissoft.dev\/spasante\/produit\/huile-essentielle-mandarine-15-ml-spa-sante-le-nenuphar\/","url":"https:\/\/publissoft.dev\/spasante\/produit\/huile-essentielle-mandarine-15-ml-spa-sante-le-nenuphar\/","name":"OrthoCure - Huile essentielle - mandarine 15 ml - Spa Sant\u00e9 Le N\u00e9nuphar","isPartOf":{"@id":"https:\/\/publissoft.dev\/spasante\/#website"},"primaryImageOfPage":{"@id":"https:\/\/publissoft.dev\/spasante\/produit\/huile-essentielle-mandarine-15-ml-spa-sante-le-nenuphar\/#primaryimage"},"image":{"@id":"https:\/\/publissoft.dev\/spasante\/produit\/huile-essentielle-mandarine-15-ml-spa-sante-le-nenuphar\/#primaryimage"},"thumbnailUrl":"https:\/\/publissoft.dev\/spasante\/wp-content\/uploads\/2022\/01\/Huileessentielle-mandarine15ml.jpg","datePublished":"2022-01-27T19:39:09+00:00","dateModified":"2022-11-09T17:26:59+00:00","description":"Huile essentielle - mandarine 15 ml - Huile essentielle tr\u00e8s douce qui peut \u00eatre utilis\u00e9e pour les tr\u00e8s jeunes enfants. Pour en savoir plus, cliquez ici !","breadcrumb":{"@id":"https:\/\/publissoft.dev\/spasante\/produit\/huile-essentielle-mandarine-15-ml-spa-sante-le-nenuphar\/#breadcrumb"},"inLanguage":"fr-CA","potentialAction":[{"@type":"ReadAction","target":["https:\/\/publissoft.dev\/spasante\/produit\/huile-essentielle-mandarine-15-ml-spa-sante-le-nenuphar\/"]}]},{"@type":"ImageObject","inLanguage":"fr-CA","@id":"https:\/\/publissoft.dev\/spasante\/produit\/huile-essentielle-mandarine-15-ml-spa-sante-le-nenuphar\/#primaryimage","url":"https:\/\/publissoft.dev\/spasante\/wp-content\/uploads\/2022\/01\/Huileessentielle-mandarine15ml.jpg","contentUrl":"https:\/\/publissoft.dev\/spasante\/wp-content\/uploads\/2022\/01\/Huileessentielle-mandarine15ml.jpg","width":800,"height":800},{"@type":"BreadcrumbList","@id":"https:\/\/publissoft.dev\/spasante\/produit\/huile-essentielle-mandarine-15-ml-spa-sante-le-nenuphar\/#breadcrumb","itemListElement":[{"@type":"ListItem","position":1,"name":"Accueil","item":"https:\/\/publissoft.dev\/spasante\/"},{"@type":"ListItem","position":2,"name":"Boutique","item":"https:\/\/publissoft.dev\/spasante\/boutique\/"},{"@type":"ListItem","position":3,"name":"OrthoCure &#8211; Huile essentielle &#8211; mandarine 15 ml"}]},{"@type":"WebSite","@id":"https:\/\/publissoft.dev\/spasante\/#website","url":"https:\/\/publissoft.dev\/spasante\/","name":"Spa Sant\u00e9 Le N\u00e9nuphar","description":"","publisher":{"@id":"https:\/\/publissoft.dev\/spasante\/#organization"},"potentialAction":[{"@type":"SearchAction","target":{"@type":"EntryPoint","urlTemplate":"https:\/\/publissoft.dev\/spasante\/?s={search_term_string}"},"query-input":"required name=search_term_string"}],"inLanguage":"fr-CA"},{"@type":"Organization","@id":"https:\/\/publissoft.dev\/spasante\/#organization","name":"Spa Sant\u00e9 Le N\u00e9nuphar","url":"https:\/\/publissoft.dev\/spasante\/","logo":{"@type":"ImageObject","inLanguage":"fr-CA","@id":"https:\/\/publissoft.dev\/spasante\/#\/schema\/logo\/image\/","url":"https:\/\/publissoft.dev\/spasante\/wp-content\/uploads\/2022\/11\/logo-jpg.jpeg","contentUrl":"https:\/\/publissoft.dev\/spasante\/wp-content\/uploads\/2022\/11\/logo-jpg.jpeg","width":900,"height":900,"caption":"Spa Sant\u00e9 Le N\u00e9nuphar"},"image":{"@id":"https:\/\/publissoft.dev\/spasante\/#\/schema\/logo\/image\/"},"sameAs":["https:\/\/www.facebook.com\/SpaSanteLeNenuphar","https:\/\/www.instagram.com\/spasantelenenuphar\/?hl=fr"]}]}},"_links":{"self":[{"href":"https:\/\/publissoft.dev\/spasante\/wp-json\/wp\/v2\/product\/987","targetHints":{"allow":["GET"]}}],"collection":[{"href":"https:\/\/publissoft.dev\/spasante\/wp-json\/wp\/v2\/product"}],"about":[{"href":"https:\/\/publissoft.dev\/spasante\/wp-json\/wp\/v2\/types\/product"}],"wp:featuredmedia":[{"embeddable":true,"href":"https:\/\/publissoft.dev\/spasante\/wp-json\/wp\/v2\/media\/1011"}],"wp:attachment":[{"href":"https:\/\/publissoft.dev\/spasante\/wp-json\/wp\/v2\/media?parent=987"}],"wp:term":[{"taxonomy":"product_cat","embeddable":true,"href":"https:\/\/publissoft.dev\/spasante\/wp-json\/wp\/v2\/product_cat?post=987"},{"taxonomy":"product_tag","embeddable":true,"href":"https:\/\/publissoft.dev\/spasante\/wp-json\/wp\/v2\/product_tag?post=987"},{"taxonomy":"giftcard-category","embeddable":true,"href":"https:\/\/publissoft.dev\/spasante\/wp-json\/wp\/v2\/giftcard-category?post=987"}],"curies":[{"name":"wp","href":"https:\/\/api.w.org\/{rel}","templated":true}]}}