{"id":990,"date":"2022-01-27T14:39:14","date_gmt":"2022-01-27T19:39:14","guid":{"rendered":"https:\/\/publissoft.dev\/spasante\/produit\/huile-essentielle-menthe-poivree-15ml\/"},"modified":"2023-05-15T11:18:09","modified_gmt":"2023-05-15T15:18:09","slug":"huile-essentielle-menthe-poivree-15ml-spa-sante-le-nenuphar","status":"publish","type":"product","link":"https:\/\/publissoft.dev\/spasante\/produit\/huile-essentielle-menthe-poivree-15ml-spa-sante-le-nenuphar\/","title":{"rendered":"OrthoCure &#8211; Huile essentielle &#8211; menthe poivr\u00e9e 15ml"},"content":{"rendered":"<h2 data-mce-fragment=\"1\">Menthe poivr\u00e9e<\/h2>\n<div data-mce-fragment=\"1\">ORTHOCURE<\/div>\n<div data-mce-fragment=\"1\">\n<p data-mce-fragment=\"1\">Mentha piperita<\/p>\n<p data-mce-fragment=\"1\">La menthe poivr\u00e9e est une plante herbac\u00e9e vivace, de 50 \u00e0 90 cm de haut, \u00e0 tige carr\u00e9e et violac\u00e9e aux petites fleurs rouges.\u00a0 Cette plante est fortement aromatique.<\/p>\n<p data-mce-fragment=\"1\">Elle est cultiv\u00e9e en Europe et en Am\u00e9rique du Nord.<\/p>\n<p data-mce-fragment=\"1\">Obtenue par hydro-distillation des feuilles et des sommit\u00e9s fleuries fra\u00eeches.<\/p>\n<p data-mce-fragment=\"1\">En fait cette huile essentielle\u00a0contient du menthol, du menthone et plusieurs autres principes actifs.\u00a0\u00a0Ses principes actifs\u00a0donnent \u00e0 cette huile\u00a0les propri\u00e9t\u00e9s\u00a0de favoriser la\u00a0digestion en activant la s\u00e9cr\u00e9tion des sucs salivaires, gastriques et intestinaux, et en calmant les spasmes.<\/p>\n<p data-mce-fragment=\"1\">De plus, elle est traditionnellement utilis\u00e9e pour aider \u00e0 soulager les naus\u00e9es et aide \u00e0 r\u00e9duire la douleur.<\/p>\n<\/div>\n","protected":false},"excerpt":{"rendered":"<p>Menthe poivr\u00e9e ORTHOCURE Mentha piperita La menthe poivr\u00e9e est une plante herbac\u00e9e vivace, de 50 \u00e0 90 cm de haut, \u00e0 tige carr\u00e9e et violac\u00e9e aux petites fleurs rouges.\u00a0 Cette plante est fortement aromatique. Elle est cultiv\u00e9e en Europe et en Am\u00e9rique du Nord. Obtenue par hydro-distillation des feuilles et des sommit\u00e9s fleuries fra\u00eeches. En &hellip;<\/p>\n","protected":false},"featured_media":1016,"template":"","meta":{"_acf_changed":false,"_genesis_hide_title":false,"_genesis_hide_breadcrumbs":false,"_genesis_hide_singular_image":false,"_genesis_hide_footer_widgets":false,"_genesis_custom_body_class":"","_genesis_custom_post_class":"","_genesis_layout":""},"product_cat":[69,37,46],"product_tag":[],"giftcard-category":[],"class_list":{"0":"post-990","1":"product","2":"type-product","3":"status-publish","4":"has-post-thumbnail","6":"product_cat-orthocure","7":"product_cat-produits","8":"product_cat-tous","9":"entry","11":"first","12":"instock","13":"taxable","14":"shipping-taxable","15":"purchasable","16":"product-type-simple"},"acf":[],"yoast_head":"<!-- This site is optimized with the Yoast SEO plugin v22.5 - https:\/\/yoast.com\/wordpress\/plugins\/seo\/ -->\n<title>OrthoCure - Huile essentielle - menthe poivr\u00e9e 15ml - Spa Sant\u00e9 Le N\u00e9nuphar<\/title>\n<meta name=\"description\" content=\"Huile essentielle - menthe poivr\u00e9e 15ml - Aide \u00e0 la digestion en activant la s\u00e9cr\u00e9tion des sucs salivaires, gastriques et intestinaux. Plus de d\u00e9tails ici !\" \/>\n<meta name=\"robots\" content=\"noindex, follow, max-snippet:-1, max-image-preview:large, max-video-preview:-1\" \/>\n<meta property=\"og:locale\" content=\"fr_CA\" \/>\n<meta property=\"og:type\" content=\"article\" \/>\n<meta property=\"og:title\" content=\"OrthoCure - Huile essentielle - menthe poivr\u00e9e 15ml - Spa Sant\u00e9 Le N\u00e9nuphar\" \/>\n<meta property=\"og:description\" content=\"Huile essentielle - menthe poivr\u00e9e 15ml - Aide \u00e0 la digestion en activant la s\u00e9cr\u00e9tion des sucs salivaires, gastriques et intestinaux. Plus de d\u00e9tails ici !\" \/>\n<meta property=\"og:url\" content=\"https:\/\/publissoft.dev\/spasante\/produit\/huile-essentielle-menthe-poivree-15ml-spa-sante-le-nenuphar\/\" \/>\n<meta property=\"og:site_name\" content=\"Spa Sant\u00e9 Le N\u00e9nuphar\" \/>\n<meta property=\"article:publisher\" content=\"https:\/\/www.facebook.com\/SpaSanteLeNenuphar\" \/>\n<meta property=\"article:modified_time\" content=\"2023-05-15T15:18:09+00:00\" \/>\n<meta property=\"og:image\" content=\"https:\/\/publissoft.dev\/spasante\/wp-content\/uploads\/2022\/01\/Huileessentielle-menthepoivree15ml.jpg\" \/>\n\t<meta property=\"og:image:width\" content=\"800\" \/>\n\t<meta property=\"og:image:height\" content=\"800\" \/>\n\t<meta property=\"og:image:type\" content=\"image\/jpeg\" \/>\n<meta name=\"twitter:card\" content=\"summary_large_image\" \/>\n<meta name=\"twitter:label1\" content=\"Estimation du temps de lecture\" \/>\n\t<meta name=\"twitter:data1\" content=\"1 minute\" \/>\n<script type=\"application\/ld+json\" class=\"yoast-schema-graph\">{\"@context\":\"https:\/\/schema.org\",\"@graph\":[{\"@type\":\"WebPage\",\"@id\":\"https:\/\/publissoft.dev\/spasante\/produit\/huile-essentielle-menthe-poivree-15ml-spa-sante-le-nenuphar\/\",\"url\":\"https:\/\/publissoft.dev\/spasante\/produit\/huile-essentielle-menthe-poivree-15ml-spa-sante-le-nenuphar\/\",\"name\":\"OrthoCure - Huile essentielle - menthe poivr\u00e9e 15ml - Spa Sant\u00e9 Le N\u00e9nuphar\",\"isPartOf\":{\"@id\":\"https:\/\/publissoft.dev\/spasante\/#website\"},\"primaryImageOfPage\":{\"@id\":\"https:\/\/publissoft.dev\/spasante\/produit\/huile-essentielle-menthe-poivree-15ml-spa-sante-le-nenuphar\/#primaryimage\"},\"image\":{\"@id\":\"https:\/\/publissoft.dev\/spasante\/produit\/huile-essentielle-menthe-poivree-15ml-spa-sante-le-nenuphar\/#primaryimage\"},\"thumbnailUrl\":\"https:\/\/publissoft.dev\/spasante\/wp-content\/uploads\/2022\/01\/Huileessentielle-menthepoivree15ml.jpg\",\"datePublished\":\"2022-01-27T19:39:14+00:00\",\"dateModified\":\"2023-05-15T15:18:09+00:00\",\"description\":\"Huile essentielle - menthe poivr\u00e9e 15ml - Aide \u00e0 la digestion en activant la s\u00e9cr\u00e9tion des sucs salivaires, gastriques et intestinaux. Plus de d\u00e9tails ici !\",\"breadcrumb\":{\"@id\":\"https:\/\/publissoft.dev\/spasante\/produit\/huile-essentielle-menthe-poivree-15ml-spa-sante-le-nenuphar\/#breadcrumb\"},\"inLanguage\":\"fr-CA\",\"potentialAction\":[{\"@type\":\"ReadAction\",\"target\":[\"https:\/\/publissoft.dev\/spasante\/produit\/huile-essentielle-menthe-poivree-15ml-spa-sante-le-nenuphar\/\"]}]},{\"@type\":\"ImageObject\",\"inLanguage\":\"fr-CA\",\"@id\":\"https:\/\/publissoft.dev\/spasante\/produit\/huile-essentielle-menthe-poivree-15ml-spa-sante-le-nenuphar\/#primaryimage\",\"url\":\"https:\/\/publissoft.dev\/spasante\/wp-content\/uploads\/2022\/01\/Huileessentielle-menthepoivree15ml.jpg\",\"contentUrl\":\"https:\/\/publissoft.dev\/spasante\/wp-content\/uploads\/2022\/01\/Huileessentielle-menthepoivree15ml.jpg\",\"width\":800,\"height\":800},{\"@type\":\"BreadcrumbList\",\"@id\":\"https:\/\/publissoft.dev\/spasante\/produit\/huile-essentielle-menthe-poivree-15ml-spa-sante-le-nenuphar\/#breadcrumb\",\"itemListElement\":[{\"@type\":\"ListItem\",\"position\":1,\"name\":\"Accueil\",\"item\":\"https:\/\/publissoft.dev\/spasante\/\"},{\"@type\":\"ListItem\",\"position\":2,\"name\":\"Boutique\",\"item\":\"https:\/\/publissoft.dev\/spasante\/boutique\/\"},{\"@type\":\"ListItem\",\"position\":3,\"name\":\"OrthoCure &#8211; Huile essentielle &#8211; menthe poivr\u00e9e 15ml\"}]},{\"@type\":\"WebSite\",\"@id\":\"https:\/\/publissoft.dev\/spasante\/#website\",\"url\":\"https:\/\/publissoft.dev\/spasante\/\",\"name\":\"Spa Sant\u00e9 Le N\u00e9nuphar\",\"description\":\"\",\"publisher\":{\"@id\":\"https:\/\/publissoft.dev\/spasante\/#organization\"},\"potentialAction\":[{\"@type\":\"SearchAction\",\"target\":{\"@type\":\"EntryPoint\",\"urlTemplate\":\"https:\/\/publissoft.dev\/spasante\/?s={search_term_string}\"},\"query-input\":\"required name=search_term_string\"}],\"inLanguage\":\"fr-CA\"},{\"@type\":\"Organization\",\"@id\":\"https:\/\/publissoft.dev\/spasante\/#organization\",\"name\":\"Spa Sant\u00e9 Le N\u00e9nuphar\",\"url\":\"https:\/\/publissoft.dev\/spasante\/\",\"logo\":{\"@type\":\"ImageObject\",\"inLanguage\":\"fr-CA\",\"@id\":\"https:\/\/publissoft.dev\/spasante\/#\/schema\/logo\/image\/\",\"url\":\"https:\/\/publissoft.dev\/spasante\/wp-content\/uploads\/2022\/11\/logo-jpg.jpeg\",\"contentUrl\":\"https:\/\/publissoft.dev\/spasante\/wp-content\/uploads\/2022\/11\/logo-jpg.jpeg\",\"width\":900,\"height\":900,\"caption\":\"Spa Sant\u00e9 Le N\u00e9nuphar\"},\"image\":{\"@id\":\"https:\/\/publissoft.dev\/spasante\/#\/schema\/logo\/image\/\"},\"sameAs\":[\"https:\/\/www.facebook.com\/SpaSanteLeNenuphar\",\"https:\/\/www.instagram.com\/spasantelenenuphar\/?hl=fr\"]}]}<\/script>\n<!-- \/ Yoast SEO plugin. -->","yoast_head_json":{"title":"OrthoCure - Huile essentielle - menthe poivr\u00e9e 15ml - Spa Sant\u00e9 Le N\u00e9nuphar","description":"Huile essentielle - menthe poivr\u00e9e 15ml - Aide \u00e0 la digestion en activant la s\u00e9cr\u00e9tion des sucs salivaires, gastriques et intestinaux. Plus de d\u00e9tails ici !","robots":{"index":"noindex","follow":"follow","max-snippet":"max-snippet:-1","max-image-preview":"max-image-preview:large","max-video-preview":"max-video-preview:-1"},"og_locale":"fr_CA","og_type":"article","og_title":"OrthoCure - Huile essentielle - menthe poivr\u00e9e 15ml - Spa Sant\u00e9 Le N\u00e9nuphar","og_description":"Huile essentielle - menthe poivr\u00e9e 15ml - Aide \u00e0 la digestion en activant la s\u00e9cr\u00e9tion des sucs salivaires, gastriques et intestinaux. Plus de d\u00e9tails ici !","og_url":"https:\/\/publissoft.dev\/spasante\/produit\/huile-essentielle-menthe-poivree-15ml-spa-sante-le-nenuphar\/","og_site_name":"Spa Sant\u00e9 Le N\u00e9nuphar","article_publisher":"https:\/\/www.facebook.com\/SpaSanteLeNenuphar","article_modified_time":"2023-05-15T15:18:09+00:00","og_image":[{"width":800,"height":800,"url":"https:\/\/publissoft.dev\/spasante\/wp-content\/uploads\/2022\/01\/Huileessentielle-menthepoivree15ml.jpg","type":"image\/jpeg"}],"twitter_card":"summary_large_image","twitter_misc":{"Estimation du temps de lecture":"1 minute"},"schema":{"@context":"https:\/\/schema.org","@graph":[{"@type":"WebPage","@id":"https:\/\/publissoft.dev\/spasante\/produit\/huile-essentielle-menthe-poivree-15ml-spa-sante-le-nenuphar\/","url":"https:\/\/publissoft.dev\/spasante\/produit\/huile-essentielle-menthe-poivree-15ml-spa-sante-le-nenuphar\/","name":"OrthoCure - Huile essentielle - menthe poivr\u00e9e 15ml - Spa Sant\u00e9 Le N\u00e9nuphar","isPartOf":{"@id":"https:\/\/publissoft.dev\/spasante\/#website"},"primaryImageOfPage":{"@id":"https:\/\/publissoft.dev\/spasante\/produit\/huile-essentielle-menthe-poivree-15ml-spa-sante-le-nenuphar\/#primaryimage"},"image":{"@id":"https:\/\/publissoft.dev\/spasante\/produit\/huile-essentielle-menthe-poivree-15ml-spa-sante-le-nenuphar\/#primaryimage"},"thumbnailUrl":"https:\/\/publissoft.dev\/spasante\/wp-content\/uploads\/2022\/01\/Huileessentielle-menthepoivree15ml.jpg","datePublished":"2022-01-27T19:39:14+00:00","dateModified":"2023-05-15T15:18:09+00:00","description":"Huile essentielle - menthe poivr\u00e9e 15ml - Aide \u00e0 la digestion en activant la s\u00e9cr\u00e9tion des sucs salivaires, gastriques et intestinaux. Plus de d\u00e9tails ici !","breadcrumb":{"@id":"https:\/\/publissoft.dev\/spasante\/produit\/huile-essentielle-menthe-poivree-15ml-spa-sante-le-nenuphar\/#breadcrumb"},"inLanguage":"fr-CA","potentialAction":[{"@type":"ReadAction","target":["https:\/\/publissoft.dev\/spasante\/produit\/huile-essentielle-menthe-poivree-15ml-spa-sante-le-nenuphar\/"]}]},{"@type":"ImageObject","inLanguage":"fr-CA","@id":"https:\/\/publissoft.dev\/spasante\/produit\/huile-essentielle-menthe-poivree-15ml-spa-sante-le-nenuphar\/#primaryimage","url":"https:\/\/publissoft.dev\/spasante\/wp-content\/uploads\/2022\/01\/Huileessentielle-menthepoivree15ml.jpg","contentUrl":"https:\/\/publissoft.dev\/spasante\/wp-content\/uploads\/2022\/01\/Huileessentielle-menthepoivree15ml.jpg","width":800,"height":800},{"@type":"BreadcrumbList","@id":"https:\/\/publissoft.dev\/spasante\/produit\/huile-essentielle-menthe-poivree-15ml-spa-sante-le-nenuphar\/#breadcrumb","itemListElement":[{"@type":"ListItem","position":1,"name":"Accueil","item":"https:\/\/publissoft.dev\/spasante\/"},{"@type":"ListItem","position":2,"name":"Boutique","item":"https:\/\/publissoft.dev\/spasante\/boutique\/"},{"@type":"ListItem","position":3,"name":"OrthoCure &#8211; Huile essentielle &#8211; menthe poivr\u00e9e 15ml"}]},{"@type":"WebSite","@id":"https:\/\/publissoft.dev\/spasante\/#website","url":"https:\/\/publissoft.dev\/spasante\/","name":"Spa Sant\u00e9 Le N\u00e9nuphar","description":"","publisher":{"@id":"https:\/\/publissoft.dev\/spasante\/#organization"},"potentialAction":[{"@type":"SearchAction","target":{"@type":"EntryPoint","urlTemplate":"https:\/\/publissoft.dev\/spasante\/?s={search_term_string}"},"query-input":"required name=search_term_string"}],"inLanguage":"fr-CA"},{"@type":"Organization","@id":"https:\/\/publissoft.dev\/spasante\/#organization","name":"Spa Sant\u00e9 Le N\u00e9nuphar","url":"https:\/\/publissoft.dev\/spasante\/","logo":{"@type":"ImageObject","inLanguage":"fr-CA","@id":"https:\/\/publissoft.dev\/spasante\/#\/schema\/logo\/image\/","url":"https:\/\/publissoft.dev\/spasante\/wp-content\/uploads\/2022\/11\/logo-jpg.jpeg","contentUrl":"https:\/\/publissoft.dev\/spasante\/wp-content\/uploads\/2022\/11\/logo-jpg.jpeg","width":900,"height":900,"caption":"Spa Sant\u00e9 Le N\u00e9nuphar"},"image":{"@id":"https:\/\/publissoft.dev\/spasante\/#\/schema\/logo\/image\/"},"sameAs":["https:\/\/www.facebook.com\/SpaSanteLeNenuphar","https:\/\/www.instagram.com\/spasantelenenuphar\/?hl=fr"]}]}},"_links":{"self":[{"href":"https:\/\/publissoft.dev\/spasante\/wp-json\/wp\/v2\/product\/990","targetHints":{"allow":["GET"]}}],"collection":[{"href":"https:\/\/publissoft.dev\/spasante\/wp-json\/wp\/v2\/product"}],"about":[{"href":"https:\/\/publissoft.dev\/spasante\/wp-json\/wp\/v2\/types\/product"}],"wp:featuredmedia":[{"embeddable":true,"href":"https:\/\/publissoft.dev\/spasante\/wp-json\/wp\/v2\/media\/1016"}],"wp:attachment":[{"href":"https:\/\/publissoft.dev\/spasante\/wp-json\/wp\/v2\/media?parent=990"}],"wp:term":[{"taxonomy":"product_cat","embeddable":true,"href":"https:\/\/publissoft.dev\/spasante\/wp-json\/wp\/v2\/product_cat?post=990"},{"taxonomy":"product_tag","embeddable":true,"href":"https:\/\/publissoft.dev\/spasante\/wp-json\/wp\/v2\/product_tag?post=990"},{"taxonomy":"giftcard-category","embeddable":true,"href":"https:\/\/publissoft.dev\/spasante\/wp-json\/wp\/v2\/giftcard-category?post=990"}],"curies":[{"name":"wp","href":"https:\/\/api.w.org\/{rel}","templated":true}]}}