{"id":994,"date":"2022-01-27T14:39:17","date_gmt":"2022-01-27T19:39:17","guid":{"rendered":"https:\/\/publissoft.dev\/spasante\/produit\/huile-essentielle-sauge-15-ml\/"},"modified":"2023-05-15T11:17:03","modified_gmt":"2023-05-15T15:17:03","slug":"huile-essentielle-sauge-15-ml","status":"publish","type":"product","link":"https:\/\/publissoft.dev\/spasante\/produit\/huile-essentielle-sauge-15-ml\/","title":{"rendered":"OrthoCure &#8211; Huile Essentielle &#8211; sauge 15 ml"},"content":{"rendered":"<h2 data-mce-fragment=\"1\">Sauge<\/h2>\n<div data-mce-fragment=\"1\">ORTHOCURE<\/div>\n<div data-mce-fragment=\"1\">\n<p data-mce-fragment=\"1\">Salvia officinalis<\/p>\n<p data-mce-fragment=\"1\">Originaire des pourtours de la M\u00e9diterran\u00e9e, la sauge est un sous-arbuste qui fut introduit en Europe de l\u2019est et du Nord au Moyen \u00c2ge, puis en Am\u00e9rique au XVIIe si\u00e8cle.<\/p>\n<p data-mce-fragment=\"1\">On la cultive commercialement en Albanie, dans l\u2019ex-Yougoslavie, en Turquie, en Gr\u00e8ce, en Italie, en France, en Angleterre ainsi qu\u2019en Am\u00e9rique.<\/p>\n<p data-mce-fragment=\"1\">De plus elle affectionne les sites bien ensoleill\u00e9s et les sols bien drain\u00e9s.<\/p>\n<p data-mce-fragment=\"1\">En fait, l\u2019huile essentielle de sauge est obtenue par distillation des sommit\u00e9s fleuries et des feuilles, elle contient des acides ph\u00e9noliques et rosmariniques, des flavono\u00efdes, du salviole, mais aussi des principes oestrog\u00e9niques.<\/p>\n<p data-mce-fragment=\"1\">Finalement cette huile est traditionnellement utilis\u00e9e pour r\u00e9duire les bouff\u00e9es de chaleur de la m\u00e9nopause, pour soulager les infections du syst\u00e8me respiratoire et les inflammations de la muqueuse buccale.\u00a0 Elle est aussi reconnue pour soulager la transpiration excessive.<\/p>\n<\/div>\n","protected":false},"excerpt":{"rendered":"<p>Sauge ORTHOCURE Salvia officinalis Originaire des pourtours de la M\u00e9diterran\u00e9e, la sauge est un sous-arbuste qui fut introduit en Europe de l\u2019est et du Nord au Moyen \u00c2ge, puis en Am\u00e9rique au XVIIe si\u00e8cle. On la cultive commercialement en Albanie, dans l\u2019ex-Yougoslavie, en Turquie, en Gr\u00e8ce, en Italie, en France, en Angleterre ainsi qu\u2019en Am\u00e9rique. &hellip;<\/p>\n","protected":false},"featured_media":1020,"template":"","meta":{"_acf_changed":false,"_genesis_hide_title":false,"_genesis_hide_breadcrumbs":false,"_genesis_hide_singular_image":false,"_genesis_hide_footer_widgets":false,"_genesis_custom_body_class":"","_genesis_custom_post_class":"","_genesis_layout":""},"product_cat":[69,37,46],"product_tag":[],"giftcard-category":[],"class_list":{"0":"post-994","1":"product","2":"type-product","3":"status-publish","4":"has-post-thumbnail","6":"product_cat-orthocure","7":"product_cat-produits","8":"product_cat-tous","9":"entry","11":"first","12":"instock","13":"taxable","14":"shipping-taxable","15":"purchasable","16":"product-type-simple"},"acf":[],"yoast_head":"<!-- This site is optimized with the Yoast SEO plugin v22.5 - https:\/\/yoast.com\/wordpress\/plugins\/seo\/ -->\n<title>OrthoCure - Huile Essentielle - sauge 15 ml - Spa Sant\u00e9 Le N\u00e9nuphar<\/title>\n<meta name=\"robots\" content=\"noindex, follow, max-snippet:-1, max-image-preview:large, max-video-preview:-1\" \/>\n<meta property=\"og:locale\" content=\"fr_CA\" \/>\n<meta property=\"og:type\" content=\"article\" \/>\n<meta property=\"og:title\" content=\"OrthoCure - Huile Essentielle - sauge 15 ml - Spa Sant\u00e9 Le N\u00e9nuphar\" \/>\n<meta property=\"og:description\" content=\"Sauge ORTHOCURE Salvia officinalis Originaire des pourtours de la M\u00e9diterran\u00e9e, la sauge est un sous-arbuste qui fut introduit en Europe de l\u2019est et du Nord au Moyen \u00c2ge, puis en Am\u00e9rique au XVIIe si\u00e8cle. On la cultive commercialement en Albanie, dans l\u2019ex-Yougoslavie, en Turquie, en Gr\u00e8ce, en Italie, en France, en Angleterre ainsi qu\u2019en Am\u00e9rique. &hellip;\" \/>\n<meta property=\"og:url\" content=\"https:\/\/publissoft.dev\/spasante\/produit\/huile-essentielle-sauge-15-ml\/\" \/>\n<meta property=\"og:site_name\" content=\"Spa Sant\u00e9 Le N\u00e9nuphar\" \/>\n<meta property=\"article:publisher\" content=\"https:\/\/www.facebook.com\/SpaSanteLeNenuphar\" \/>\n<meta property=\"article:modified_time\" content=\"2023-05-15T15:17:03+00:00\" \/>\n<meta property=\"og:image\" content=\"https:\/\/publissoft.dev\/spasante\/wp-content\/uploads\/2022\/01\/Huileessentielle-sauge15ml.jpg\" \/>\n\t<meta property=\"og:image:width\" content=\"800\" \/>\n\t<meta property=\"og:image:height\" content=\"800\" \/>\n\t<meta property=\"og:image:type\" content=\"image\/jpeg\" \/>\n<meta name=\"twitter:card\" content=\"summary_large_image\" \/>\n<meta name=\"twitter:label1\" content=\"Estimation du temps de lecture\" \/>\n\t<meta name=\"twitter:data1\" content=\"1 minute\" \/>\n<script type=\"application\/ld+json\" class=\"yoast-schema-graph\">{\"@context\":\"https:\/\/schema.org\",\"@graph\":[{\"@type\":\"WebPage\",\"@id\":\"https:\/\/publissoft.dev\/spasante\/produit\/huile-essentielle-sauge-15-ml\/\",\"url\":\"https:\/\/publissoft.dev\/spasante\/produit\/huile-essentielle-sauge-15-ml\/\",\"name\":\"OrthoCure - Huile Essentielle - sauge 15 ml - Spa Sant\u00e9 Le N\u00e9nuphar\",\"isPartOf\":{\"@id\":\"https:\/\/publissoft.dev\/spasante\/#website\"},\"primaryImageOfPage\":{\"@id\":\"https:\/\/publissoft.dev\/spasante\/produit\/huile-essentielle-sauge-15-ml\/#primaryimage\"},\"image\":{\"@id\":\"https:\/\/publissoft.dev\/spasante\/produit\/huile-essentielle-sauge-15-ml\/#primaryimage\"},\"thumbnailUrl\":\"https:\/\/publissoft.dev\/spasante\/wp-content\/uploads\/2022\/01\/Huileessentielle-sauge15ml.jpg\",\"datePublished\":\"2022-01-27T19:39:17+00:00\",\"dateModified\":\"2023-05-15T15:17:03+00:00\",\"breadcrumb\":{\"@id\":\"https:\/\/publissoft.dev\/spasante\/produit\/huile-essentielle-sauge-15-ml\/#breadcrumb\"},\"inLanguage\":\"fr-CA\",\"potentialAction\":[{\"@type\":\"ReadAction\",\"target\":[\"https:\/\/publissoft.dev\/spasante\/produit\/huile-essentielle-sauge-15-ml\/\"]}]},{\"@type\":\"ImageObject\",\"inLanguage\":\"fr-CA\",\"@id\":\"https:\/\/publissoft.dev\/spasante\/produit\/huile-essentielle-sauge-15-ml\/#primaryimage\",\"url\":\"https:\/\/publissoft.dev\/spasante\/wp-content\/uploads\/2022\/01\/Huileessentielle-sauge15ml.jpg\",\"contentUrl\":\"https:\/\/publissoft.dev\/spasante\/wp-content\/uploads\/2022\/01\/Huileessentielle-sauge15ml.jpg\",\"width\":800,\"height\":800},{\"@type\":\"BreadcrumbList\",\"@id\":\"https:\/\/publissoft.dev\/spasante\/produit\/huile-essentielle-sauge-15-ml\/#breadcrumb\",\"itemListElement\":[{\"@type\":\"ListItem\",\"position\":1,\"name\":\"Accueil\",\"item\":\"https:\/\/publissoft.dev\/spasante\/\"},{\"@type\":\"ListItem\",\"position\":2,\"name\":\"Boutique\",\"item\":\"https:\/\/publissoft.dev\/spasante\/boutique\/\"},{\"@type\":\"ListItem\",\"position\":3,\"name\":\"OrthoCure &#8211; Huile Essentielle &#8211; sauge 15 ml\"}]},{\"@type\":\"WebSite\",\"@id\":\"https:\/\/publissoft.dev\/spasante\/#website\",\"url\":\"https:\/\/publissoft.dev\/spasante\/\",\"name\":\"Spa Sant\u00e9 Le N\u00e9nuphar\",\"description\":\"\",\"publisher\":{\"@id\":\"https:\/\/publissoft.dev\/spasante\/#organization\"},\"potentialAction\":[{\"@type\":\"SearchAction\",\"target\":{\"@type\":\"EntryPoint\",\"urlTemplate\":\"https:\/\/publissoft.dev\/spasante\/?s={search_term_string}\"},\"query-input\":\"required name=search_term_string\"}],\"inLanguage\":\"fr-CA\"},{\"@type\":\"Organization\",\"@id\":\"https:\/\/publissoft.dev\/spasante\/#organization\",\"name\":\"Spa Sant\u00e9 Le N\u00e9nuphar\",\"url\":\"https:\/\/publissoft.dev\/spasante\/\",\"logo\":{\"@type\":\"ImageObject\",\"inLanguage\":\"fr-CA\",\"@id\":\"https:\/\/publissoft.dev\/spasante\/#\/schema\/logo\/image\/\",\"url\":\"https:\/\/publissoft.dev\/spasante\/wp-content\/uploads\/2022\/11\/logo-jpg.jpeg\",\"contentUrl\":\"https:\/\/publissoft.dev\/spasante\/wp-content\/uploads\/2022\/11\/logo-jpg.jpeg\",\"width\":900,\"height\":900,\"caption\":\"Spa Sant\u00e9 Le N\u00e9nuphar\"},\"image\":{\"@id\":\"https:\/\/publissoft.dev\/spasante\/#\/schema\/logo\/image\/\"},\"sameAs\":[\"https:\/\/www.facebook.com\/SpaSanteLeNenuphar\",\"https:\/\/www.instagram.com\/spasantelenenuphar\/?hl=fr\"]}]}<\/script>\n<!-- \/ Yoast SEO plugin. -->","yoast_head_json":{"title":"OrthoCure - Huile Essentielle - sauge 15 ml - Spa Sant\u00e9 Le N\u00e9nuphar","robots":{"index":"noindex","follow":"follow","max-snippet":"max-snippet:-1","max-image-preview":"max-image-preview:large","max-video-preview":"max-video-preview:-1"},"og_locale":"fr_CA","og_type":"article","og_title":"OrthoCure - Huile Essentielle - sauge 15 ml - Spa Sant\u00e9 Le N\u00e9nuphar","og_description":"Sauge ORTHOCURE Salvia officinalis Originaire des pourtours de la M\u00e9diterran\u00e9e, la sauge est un sous-arbuste qui fut introduit en Europe de l\u2019est et du Nord au Moyen \u00c2ge, puis en Am\u00e9rique au XVIIe si\u00e8cle. On la cultive commercialement en Albanie, dans l\u2019ex-Yougoslavie, en Turquie, en Gr\u00e8ce, en Italie, en France, en Angleterre ainsi qu\u2019en Am\u00e9rique. &hellip;","og_url":"https:\/\/publissoft.dev\/spasante\/produit\/huile-essentielle-sauge-15-ml\/","og_site_name":"Spa Sant\u00e9 Le N\u00e9nuphar","article_publisher":"https:\/\/www.facebook.com\/SpaSanteLeNenuphar","article_modified_time":"2023-05-15T15:17:03+00:00","og_image":[{"width":800,"height":800,"url":"https:\/\/publissoft.dev\/spasante\/wp-content\/uploads\/2022\/01\/Huileessentielle-sauge15ml.jpg","type":"image\/jpeg"}],"twitter_card":"summary_large_image","twitter_misc":{"Estimation du temps de lecture":"1 minute"},"schema":{"@context":"https:\/\/schema.org","@graph":[{"@type":"WebPage","@id":"https:\/\/publissoft.dev\/spasante\/produit\/huile-essentielle-sauge-15-ml\/","url":"https:\/\/publissoft.dev\/spasante\/produit\/huile-essentielle-sauge-15-ml\/","name":"OrthoCure - Huile Essentielle - sauge 15 ml - Spa Sant\u00e9 Le N\u00e9nuphar","isPartOf":{"@id":"https:\/\/publissoft.dev\/spasante\/#website"},"primaryImageOfPage":{"@id":"https:\/\/publissoft.dev\/spasante\/produit\/huile-essentielle-sauge-15-ml\/#primaryimage"},"image":{"@id":"https:\/\/publissoft.dev\/spasante\/produit\/huile-essentielle-sauge-15-ml\/#primaryimage"},"thumbnailUrl":"https:\/\/publissoft.dev\/spasante\/wp-content\/uploads\/2022\/01\/Huileessentielle-sauge15ml.jpg","datePublished":"2022-01-27T19:39:17+00:00","dateModified":"2023-05-15T15:17:03+00:00","breadcrumb":{"@id":"https:\/\/publissoft.dev\/spasante\/produit\/huile-essentielle-sauge-15-ml\/#breadcrumb"},"inLanguage":"fr-CA","potentialAction":[{"@type":"ReadAction","target":["https:\/\/publissoft.dev\/spasante\/produit\/huile-essentielle-sauge-15-ml\/"]}]},{"@type":"ImageObject","inLanguage":"fr-CA","@id":"https:\/\/publissoft.dev\/spasante\/produit\/huile-essentielle-sauge-15-ml\/#primaryimage","url":"https:\/\/publissoft.dev\/spasante\/wp-content\/uploads\/2022\/01\/Huileessentielle-sauge15ml.jpg","contentUrl":"https:\/\/publissoft.dev\/spasante\/wp-content\/uploads\/2022\/01\/Huileessentielle-sauge15ml.jpg","width":800,"height":800},{"@type":"BreadcrumbList","@id":"https:\/\/publissoft.dev\/spasante\/produit\/huile-essentielle-sauge-15-ml\/#breadcrumb","itemListElement":[{"@type":"ListItem","position":1,"name":"Accueil","item":"https:\/\/publissoft.dev\/spasante\/"},{"@type":"ListItem","position":2,"name":"Boutique","item":"https:\/\/publissoft.dev\/spasante\/boutique\/"},{"@type":"ListItem","position":3,"name":"OrthoCure &#8211; Huile Essentielle &#8211; sauge 15 ml"}]},{"@type":"WebSite","@id":"https:\/\/publissoft.dev\/spasante\/#website","url":"https:\/\/publissoft.dev\/spasante\/","name":"Spa Sant\u00e9 Le N\u00e9nuphar","description":"","publisher":{"@id":"https:\/\/publissoft.dev\/spasante\/#organization"},"potentialAction":[{"@type":"SearchAction","target":{"@type":"EntryPoint","urlTemplate":"https:\/\/publissoft.dev\/spasante\/?s={search_term_string}"},"query-input":"required name=search_term_string"}],"inLanguage":"fr-CA"},{"@type":"Organization","@id":"https:\/\/publissoft.dev\/spasante\/#organization","name":"Spa Sant\u00e9 Le N\u00e9nuphar","url":"https:\/\/publissoft.dev\/spasante\/","logo":{"@type":"ImageObject","inLanguage":"fr-CA","@id":"https:\/\/publissoft.dev\/spasante\/#\/schema\/logo\/image\/","url":"https:\/\/publissoft.dev\/spasante\/wp-content\/uploads\/2022\/11\/logo-jpg.jpeg","contentUrl":"https:\/\/publissoft.dev\/spasante\/wp-content\/uploads\/2022\/11\/logo-jpg.jpeg","width":900,"height":900,"caption":"Spa Sant\u00e9 Le N\u00e9nuphar"},"image":{"@id":"https:\/\/publissoft.dev\/spasante\/#\/schema\/logo\/image\/"},"sameAs":["https:\/\/www.facebook.com\/SpaSanteLeNenuphar","https:\/\/www.instagram.com\/spasantelenenuphar\/?hl=fr"]}]}},"_links":{"self":[{"href":"https:\/\/publissoft.dev\/spasante\/wp-json\/wp\/v2\/product\/994","targetHints":{"allow":["GET"]}}],"collection":[{"href":"https:\/\/publissoft.dev\/spasante\/wp-json\/wp\/v2\/product"}],"about":[{"href":"https:\/\/publissoft.dev\/spasante\/wp-json\/wp\/v2\/types\/product"}],"wp:featuredmedia":[{"embeddable":true,"href":"https:\/\/publissoft.dev\/spasante\/wp-json\/wp\/v2\/media\/1020"}],"wp:attachment":[{"href":"https:\/\/publissoft.dev\/spasante\/wp-json\/wp\/v2\/media?parent=994"}],"wp:term":[{"taxonomy":"product_cat","embeddable":true,"href":"https:\/\/publissoft.dev\/spasante\/wp-json\/wp\/v2\/product_cat?post=994"},{"taxonomy":"product_tag","embeddable":true,"href":"https:\/\/publissoft.dev\/spasante\/wp-json\/wp\/v2\/product_tag?post=994"},{"taxonomy":"giftcard-category","embeddable":true,"href":"https:\/\/publissoft.dev\/spasante\/wp-json\/wp\/v2\/giftcard-category?post=994"}],"curies":[{"name":"wp","href":"https:\/\/api.w.org\/{rel}","templated":true}]}}