{"id":998,"date":"2022-01-27T14:39:21","date_gmt":"2022-01-27T19:39:21","guid":{"rendered":"https:\/\/publissoft.dev\/spasante\/produit\/huile-essentielle-verveine-des-indes-15ml\/"},"modified":"2023-05-15T11:15:32","modified_gmt":"2023-05-15T15:15:32","slug":"huile-essentielle-verveine-des-indes-15ml-spa-sante-le-nenuphar","status":"publish","type":"product","link":"https:\/\/publissoft.dev\/spasante\/produit\/huile-essentielle-verveine-des-indes-15ml-spa-sante-le-nenuphar\/","title":{"rendered":"OrthoCure &#8211; Huile Essentielle &#8211; verveine des indes 15ml"},"content":{"rendered":"<h2 data-mce-fragment=\"1\">Verveine des Indes<\/h2>\n<div data-mce-fragment=\"1\">ORTHOCURE<\/div>\n<div data-mce-fragment=\"1\">\n<p data-mce-fragment=\"1\">Cymbopogon citratus<\/p>\n<p data-mce-fragment=\"1\">La Verveine des Indes est surtout reconnue pour son agr\u00e9able parfum.\u00a0 La verveine des Indes est aussi connue sous le nom de lemongrass.\u00a0 Une grande herbe vivace qui pousse en Am\u00e9rique centrale et aux Indes.<\/p>\n<p data-mce-fragment=\"1\">Dans la pharmacop\u00e9e indienne, la verveine des Indes \u00e9tait traditionnement employ\u00e9 comme antidote contre les maladies infectieuses de type chol\u00e9ra ainsi que pour calmer les fi\u00e8vres.<\/p>\n<p data-mce-fragment=\"1\">De plus sa richesse en ald\u00e9hydes lui conf\u00e8re des propri\u00e9t\u00e9s anti-inflammatoires.<\/p>\n<p data-mce-fragment=\"1\">En fait cette huile essentielle est obtenue par hydrodistillation des feuilles fra\u00eeches.<\/p>\n<\/div>\n","protected":false},"excerpt":{"rendered":"<p>Verveine des Indes ORTHOCURE Cymbopogon citratus La Verveine des Indes est surtout reconnue pour son agr\u00e9able parfum.\u00a0 La verveine des Indes est aussi connue sous le nom de lemongrass.\u00a0 Une grande herbe vivace qui pousse en Am\u00e9rique centrale et aux Indes. Dans la pharmacop\u00e9e indienne, la verveine des Indes \u00e9tait traditionnement employ\u00e9 comme antidote contre &hellip;<\/p>\n","protected":false},"featured_media":1024,"template":"","meta":{"_acf_changed":false,"_genesis_hide_title":false,"_genesis_hide_breadcrumbs":false,"_genesis_hide_singular_image":false,"_genesis_hide_footer_widgets":false,"_genesis_custom_body_class":"","_genesis_custom_post_class":"","_genesis_layout":""},"product_cat":[69,37,46],"product_tag":[],"giftcard-category":[],"class_list":{"0":"post-998","1":"product","2":"type-product","3":"status-publish","4":"has-post-thumbnail","6":"product_cat-orthocure","7":"product_cat-produits","8":"product_cat-tous","9":"entry","11":"first","12":"instock","13":"taxable","14":"shipping-taxable","15":"purchasable","16":"product-type-simple"},"acf":[],"yoast_head":"<!-- This site is optimized with the Yoast SEO plugin v22.5 - https:\/\/yoast.com\/wordpress\/plugins\/seo\/ -->\n<title>OrthoCure - Huile Essentielle - verveine des indes 15ml - Spa Sant\u00e9 Le N\u00e9nuphar<\/title>\n<meta name=\"description\" content=\"Huile essentielle - verveine des indes 15ml - Cette huile essentielle est obtenue par hydrodistillation de feuilles fra\u00eeches. Int\u00e9ress\u00e9 ? Cliquez ici !\" \/>\n<meta name=\"robots\" content=\"noindex, follow, max-snippet:-1, max-image-preview:large, max-video-preview:-1\" \/>\n<meta property=\"og:locale\" content=\"fr_CA\" \/>\n<meta property=\"og:type\" content=\"article\" \/>\n<meta property=\"og:title\" content=\"OrthoCure - Huile Essentielle - verveine des indes 15ml - Spa Sant\u00e9 Le N\u00e9nuphar\" \/>\n<meta property=\"og:description\" content=\"Huile essentielle - verveine des indes 15ml - Cette huile essentielle est obtenue par hydrodistillation de feuilles fra\u00eeches. Int\u00e9ress\u00e9 ? Cliquez ici !\" \/>\n<meta property=\"og:url\" content=\"https:\/\/publissoft.dev\/spasante\/produit\/huile-essentielle-verveine-des-indes-15ml-spa-sante-le-nenuphar\/\" \/>\n<meta property=\"og:site_name\" content=\"Spa Sant\u00e9 Le N\u00e9nuphar\" \/>\n<meta property=\"article:publisher\" content=\"https:\/\/www.facebook.com\/SpaSanteLeNenuphar\" \/>\n<meta property=\"article:modified_time\" content=\"2023-05-15T15:15:32+00:00\" \/>\n<meta property=\"og:image\" content=\"https:\/\/publissoft.dev\/spasante\/wp-content\/uploads\/2022\/01\/Huileessentielle-verveinedesindes15ml.jpg\" \/>\n\t<meta property=\"og:image:width\" content=\"800\" \/>\n\t<meta property=\"og:image:height\" content=\"800\" \/>\n\t<meta property=\"og:image:type\" content=\"image\/jpeg\" \/>\n<meta name=\"twitter:card\" content=\"summary_large_image\" \/>\n<meta name=\"twitter:label1\" content=\"Estimation du temps de lecture\" \/>\n\t<meta name=\"twitter:data1\" content=\"1 minute\" \/>\n<script type=\"application\/ld+json\" class=\"yoast-schema-graph\">{\"@context\":\"https:\/\/schema.org\",\"@graph\":[{\"@type\":\"WebPage\",\"@id\":\"https:\/\/publissoft.dev\/spasante\/produit\/huile-essentielle-verveine-des-indes-15ml-spa-sante-le-nenuphar\/\",\"url\":\"https:\/\/publissoft.dev\/spasante\/produit\/huile-essentielle-verveine-des-indes-15ml-spa-sante-le-nenuphar\/\",\"name\":\"OrthoCure - Huile Essentielle - verveine des indes 15ml - Spa Sant\u00e9 Le N\u00e9nuphar\",\"isPartOf\":{\"@id\":\"https:\/\/publissoft.dev\/spasante\/#website\"},\"primaryImageOfPage\":{\"@id\":\"https:\/\/publissoft.dev\/spasante\/produit\/huile-essentielle-verveine-des-indes-15ml-spa-sante-le-nenuphar\/#primaryimage\"},\"image\":{\"@id\":\"https:\/\/publissoft.dev\/spasante\/produit\/huile-essentielle-verveine-des-indes-15ml-spa-sante-le-nenuphar\/#primaryimage\"},\"thumbnailUrl\":\"https:\/\/publissoft.dev\/spasante\/wp-content\/uploads\/2022\/01\/Huileessentielle-verveinedesindes15ml.jpg\",\"datePublished\":\"2022-01-27T19:39:21+00:00\",\"dateModified\":\"2023-05-15T15:15:32+00:00\",\"description\":\"Huile essentielle - verveine des indes 15ml - Cette huile essentielle est obtenue par hydrodistillation de feuilles fra\u00eeches. Int\u00e9ress\u00e9 ? Cliquez ici !\",\"breadcrumb\":{\"@id\":\"https:\/\/publissoft.dev\/spasante\/produit\/huile-essentielle-verveine-des-indes-15ml-spa-sante-le-nenuphar\/#breadcrumb\"},\"inLanguage\":\"fr-CA\",\"potentialAction\":[{\"@type\":\"ReadAction\",\"target\":[\"https:\/\/publissoft.dev\/spasante\/produit\/huile-essentielle-verveine-des-indes-15ml-spa-sante-le-nenuphar\/\"]}]},{\"@type\":\"ImageObject\",\"inLanguage\":\"fr-CA\",\"@id\":\"https:\/\/publissoft.dev\/spasante\/produit\/huile-essentielle-verveine-des-indes-15ml-spa-sante-le-nenuphar\/#primaryimage\",\"url\":\"https:\/\/publissoft.dev\/spasante\/wp-content\/uploads\/2022\/01\/Huileessentielle-verveinedesindes15ml.jpg\",\"contentUrl\":\"https:\/\/publissoft.dev\/spasante\/wp-content\/uploads\/2022\/01\/Huileessentielle-verveinedesindes15ml.jpg\",\"width\":800,\"height\":800},{\"@type\":\"BreadcrumbList\",\"@id\":\"https:\/\/publissoft.dev\/spasante\/produit\/huile-essentielle-verveine-des-indes-15ml-spa-sante-le-nenuphar\/#breadcrumb\",\"itemListElement\":[{\"@type\":\"ListItem\",\"position\":1,\"name\":\"Accueil\",\"item\":\"https:\/\/publissoft.dev\/spasante\/\"},{\"@type\":\"ListItem\",\"position\":2,\"name\":\"Boutique\",\"item\":\"https:\/\/publissoft.dev\/spasante\/boutique\/\"},{\"@type\":\"ListItem\",\"position\":3,\"name\":\"OrthoCure &#8211; Huile Essentielle &#8211; verveine des indes 15ml\"}]},{\"@type\":\"WebSite\",\"@id\":\"https:\/\/publissoft.dev\/spasante\/#website\",\"url\":\"https:\/\/publissoft.dev\/spasante\/\",\"name\":\"Spa Sant\u00e9 Le N\u00e9nuphar\",\"description\":\"\",\"publisher\":{\"@id\":\"https:\/\/publissoft.dev\/spasante\/#organization\"},\"potentialAction\":[{\"@type\":\"SearchAction\",\"target\":{\"@type\":\"EntryPoint\",\"urlTemplate\":\"https:\/\/publissoft.dev\/spasante\/?s={search_term_string}\"},\"query-input\":\"required name=search_term_string\"}],\"inLanguage\":\"fr-CA\"},{\"@type\":\"Organization\",\"@id\":\"https:\/\/publissoft.dev\/spasante\/#organization\",\"name\":\"Spa Sant\u00e9 Le N\u00e9nuphar\",\"url\":\"https:\/\/publissoft.dev\/spasante\/\",\"logo\":{\"@type\":\"ImageObject\",\"inLanguage\":\"fr-CA\",\"@id\":\"https:\/\/publissoft.dev\/spasante\/#\/schema\/logo\/image\/\",\"url\":\"https:\/\/publissoft.dev\/spasante\/wp-content\/uploads\/2022\/11\/logo-jpg.jpeg\",\"contentUrl\":\"https:\/\/publissoft.dev\/spasante\/wp-content\/uploads\/2022\/11\/logo-jpg.jpeg\",\"width\":900,\"height\":900,\"caption\":\"Spa Sant\u00e9 Le N\u00e9nuphar\"},\"image\":{\"@id\":\"https:\/\/publissoft.dev\/spasante\/#\/schema\/logo\/image\/\"},\"sameAs\":[\"https:\/\/www.facebook.com\/SpaSanteLeNenuphar\",\"https:\/\/www.instagram.com\/spasantelenenuphar\/?hl=fr\"]}]}<\/script>\n<!-- \/ Yoast SEO plugin. -->","yoast_head_json":{"title":"OrthoCure - Huile Essentielle - verveine des indes 15ml - Spa Sant\u00e9 Le N\u00e9nuphar","description":"Huile essentielle - verveine des indes 15ml - Cette huile essentielle est obtenue par hydrodistillation de feuilles fra\u00eeches. Int\u00e9ress\u00e9 ? Cliquez ici !","robots":{"index":"noindex","follow":"follow","max-snippet":"max-snippet:-1","max-image-preview":"max-image-preview:large","max-video-preview":"max-video-preview:-1"},"og_locale":"fr_CA","og_type":"article","og_title":"OrthoCure - Huile Essentielle - verveine des indes 15ml - Spa Sant\u00e9 Le N\u00e9nuphar","og_description":"Huile essentielle - verveine des indes 15ml - Cette huile essentielle est obtenue par hydrodistillation de feuilles fra\u00eeches. Int\u00e9ress\u00e9 ? Cliquez ici !","og_url":"https:\/\/publissoft.dev\/spasante\/produit\/huile-essentielle-verveine-des-indes-15ml-spa-sante-le-nenuphar\/","og_site_name":"Spa Sant\u00e9 Le N\u00e9nuphar","article_publisher":"https:\/\/www.facebook.com\/SpaSanteLeNenuphar","article_modified_time":"2023-05-15T15:15:32+00:00","og_image":[{"width":800,"height":800,"url":"https:\/\/publissoft.dev\/spasante\/wp-content\/uploads\/2022\/01\/Huileessentielle-verveinedesindes15ml.jpg","type":"image\/jpeg"}],"twitter_card":"summary_large_image","twitter_misc":{"Estimation du temps de lecture":"1 minute"},"schema":{"@context":"https:\/\/schema.org","@graph":[{"@type":"WebPage","@id":"https:\/\/publissoft.dev\/spasante\/produit\/huile-essentielle-verveine-des-indes-15ml-spa-sante-le-nenuphar\/","url":"https:\/\/publissoft.dev\/spasante\/produit\/huile-essentielle-verveine-des-indes-15ml-spa-sante-le-nenuphar\/","name":"OrthoCure - Huile Essentielle - verveine des indes 15ml - Spa Sant\u00e9 Le N\u00e9nuphar","isPartOf":{"@id":"https:\/\/publissoft.dev\/spasante\/#website"},"primaryImageOfPage":{"@id":"https:\/\/publissoft.dev\/spasante\/produit\/huile-essentielle-verveine-des-indes-15ml-spa-sante-le-nenuphar\/#primaryimage"},"image":{"@id":"https:\/\/publissoft.dev\/spasante\/produit\/huile-essentielle-verveine-des-indes-15ml-spa-sante-le-nenuphar\/#primaryimage"},"thumbnailUrl":"https:\/\/publissoft.dev\/spasante\/wp-content\/uploads\/2022\/01\/Huileessentielle-verveinedesindes15ml.jpg","datePublished":"2022-01-27T19:39:21+00:00","dateModified":"2023-05-15T15:15:32+00:00","description":"Huile essentielle - verveine des indes 15ml - Cette huile essentielle est obtenue par hydrodistillation de feuilles fra\u00eeches. Int\u00e9ress\u00e9 ? Cliquez ici !","breadcrumb":{"@id":"https:\/\/publissoft.dev\/spasante\/produit\/huile-essentielle-verveine-des-indes-15ml-spa-sante-le-nenuphar\/#breadcrumb"},"inLanguage":"fr-CA","potentialAction":[{"@type":"ReadAction","target":["https:\/\/publissoft.dev\/spasante\/produit\/huile-essentielle-verveine-des-indes-15ml-spa-sante-le-nenuphar\/"]}]},{"@type":"ImageObject","inLanguage":"fr-CA","@id":"https:\/\/publissoft.dev\/spasante\/produit\/huile-essentielle-verveine-des-indes-15ml-spa-sante-le-nenuphar\/#primaryimage","url":"https:\/\/publissoft.dev\/spasante\/wp-content\/uploads\/2022\/01\/Huileessentielle-verveinedesindes15ml.jpg","contentUrl":"https:\/\/publissoft.dev\/spasante\/wp-content\/uploads\/2022\/01\/Huileessentielle-verveinedesindes15ml.jpg","width":800,"height":800},{"@type":"BreadcrumbList","@id":"https:\/\/publissoft.dev\/spasante\/produit\/huile-essentielle-verveine-des-indes-15ml-spa-sante-le-nenuphar\/#breadcrumb","itemListElement":[{"@type":"ListItem","position":1,"name":"Accueil","item":"https:\/\/publissoft.dev\/spasante\/"},{"@type":"ListItem","position":2,"name":"Boutique","item":"https:\/\/publissoft.dev\/spasante\/boutique\/"},{"@type":"ListItem","position":3,"name":"OrthoCure &#8211; Huile Essentielle &#8211; verveine des indes 15ml"}]},{"@type":"WebSite","@id":"https:\/\/publissoft.dev\/spasante\/#website","url":"https:\/\/publissoft.dev\/spasante\/","name":"Spa Sant\u00e9 Le N\u00e9nuphar","description":"","publisher":{"@id":"https:\/\/publissoft.dev\/spasante\/#organization"},"potentialAction":[{"@type":"SearchAction","target":{"@type":"EntryPoint","urlTemplate":"https:\/\/publissoft.dev\/spasante\/?s={search_term_string}"},"query-input":"required name=search_term_string"}],"inLanguage":"fr-CA"},{"@type":"Organization","@id":"https:\/\/publissoft.dev\/spasante\/#organization","name":"Spa Sant\u00e9 Le N\u00e9nuphar","url":"https:\/\/publissoft.dev\/spasante\/","logo":{"@type":"ImageObject","inLanguage":"fr-CA","@id":"https:\/\/publissoft.dev\/spasante\/#\/schema\/logo\/image\/","url":"https:\/\/publissoft.dev\/spasante\/wp-content\/uploads\/2022\/11\/logo-jpg.jpeg","contentUrl":"https:\/\/publissoft.dev\/spasante\/wp-content\/uploads\/2022\/11\/logo-jpg.jpeg","width":900,"height":900,"caption":"Spa Sant\u00e9 Le N\u00e9nuphar"},"image":{"@id":"https:\/\/publissoft.dev\/spasante\/#\/schema\/logo\/image\/"},"sameAs":["https:\/\/www.facebook.com\/SpaSanteLeNenuphar","https:\/\/www.instagram.com\/spasantelenenuphar\/?hl=fr"]}]}},"_links":{"self":[{"href":"https:\/\/publissoft.dev\/spasante\/wp-json\/wp\/v2\/product\/998","targetHints":{"allow":["GET"]}}],"collection":[{"href":"https:\/\/publissoft.dev\/spasante\/wp-json\/wp\/v2\/product"}],"about":[{"href":"https:\/\/publissoft.dev\/spasante\/wp-json\/wp\/v2\/types\/product"}],"wp:featuredmedia":[{"embeddable":true,"href":"https:\/\/publissoft.dev\/spasante\/wp-json\/wp\/v2\/media\/1024"}],"wp:attachment":[{"href":"https:\/\/publissoft.dev\/spasante\/wp-json\/wp\/v2\/media?parent=998"}],"wp:term":[{"taxonomy":"product_cat","embeddable":true,"href":"https:\/\/publissoft.dev\/spasante\/wp-json\/wp\/v2\/product_cat?post=998"},{"taxonomy":"product_tag","embeddable":true,"href":"https:\/\/publissoft.dev\/spasante\/wp-json\/wp\/v2\/product_tag?post=998"},{"taxonomy":"giftcard-category","embeddable":true,"href":"https:\/\/publissoft.dev\/spasante\/wp-json\/wp\/v2\/giftcard-category?post=998"}],"curies":[{"name":"wp","href":"https:\/\/api.w.org\/{rel}","templated":true}]}}